{"id":19024,"date":"2021-12-03T11:17:16","date_gmt":"2021-12-03T09:17:16","guid":{"rendered":"https:\/\/www.prieure-ronsard.fr\/validation-reservation-locations\/"},"modified":"2021-12-03T11:17:16","modified_gmt":"2021-12-03T09:17:16","slug":"validation-reservation-locations","status":"publish","type":"page","link":"https:\/\/www.prieure-ronsard.fr\/en\/visiting\/useful-information\/venue-hire\/validation-reservation-locations\/","title":{"rendered":"Validation r\u00e9servation locations"},"content":{"rendered":"<div id=\"pl-18818\"  class=\"panel-layout\" >\n<div id=\"pg-18818-0\"  class=\"panel-grid panel-no-style\"  data-style=\"{&quot;background_image_attachment&quot;:false,&quot;background_display&quot;:&quot;tile&quot;,&quot;cell_alignment&quot;:&quot;flex-start&quot;}\"  data-ratio=\"1\"  data-ratio-direction=\"right\" >\n<div id=\"pgc-18818-0-0\"  class=\"panel-grid-cell\"  data-weight=\"1\" >\n<div id=\"panel-18818-0-0-0\" class=\"so-panel widget widget_sow-editor panel-first-child panel-last-child\" data-index=\"0\" data-style=\"{&quot;background_image_attachment&quot;:false,&quot;background_display&quot;:&quot;tile&quot;}\" >\n<div class=\"so-widget-sow-editor so-widget-sow-editor-base\">\n<div class=\"siteorigin-widget-tinymce textwidget\">\n<p>Bonjour,<\/p>\n<p>Nous vous remercions pour votre demande de r\u00e9servation et vous confirmons que celle-ci a bien \u00e9t\u00e9 transmis aux \u00e9quipes concern\u00e9es.<\/p>\n<p>Nous vous apporterons une r\u00e9ponse d\u00e8s que possible.<\/p>\n<p>L&#8217;\u00e9quipe du Prieur\u00e9 Saint Cosme<\/p>\n<\/div>\n<\/div>\n<\/div>\n<\/div>\n<\/div>\n<\/div>\n","protected":false},"excerpt":{"rendered":"<p>Bonjour, Nous vous remercions pour votre demande de r\u00e9servation et vous confirmons que celle-ci a bien \u00e9t\u00e9 transmis aux \u00e9quipes concern\u00e9es. Nous vous apporterons une r\u00e9ponse d\u00e8s que possible. [&hellip;]<\/p>\n","protected":false},"author":4,"featured_media":0,"parent":19029,"menu_order":86,"comment_status":"closed","ping_status":"closed","template":"","meta":{"inline_featured_image":false,"footnotes":"","beyondwords_generate_audio":"","beyondwords_project_id":"","beyondwords_content_id":"","beyondwords_preview_token":"","beyondwords_player_style":"","beyondwords_language_id":"","beyondwords_title_voice_id":"","beyondwords_body_voice_id":"","beyondwords_summary_voice_id":"","beyondwords_error_message":"","beyondwords_disabled":"","beyondwords_delete_content":"","beyondwords_podcast_id":"","beyondwords_hash":"","publish_post_to_speechkit":"0","speechkit_hash":"","speechkit_generate_audio":"","speechkit_project_id":"","speechkit_podcast_id":"","speechkit_error_message":"","speechkit_disabled":"","speechkit_access_key":"","speechkit_error":"","speechkit_info":"","speechkit_response":"","speechkit_retries":"","speechkit_status":"","speechkit_updated_at":"","_speechkit_link":"","_speechkit_text":"3e6b5793ce580b117764e00e0dcf6bd1"},"class_list":["post-19024","page","type-page","status-publish","hentry"],"yoast_head":"<!-- This site is optimized with the Yoast SEO plugin v27.5 - https:\/\/yoast.com\/product\/yoast-seo-wordpress\/ -->\n<title>Validation r\u00e9servation locations - Prieur\u00e9 saint Cosme - Demeure de Ronsard<\/title>\n<meta name=\"robots\" content=\"index, follow, max-snippet:-1, max-image-preview:large, max-video-preview:-1\" \/>\n<link rel=\"canonical\" href=\"https:\/\/www.prieure-ronsard.fr\/en\/visiting\/useful-information\/venue-hire\/validation-reservation-locations\/\" \/>\n<meta name=\"twitter:label1\" content=\"Est. reading time\" \/>\n\t<meta name=\"twitter:data1\" content=\"1 minute\" \/>\n<script type=\"application\/ld+json\" class=\"yoast-schema-graph\">{\"@context\":\"https:\\\/\\\/schema.org\",\"@graph\":[{\"@type\":\"WebPage\",\"@id\":\"https:\\\/\\\/www.prieure-ronsard.fr\\\/en\\\/visiting\\\/useful-information\\\/venue-hire\\\/validation-reservation-locations\\\/\",\"url\":\"https:\\\/\\\/www.prieure-ronsard.fr\\\/en\\\/visiting\\\/useful-information\\\/venue-hire\\\/validation-reservation-locations\\\/\",\"name\":\"Validation r\u00e9servation locations - Prieur\u00e9 saint Cosme - Demeure de Ronsard\",\"isPartOf\":{\"@id\":\"https:\\\/\\\/www.prieure-ronsard.fr\\\/#website\"},\"datePublished\":\"2021-12-03T09:17:16+00:00\",\"breadcrumb\":{\"@id\":\"https:\\\/\\\/www.prieure-ronsard.fr\\\/en\\\/visiting\\\/useful-information\\\/venue-hire\\\/validation-reservation-locations\\\/#breadcrumb\"},\"inLanguage\":\"en-US\",\"potentialAction\":[{\"@type\":\"ReadAction\",\"target\":[\"https:\\\/\\\/www.prieure-ronsard.fr\\\/en\\\/visiting\\\/useful-information\\\/venue-hire\\\/validation-reservation-locations\\\/\"]}]},{\"@type\":\"BreadcrumbList\",\"@id\":\"https:\\\/\\\/www.prieure-ronsard.fr\\\/en\\\/visiting\\\/useful-information\\\/venue-hire\\\/validation-reservation-locations\\\/#breadcrumb\",\"itemListElement\":[{\"@type\":\"ListItem\",\"position\":1,\"name\":\"Accueil\",\"item\":\"https:\\\/\\\/www.prieure-ronsard.fr\\\/en\\\/\"},{\"@type\":\"ListItem\",\"position\":2,\"name\":\"Visiting the priory\",\"item\":\"https:\\\/\\\/www.prieure-ronsard.fr\\\/en\\\/visiting\\\/\"},{\"@type\":\"ListItem\",\"position\":3,\"name\":\"Useful Information\",\"item\":\"https:\\\/\\\/www.prieure-ronsard.fr\\\/en\\\/visiting\\\/useful-information\\\/\"},{\"@type\":\"ListItem\",\"position\":4,\"name\":\"Venue hire\",\"item\":\"https:\\\/\\\/www.prieure-ronsard.fr\\\/en\\\/visiting\\\/useful-information\\\/venue-hire\\\/\"},{\"@type\":\"ListItem\",\"position\":5,\"name\":\"Validation r\u00e9servation locations\"}]},{\"@type\":\"WebSite\",\"@id\":\"https:\\\/\\\/www.prieure-ronsard.fr\\\/#website\",\"url\":\"https:\\\/\\\/www.prieure-ronsard.fr\\\/\",\"name\":\"Prieur\u00e9 saint Cosme - Demeure de Ronsard\",\"description\":\"La po\u00e9sie, un art \u00e0 vivre\",\"potentialAction\":[{\"@type\":\"SearchAction\",\"target\":{\"@type\":\"EntryPoint\",\"urlTemplate\":\"https:\\\/\\\/www.prieure-ronsard.fr\\\/?s={search_term_string}\"},\"query-input\":{\"@type\":\"PropertyValueSpecification\",\"valueRequired\":true,\"valueName\":\"search_term_string\"}}],\"inLanguage\":\"en-US\"}]}<\/script>\n<!-- \/ Yoast SEO plugin. -->","yoast_head_json":{"title":"Validation r\u00e9servation locations - Prieur\u00e9 saint Cosme - Demeure de Ronsard","robots":{"index":"index","follow":"follow","max-snippet":"max-snippet:-1","max-image-preview":"max-image-preview:large","max-video-preview":"max-video-preview:-1"},"canonical":"https:\/\/www.prieure-ronsard.fr\/en\/visiting\/useful-information\/venue-hire\/validation-reservation-locations\/","twitter_misc":{"Est. reading time":"1 minute"},"schema":{"@context":"https:\/\/schema.org","@graph":[{"@type":"WebPage","@id":"https:\/\/www.prieure-ronsard.fr\/en\/visiting\/useful-information\/venue-hire\/validation-reservation-locations\/","url":"https:\/\/www.prieure-ronsard.fr\/en\/visiting\/useful-information\/venue-hire\/validation-reservation-locations\/","name":"Validation r\u00e9servation locations - Prieur\u00e9 saint Cosme - Demeure de Ronsard","isPartOf":{"@id":"https:\/\/www.prieure-ronsard.fr\/#website"},"datePublished":"2021-12-03T09:17:16+00:00","breadcrumb":{"@id":"https:\/\/www.prieure-ronsard.fr\/en\/visiting\/useful-information\/venue-hire\/validation-reservation-locations\/#breadcrumb"},"inLanguage":"en-US","potentialAction":[{"@type":"ReadAction","target":["https:\/\/www.prieure-ronsard.fr\/en\/visiting\/useful-information\/venue-hire\/validation-reservation-locations\/"]}]},{"@type":"BreadcrumbList","@id":"https:\/\/www.prieure-ronsard.fr\/en\/visiting\/useful-information\/venue-hire\/validation-reservation-locations\/#breadcrumb","itemListElement":[{"@type":"ListItem","position":1,"name":"Accueil","item":"https:\/\/www.prieure-ronsard.fr\/en\/"},{"@type":"ListItem","position":2,"name":"Visiting the priory","item":"https:\/\/www.prieure-ronsard.fr\/en\/visiting\/"},{"@type":"ListItem","position":3,"name":"Useful Information","item":"https:\/\/www.prieure-ronsard.fr\/en\/visiting\/useful-information\/"},{"@type":"ListItem","position":4,"name":"Venue hire","item":"https:\/\/www.prieure-ronsard.fr\/en\/visiting\/useful-information\/venue-hire\/"},{"@type":"ListItem","position":5,"name":"Validation r\u00e9servation locations"}]},{"@type":"WebSite","@id":"https:\/\/www.prieure-ronsard.fr\/#website","url":"https:\/\/www.prieure-ronsard.fr\/","name":"Prieur\u00e9 saint Cosme - Demeure de Ronsard","description":"La po\u00e9sie, un art \u00e0 vivre","potentialAction":[{"@type":"SearchAction","target":{"@type":"EntryPoint","urlTemplate":"https:\/\/www.prieure-ronsard.fr\/?s={search_term_string}"},"query-input":{"@type":"PropertyValueSpecification","valueRequired":true,"valueName":"search_term_string"}}],"inLanguage":"en-US"}]}},"_links":{"self":[{"href":"https:\/\/www.prieure-ronsard.fr\/en\/wp-json\/wp\/v2\/pages\/19024","targetHints":{"allow":["GET"]}}],"collection":[{"href":"https:\/\/www.prieure-ronsard.fr\/en\/wp-json\/wp\/v2\/pages"}],"about":[{"href":"https:\/\/www.prieure-ronsard.fr\/en\/wp-json\/wp\/v2\/types\/page"}],"author":[{"embeddable":true,"href":"https:\/\/www.prieure-ronsard.fr\/en\/wp-json\/wp\/v2\/users\/4"}],"replies":[{"embeddable":true,"href":"https:\/\/www.prieure-ronsard.fr\/en\/wp-json\/wp\/v2\/comments?post=19024"}],"version-history":[{"count":0,"href":"https:\/\/www.prieure-ronsard.fr\/en\/wp-json\/wp\/v2\/pages\/19024\/revisions"}],"up":[{"embeddable":true,"href":"https:\/\/www.prieure-ronsard.fr\/en\/wp-json\/wp\/v2\/pages\/19029"}],"wp:attachment":[{"href":"https:\/\/www.prieure-ronsard.fr\/en\/wp-json\/wp\/v2\/media?parent=19024"}],"curies":[{"name":"wp","href":"https:\/\/api.w.org\/{rel}","templated":true}]}}