{"id":19028,"date":"2021-10-28T09:47:56","date_gmt":"2021-10-28T08:47:56","guid":{"rendered":"https:\/\/www.prieure-ronsard.fr\/?page_id=19028"},"modified":"2021-12-23T12:35:42","modified_gmt":"2021-12-23T11:35:42","slug":"newsletter","status":"publish","type":"page","link":"https:\/\/www.prieure-ronsard.fr\/en\/newsletter\/","title":{"rendered":"Newsletter"},"content":{"rendered":"<div id=\"pl-19028\"  class=\"panel-layout\" ><div id=\"pg-19028-0\"  class=\"panel-grid panel-no-style\" ><div id=\"pgc-19028-0-0\"  class=\"panel-grid-cell\" ><div id=\"panel-19028-0-0-0\" class=\"so-panel widget widget_sow-editor panel-first-child panel-last-child\" data-index=\"0\" ><div\n\t\t\t\n\t\t\tclass=\"so-widget-sow-editor so-widget-sow-editor-base\"\n\t\t\t\n\t\t>\n<div class=\"siteorigin-widget-tinymce textwidget\">\n\t                    <script type=\"text\/javascript\">\n                        var onloadSibCallback = function () {\n                            jQuery('.g-recaptcha').each(function (index, el) {\n                                grecaptcha.render(el, {\n                                    'sitekey': jQuery(el).attr('data-sitekey')\n                                });\n                            });\n                        };\n                    <\/script>\n\t\t\t\t\t                <script src=\"https:\/\/www.google.com\/recaptcha\/api.js?onload=onloadSibCallback&render=explicit\" async defer><\/script>\n\t\t\t\t\n\t\t\t<form id=\"sib_signup_form_1\" method=\"post\" class=\"sib_signup_form\">\n\t\t\t\t<div class=\"sib_loader\" style=\"display:none;\"><img\n\t\t\t\t\t\t\tsrc=\"https:\/\/www.prieure-ronsard.fr\/wordpress\/wp-includes\/images\/spinner.gif\" alt=\"loader\"><\/div>\n\t\t\t\t<input type=\"hidden\" name=\"sib_form_action\" value=\"subscribe_form_submit\">\n\t\t\t\t<input type=\"hidden\" name=\"sib_form_id\" value=\"1\">\n                <input type=\"hidden\" name=\"sib_form_alert_notice\" value=\"Remplissez ce champ s\u2019il vous pla\u00eet\">\n                <input type=\"hidden\" name=\"sib_form_invalid_email_notice\" value=\"Cette adresse email n&#039;est pas valide\">\n                <input type=\"hidden\" name=\"sib_security\" value=\"e732f2b64b\">\n\t\t\t\t<div class=\"sib_signup_box_inside_1\">\n\t\t\t\t\t<div style=\"\/*display:none*\/\" class=\"sib_msg_disp\">\n\t\t\t\t\t<\/div>\n                    \t\t\t\t\t<p class=\"sib-NOM-area\"> \r\n    <label class=\"sib-NOM-area\">Nom*<\/label> \r\n    <input type=\"text\" class=\"sib-Nom-area\" name=\"Nom\" required=\"required\"> \r\n<\/p>\r\n<p class=\"sib-Pr\u00e9nom-area\"> \r\n    <label class=\"sib-PRENOM-area\">Pr\u00e9nom*<\/label> \r\n    <input type=\"text\" class=\"sib-Pr\u00e9nom-area\" name=\"Pr\u00e9nom\" required=\"required\"> \r\n<\/p>\r\n<p class=\"sib-Code-area\"> \r\n    <label class=\"sib-CODE-area\">Code postal*<\/label> \r\n    <input type=\"text\" class=\"sib-code-area\" name=\"Pr\u00e9nom\" required=\"required\"> \r\n<\/p>\r\n<p class=\"sib-email-area\">\r\n    <label class=\"sib-email-area\">Adresse Email*<\/label>\r\n    <input type=\"email\" class=\"sib-email-area\" name=\"email\" required=\"required\">\r\n<\/p>\r\n\r\n\r\n<div id=\"sib_captcha\" class=\"g-recaptcha\" data-sitekey=\"6LeL7qcdAAAAAGS6JtBiWKlA86-ewayhkfg2CUMj\"><\/div>\r\n    <input type=\"submit\" class=\"sib-default-btn\" value=\"S'ABONNER\">\r\n<\/p>\t\t\t\t<\/div>\n\t\t\t<\/form>\n\t\t\t<style>\n\t\t\t\tform#sib_signup_form_1 { font-family: &quot;josefinsans&quot;,sans-serif; font-weight:600; padding: 5px; -moz-box-sizing:border-box; -webkit-box-sizing: border-box; box-sizing: border-box; } form#sib_signup_form_1 input[type=text],form#sib_signup_form_1 input[type=email], form#sib_signup_form_1 select { width: 100%; border: 1px solid #bbb; height: auto; margin: 5px 0 0 0; } form#sib_signup_form_1 .sib-default-btn { horizontal-align: center; margin: 5px 0; padding: 10px 12px; color:#fff; background-color: #EC5C4E; border-color: #EC5C4E; font-size: 16px; font-weight:600; line-height: 1.4285; text-align: center; cursor: pointer; vertical-align: middle; -webkit-user-select:none; -moz-user-select:none; -ms-user-select:none; user-select:none; white-space: normal; border:1px solid transparent; } form#sib_signup_form_1 .sib-default-btn:hover { background-color: #444; } form#sib_signup_form_1 p{ margin: 10px 0 0 0; }form#sib_signup_form_1 p.sib-alert-message {\n    padding: 6px 12px;\n    margin-bottom: 20px;\n    border: 1px solid transparent;\n    border-radius: 4px;\n    -webkit-box-sizing: border-box;\n    -moz-box-sizing: border-box;\n    box-sizing: border-box;\n}\nform#sib_signup_form_1 p.sib-alert-message-error {\n    background-color: #f2dede;\n    border-color: #ebccd1;\n    color: #a94442;\n}\nform#sib_signup_form_1 p.sib-alert-message-success {\n    background-color: #dff0d8;\n    border-color: #d6e9c6;\n    color: #3c763d;\n}\nform#sib_signup_form_1 p.sib-alert-message-warning {\n    background-color: #fcf8e3;\n    border-color: #faebcc;\n    color: #8a6d3b;\n}\n\t\t\t<\/style>\n\t\t\t\n<\/div>\n<\/div><\/div><\/div><\/div><\/div>","protected":false},"excerpt":{"rendered":"<p>Nom* Pr\u00e9nom* Code postal* Adresse Email*<\/p>\n","protected":false},"author":10,"featured_media":0,"parent":0,"menu_order":12,"comment_status":"closed","ping_status":"closed","template":"","meta":{"inline_featured_image":false,"footnotes":"","beyondwords_generate_audio":"","beyondwords_project_id":"","beyondwords_content_id":"","beyondwords_preview_token":"","beyondwords_player_style":"","beyondwords_language_id":"","beyondwords_title_voice_id":"","beyondwords_body_voice_id":"","beyondwords_summary_voice_id":"","beyondwords_error_message":"","beyondwords_disabled":"","beyondwords_delete_content":"","beyondwords_podcast_id":"","beyondwords_hash":"","publish_post_to_speechkit":"0","speechkit_hash":"","speechkit_generate_audio":"0","speechkit_project_id":"","speechkit_podcast_id":"","speechkit_error_message":"","speechkit_disabled":"","speechkit_access_key":"","speechkit_error":"","speechkit_info":"","speechkit_response":"","speechkit_retries":"","speechkit_status":"","speechkit_updated_at":"","_speechkit_link":"","_speechkit_text":"eb212784622e3033afaaca5905ef5232"},"class_list":["post-19028","page","type-page","status-publish","hentry"],"yoast_head":"<!-- This site is optimized with the Yoast SEO plugin v27.5 - https:\/\/yoast.com\/product\/yoast-seo-wordpress\/ -->\n<title>Newsletter - Priory Saint Cosme, Ronsard&#039;s house<\/title>\n<meta name=\"robots\" content=\"index, follow, max-snippet:-1, max-image-preview:large, max-video-preview:-1\" \/>\n<link rel=\"canonical\" href=\"https:\/\/www.prieure-ronsard.fr\/en\/newsletter\/\" \/>\n<meta name=\"twitter:label1\" content=\"Est. reading time\" \/>\n\t<meta name=\"twitter:data1\" content=\"1 minute\" \/>\n<script type=\"application\/ld+json\" class=\"yoast-schema-graph\">{\"@context\":\"https:\\\/\\\/schema.org\",\"@graph\":[{\"@type\":\"WebPage\",\"@id\":\"https:\\\/\\\/www.prieure-ronsard.fr\\\/en\\\/newsletter\\\/\",\"url\":\"https:\\\/\\\/www.prieure-ronsard.fr\\\/en\\\/newsletter\\\/\",\"name\":\"Newsletter - Priory Saint Cosme, Ronsard's house\",\"isPartOf\":{\"@id\":\"https:\\\/\\\/www.prieure-ronsard.fr\\\/#website\"},\"datePublished\":\"2021-10-28T08:47:56+00:00\",\"dateModified\":\"2021-12-23T11:35:42+00:00\",\"breadcrumb\":{\"@id\":\"https:\\\/\\\/www.prieure-ronsard.fr\\\/en\\\/newsletter\\\/#breadcrumb\"},\"inLanguage\":\"en-US\",\"potentialAction\":[{\"@type\":\"ReadAction\",\"target\":[\"https:\\\/\\\/www.prieure-ronsard.fr\\\/en\\\/newsletter\\\/\"]}]},{\"@type\":\"BreadcrumbList\",\"@id\":\"https:\\\/\\\/www.prieure-ronsard.fr\\\/en\\\/newsletter\\\/#breadcrumb\",\"itemListElement\":[{\"@type\":\"ListItem\",\"position\":1,\"name\":\"Accueil\",\"item\":\"https:\\\/\\\/www.prieure-ronsard.fr\\\/en\\\/\"},{\"@type\":\"ListItem\",\"position\":2,\"name\":\"Newsletter\"}]},{\"@type\":\"WebSite\",\"@id\":\"https:\\\/\\\/www.prieure-ronsard.fr\\\/#website\",\"url\":\"https:\\\/\\\/www.prieure-ronsard.fr\\\/\",\"name\":\"Prieur\u00e9 saint Cosme - Demeure de Ronsard\",\"description\":\"La po\u00e9sie, un art \u00e0 vivre\",\"potentialAction\":[{\"@type\":\"SearchAction\",\"target\":{\"@type\":\"EntryPoint\",\"urlTemplate\":\"https:\\\/\\\/www.prieure-ronsard.fr\\\/?s={search_term_string}\"},\"query-input\":{\"@type\":\"PropertyValueSpecification\",\"valueRequired\":true,\"valueName\":\"search_term_string\"}}],\"inLanguage\":\"en-US\"}]}<\/script>\n<!-- \/ Yoast SEO plugin. -->","yoast_head_json":{"title":"Newsletter - Priory Saint Cosme, Ronsard's house","robots":{"index":"index","follow":"follow","max-snippet":"max-snippet:-1","max-image-preview":"max-image-preview:large","max-video-preview":"max-video-preview:-1"},"canonical":"https:\/\/www.prieure-ronsard.fr\/en\/newsletter\/","twitter_misc":{"Est. reading time":"1 minute"},"schema":{"@context":"https:\/\/schema.org","@graph":[{"@type":"WebPage","@id":"https:\/\/www.prieure-ronsard.fr\/en\/newsletter\/","url":"https:\/\/www.prieure-ronsard.fr\/en\/newsletter\/","name":"Newsletter - Priory Saint Cosme, Ronsard's house","isPartOf":{"@id":"https:\/\/www.prieure-ronsard.fr\/#website"},"datePublished":"2021-10-28T08:47:56+00:00","dateModified":"2021-12-23T11:35:42+00:00","breadcrumb":{"@id":"https:\/\/www.prieure-ronsard.fr\/en\/newsletter\/#breadcrumb"},"inLanguage":"en-US","potentialAction":[{"@type":"ReadAction","target":["https:\/\/www.prieure-ronsard.fr\/en\/newsletter\/"]}]},{"@type":"BreadcrumbList","@id":"https:\/\/www.prieure-ronsard.fr\/en\/newsletter\/#breadcrumb","itemListElement":[{"@type":"ListItem","position":1,"name":"Accueil","item":"https:\/\/www.prieure-ronsard.fr\/en\/"},{"@type":"ListItem","position":2,"name":"Newsletter"}]},{"@type":"WebSite","@id":"https:\/\/www.prieure-ronsard.fr\/#website","url":"https:\/\/www.prieure-ronsard.fr\/","name":"Prieur\u00e9 saint Cosme - Demeure de Ronsard","description":"La po\u00e9sie, un art \u00e0 vivre","potentialAction":[{"@type":"SearchAction","target":{"@type":"EntryPoint","urlTemplate":"https:\/\/www.prieure-ronsard.fr\/?s={search_term_string}"},"query-input":{"@type":"PropertyValueSpecification","valueRequired":true,"valueName":"search_term_string"}}],"inLanguage":"en-US"}]}},"_links":{"self":[{"href":"https:\/\/www.prieure-ronsard.fr\/en\/wp-json\/wp\/v2\/pages\/19028","targetHints":{"allow":["GET"]}}],"collection":[{"href":"https:\/\/www.prieure-ronsard.fr\/en\/wp-json\/wp\/v2\/pages"}],"about":[{"href":"https:\/\/www.prieure-ronsard.fr\/en\/wp-json\/wp\/v2\/types\/page"}],"author":[{"embeddable":true,"href":"https:\/\/www.prieure-ronsard.fr\/en\/wp-json\/wp\/v2\/users\/10"}],"replies":[{"embeddable":true,"href":"https:\/\/www.prieure-ronsard.fr\/en\/wp-json\/wp\/v2\/comments?post=19028"}],"version-history":[{"count":2,"href":"https:\/\/www.prieure-ronsard.fr\/en\/wp-json\/wp\/v2\/pages\/19028\/revisions"}],"predecessor-version":[{"id":19189,"href":"https:\/\/www.prieure-ronsard.fr\/en\/wp-json\/wp\/v2\/pages\/19028\/revisions\/19189"}],"wp:attachment":[{"href":"https:\/\/www.prieure-ronsard.fr\/en\/wp-json\/wp\/v2\/media?parent=19028"}],"curies":[{"name":"wp","href":"https:\/\/api.w.org\/{rel}","templated":true}]}}