{"id":19031,"date":"2021-10-14T16:31:54","date_gmt":"2021-10-14T15:31:54","guid":{"rendered":"https:\/\/www.prieure-ronsard.fr\/groupes-et-professionnels\/"},"modified":"2021-12-22T21:43:46","modified_gmt":"2021-12-22T20:43:46","slug":"groups-and-professionals","status":"publish","type":"page","link":"https:\/\/www.prieure-ronsard.fr\/en\/visiting\/visit-offer\/groups-and-professionals\/","title":{"rendered":"Groups and professionals"},"content":{"rendered":"<div id=\"pl-19031\"  class=\"panel-layout\" ><div id=\"pg-19031-0\"  class=\"panel-grid panel-has-style\" ><div class=\"image_gauche siteorigin-panels-stretch panel-row-style panel-row-style-for-19031-0\" data-stretch-type=\"full\" ><div id=\"pgc-19031-0-0\"  class=\"panel-grid-cell\" ><div id=\"panel-19031-0-0-0\" class=\"so-panel widget widget_sow-editor panel-first-child panel-last-child\" data-index=\"0\" ><div class=\"animation_droite_gauche panel-widget-style panel-widget-style-for-19031-0-0-0\" ><div\n\t\t\t\n\t\t\tclass=\"so-widget-sow-editor so-widget-sow-editor-base\"\n\t\t\t\n\t\t>\n<div class=\"siteorigin-widget-tinymce textwidget\">\n\t<p><img loading=\"lazy\" decoding=\"async\" class=\"alignnone  wp-image-18374\" src=\"https:\/\/www.prieure-ronsard.fr\/wp-content\/uploads\/2021\/10\/Prieure\u0301_Saint_Cosme_credit_Le\u0301onard_de_Serres-_situationhandicap-231x300.jpg\" alt=\"\" width=\"374\" height=\"486\" srcset=\"https:\/\/www.prieure-ronsard.fr\/wp-content\/uploads\/2021\/10\/Prieure\u0301_Saint_Cosme_credit_Le\u0301onard_de_Serres-_situationhandicap-231x300.jpg 231w, https:\/\/www.prieure-ronsard.fr\/wp-content\/uploads\/2021\/10\/Prieure\u0301_Saint_Cosme_credit_Le\u0301onard_de_Serres-_situationhandicap-789x1024.jpg 789w, https:\/\/www.prieure-ronsard.fr\/wp-content\/uploads\/2021\/10\/Prieure\u0301_Saint_Cosme_credit_Le\u0301onard_de_Serres-_situationhandicap-1183x1536.jpg 1183w, https:\/\/www.prieure-ronsard.fr\/wp-content\/uploads\/2021\/10\/Prieure\u0301_Saint_Cosme_credit_Le\u0301onard_de_Serres-_situationhandicap-1577x2048.jpg 1577w, https:\/\/www.prieure-ronsard.fr\/wp-content\/uploads\/2021\/10\/Prieure\u0301_Saint_Cosme_credit_Le\u0301onard_de_Serres-_situationhandicap-1320x1714.jpg 1320w, https:\/\/www.prieure-ronsard.fr\/wp-content\/uploads\/2021\/10\/Prieure\u0301_Saint_Cosme_credit_Le\u0301onard_de_Serres-_situationhandicap-scaled.jpg 1972w\" sizes=\"auto, (max-width: 374px) 100vw, 374px\" \/><\/p>\n<\/div>\n<\/div><\/div><\/div><\/div><div id=\"pgc-19031-0-1\"  class=\"panel-grid-cell\" ><div id=\"panel-19031-0-1-0\" class=\"so-panel widget widget_sow-editor panel-first-child panel-last-child\" data-index=\"1\" ><div class=\"tarif panel-widget-style panel-widget-style-for-19031-0-1-0\" ><div\n\t\t\t\n\t\t\tclass=\"so-widget-sow-editor so-widget-sow-editor-base\"\n\t\t\t\n\t\t>\n<div class=\"siteorigin-widget-tinymce textwidget\">\n\t<p>&nbsp;<\/p>\n<h2>Groups and professionals<\/h2>\n<p>Groups with more than 15 people pay just 5\u20ac\/person.<\/p>\n<p>The museum is here to help you find the right tour for you:<\/p>\n<ul>\n<li>Guided tour (in French or English). Duration: 75 mins No extra charge.<\/li>\n<li>Tasting tour (+2.50\u20ac\/person supplement for a tasting of jam, rose syrup, herbal tea made from garden plants, Prieur\u00e9 honey etc. Options provided when you book),<\/li>\n<\/ul>\n<p>Booking required on +33 2 47 37 32 70<\/p>\n<\/div>\n<\/div><\/div><\/div><\/div><\/div><\/div><\/div>","protected":false},"excerpt":{"rendered":"<p>&nbsp; Groups and professionals Groups with more than 15 people pay just 5\u20ac\/person. The museum is here to help you find the right tour for you: Guided tour (in [&hellip;]<\/p>\n","protected":false},"author":10,"featured_media":0,"parent":19054,"menu_order":49,"comment_status":"closed","ping_status":"closed","template":"","meta":{"inline_featured_image":false,"footnotes":"","beyondwords_generate_audio":"","beyondwords_project_id":"","beyondwords_content_id":"","beyondwords_preview_token":"","beyondwords_player_style":"","beyondwords_language_id":"","beyondwords_title_voice_id":"","beyondwords_body_voice_id":"","beyondwords_summary_voice_id":"","beyondwords_error_message":"","beyondwords_disabled":"","beyondwords_delete_content":"","beyondwords_podcast_id":"","beyondwords_hash":"","publish_post_to_speechkit":"0","speechkit_hash":"","speechkit_generate_audio":"0","speechkit_project_id":"","speechkit_podcast_id":"","speechkit_error_message":"","speechkit_disabled":"","speechkit_access_key":"","speechkit_error":"","speechkit_info":"","speechkit_response":"","speechkit_retries":"","speechkit_status":"","speechkit_updated_at":"","_speechkit_link":"","_speechkit_text":"79a24b8bea70dbe0c0ec32ee6341f619"},"class_list":["post-19031","page","type-page","status-publish","hentry"],"yoast_head":"<!-- This site is optimized with the Yoast SEO plugin v27.5 - https:\/\/yoast.com\/product\/yoast-seo-wordpress\/ -->\n<title>Groups and professionals - Priory Saint Cosme, Ronsard&#039;s house<\/title>\n<meta name=\"robots\" content=\"index, follow, max-snippet:-1, max-image-preview:large, max-video-preview:-1\" \/>\n<link rel=\"canonical\" href=\"https:\/\/www.prieure-ronsard.fr\/en\/visiting\/visit-offer\/groups-and-professionals\/\" \/>\n<meta name=\"twitter:label1\" content=\"Est. reading time\" \/>\n\t<meta name=\"twitter:data1\" content=\"1 minute\" \/>\n<script type=\"application\/ld+json\" class=\"yoast-schema-graph\">{\"@context\":\"https:\\\/\\\/schema.org\",\"@graph\":[{\"@type\":\"WebPage\",\"@id\":\"https:\\\/\\\/www.prieure-ronsard.fr\\\/en\\\/visiting\\\/visit-offer\\\/groups-and-professionals\\\/\",\"url\":\"https:\\\/\\\/www.prieure-ronsard.fr\\\/en\\\/visiting\\\/visit-offer\\\/groups-and-professionals\\\/\",\"name\":\"Groups and professionals - Priory Saint Cosme, Ronsard's house\",\"isPartOf\":{\"@id\":\"https:\\\/\\\/www.prieure-ronsard.fr\\\/#website\"},\"datePublished\":\"2021-10-14T15:31:54+00:00\",\"dateModified\":\"2021-12-22T20:43:46+00:00\",\"breadcrumb\":{\"@id\":\"https:\\\/\\\/www.prieure-ronsard.fr\\\/en\\\/visiting\\\/visit-offer\\\/groups-and-professionals\\\/#breadcrumb\"},\"inLanguage\":\"en-US\",\"potentialAction\":[{\"@type\":\"ReadAction\",\"target\":[\"https:\\\/\\\/www.prieure-ronsard.fr\\\/en\\\/visiting\\\/visit-offer\\\/groups-and-professionals\\\/\"]}]},{\"@type\":\"BreadcrumbList\",\"@id\":\"https:\\\/\\\/www.prieure-ronsard.fr\\\/en\\\/visiting\\\/visit-offer\\\/groups-and-professionals\\\/#breadcrumb\",\"itemListElement\":[{\"@type\":\"ListItem\",\"position\":1,\"name\":\"Accueil\",\"item\":\"https:\\\/\\\/www.prieure-ronsard.fr\\\/en\\\/\"},{\"@type\":\"ListItem\",\"position\":2,\"name\":\"Visiting the priory\",\"item\":\"https:\\\/\\\/www.prieure-ronsard.fr\\\/en\\\/visiting\\\/\"},{\"@type\":\"ListItem\",\"position\":3,\"name\":\"Visit&rsquo;s offer\",\"item\":\"https:\\\/\\\/www.prieure-ronsard.fr\\\/en\\\/visiting\\\/visit-offer\\\/\"},{\"@type\":\"ListItem\",\"position\":4,\"name\":\"Groups and professionals\"}]},{\"@type\":\"WebSite\",\"@id\":\"https:\\\/\\\/www.prieure-ronsard.fr\\\/#website\",\"url\":\"https:\\\/\\\/www.prieure-ronsard.fr\\\/\",\"name\":\"Prieur\u00e9 saint Cosme - Demeure de Ronsard\",\"description\":\"La po\u00e9sie, un art \u00e0 vivre\",\"potentialAction\":[{\"@type\":\"SearchAction\",\"target\":{\"@type\":\"EntryPoint\",\"urlTemplate\":\"https:\\\/\\\/www.prieure-ronsard.fr\\\/?s={search_term_string}\"},\"query-input\":{\"@type\":\"PropertyValueSpecification\",\"valueRequired\":true,\"valueName\":\"search_term_string\"}}],\"inLanguage\":\"en-US\"}]}<\/script>\n<!-- \/ Yoast SEO plugin. -->","yoast_head_json":{"title":"Groups and professionals - Priory Saint Cosme, Ronsard's house","robots":{"index":"index","follow":"follow","max-snippet":"max-snippet:-1","max-image-preview":"max-image-preview:large","max-video-preview":"max-video-preview:-1"},"canonical":"https:\/\/www.prieure-ronsard.fr\/en\/visiting\/visit-offer\/groups-and-professionals\/","twitter_misc":{"Est. reading time":"1 minute"},"schema":{"@context":"https:\/\/schema.org","@graph":[{"@type":"WebPage","@id":"https:\/\/www.prieure-ronsard.fr\/en\/visiting\/visit-offer\/groups-and-professionals\/","url":"https:\/\/www.prieure-ronsard.fr\/en\/visiting\/visit-offer\/groups-and-professionals\/","name":"Groups and professionals - Priory Saint Cosme, Ronsard's house","isPartOf":{"@id":"https:\/\/www.prieure-ronsard.fr\/#website"},"datePublished":"2021-10-14T15:31:54+00:00","dateModified":"2021-12-22T20:43:46+00:00","breadcrumb":{"@id":"https:\/\/www.prieure-ronsard.fr\/en\/visiting\/visit-offer\/groups-and-professionals\/#breadcrumb"},"inLanguage":"en-US","potentialAction":[{"@type":"ReadAction","target":["https:\/\/www.prieure-ronsard.fr\/en\/visiting\/visit-offer\/groups-and-professionals\/"]}]},{"@type":"BreadcrumbList","@id":"https:\/\/www.prieure-ronsard.fr\/en\/visiting\/visit-offer\/groups-and-professionals\/#breadcrumb","itemListElement":[{"@type":"ListItem","position":1,"name":"Accueil","item":"https:\/\/www.prieure-ronsard.fr\/en\/"},{"@type":"ListItem","position":2,"name":"Visiting the priory","item":"https:\/\/www.prieure-ronsard.fr\/en\/visiting\/"},{"@type":"ListItem","position":3,"name":"Visit&rsquo;s offer","item":"https:\/\/www.prieure-ronsard.fr\/en\/visiting\/visit-offer\/"},{"@type":"ListItem","position":4,"name":"Groups and professionals"}]},{"@type":"WebSite","@id":"https:\/\/www.prieure-ronsard.fr\/#website","url":"https:\/\/www.prieure-ronsard.fr\/","name":"Prieur\u00e9 saint Cosme - Demeure de Ronsard","description":"La po\u00e9sie, un art \u00e0 vivre","potentialAction":[{"@type":"SearchAction","target":{"@type":"EntryPoint","urlTemplate":"https:\/\/www.prieure-ronsard.fr\/?s={search_term_string}"},"query-input":{"@type":"PropertyValueSpecification","valueRequired":true,"valueName":"search_term_string"}}],"inLanguage":"en-US"}]}},"_links":{"self":[{"href":"https:\/\/www.prieure-ronsard.fr\/en\/wp-json\/wp\/v2\/pages\/19031","targetHints":{"allow":["GET"]}}],"collection":[{"href":"https:\/\/www.prieure-ronsard.fr\/en\/wp-json\/wp\/v2\/pages"}],"about":[{"href":"https:\/\/www.prieure-ronsard.fr\/en\/wp-json\/wp\/v2\/types\/page"}],"author":[{"embeddable":true,"href":"https:\/\/www.prieure-ronsard.fr\/en\/wp-json\/wp\/v2\/users\/10"}],"replies":[{"embeddable":true,"href":"https:\/\/www.prieure-ronsard.fr\/en\/wp-json\/wp\/v2\/comments?post=19031"}],"version-history":[{"count":3,"href":"https:\/\/www.prieure-ronsard.fr\/en\/wp-json\/wp\/v2\/pages\/19031\/revisions"}],"predecessor-version":[{"id":19138,"href":"https:\/\/www.prieure-ronsard.fr\/en\/wp-json\/wp\/v2\/pages\/19031\/revisions\/19138"}],"up":[{"embeddable":true,"href":"https:\/\/www.prieure-ronsard.fr\/en\/wp-json\/wp\/v2\/pages\/19054"}],"wp:attachment":[{"href":"https:\/\/www.prieure-ronsard.fr\/en\/wp-json\/wp\/v2\/media?parent=19031"}],"curies":[{"name":"wp","href":"https:\/\/api.w.org\/{rel}","templated":true}]}}