{"id":19032,"date":"2021-10-13T23:11:23","date_gmt":"2021-10-13T22:11:23","guid":{"rendered":"https:\/\/www.prieure-ronsard.fr\/en-situtation-de-handicap\/"},"modified":"2021-12-22T21:51:45","modified_gmt":"2021-12-22T20:51:45","slug":"disabled-visitors","status":"publish","type":"page","link":"https:\/\/www.prieure-ronsard.fr\/en\/visiting\/visit-offer\/disabled-visitors\/","title":{"rendered":"Disabled visitors"},"content":{"rendered":"<div id=\"pl-19032\"  class=\"panel-layout\" ><div id=\"pg-19032-0\"  class=\"panel-grid panel-has-style\" ><div class=\"image_gauche siteorigin-panels-stretch panel-row-style panel-row-style-for-19032-0\" data-stretch-type=\"full\" ><div id=\"pgc-19032-0-0\"  class=\"panel-grid-cell\" ><div id=\"panel-19032-0-0-0\" class=\"so-panel widget widget_sow-editor panel-first-child panel-last-child\" data-index=\"0\" ><div class=\"animation_droite_gauche panel-widget-style panel-widget-style-for-19032-0-0-0\" ><div\n\t\t\t\n\t\t\tclass=\"so-widget-sow-editor so-widget-sow-editor-base\"\n\t\t\t\n\t\t>\n<div class=\"siteorigin-widget-tinymce textwidget\">\n\t<p><img loading=\"lazy\" decoding=\"async\" class=\"alignnone  wp-image-18172\" src=\"https:\/\/www.prieure-ronsard.fr\/wp-content\/uploads\/2021\/10\/Prieure\u0301_Saint_Cosme_credit_Le\u0301onard_de_Serres-_situationhandicap-carre\u0301-300x300.jpg\" alt=\"\" width=\"551\" height=\"551\" srcset=\"https:\/\/www.prieure-ronsard.fr\/wp-content\/uploads\/2021\/10\/Prieure\u0301_Saint_Cosme_credit_Le\u0301onard_de_Serres-_situationhandicap-carre\u0301-300x300.jpg 300w, https:\/\/www.prieure-ronsard.fr\/wp-content\/uploads\/2021\/10\/Prieure\u0301_Saint_Cosme_credit_Le\u0301onard_de_Serres-_situationhandicap-carre\u0301-1024x1024.jpg 1024w, https:\/\/www.prieure-ronsard.fr\/wp-content\/uploads\/2021\/10\/Prieure\u0301_Saint_Cosme_credit_Le\u0301onard_de_Serres-_situationhandicap-carre\u0301-150x150.jpg 150w, https:\/\/www.prieure-ronsard.fr\/wp-content\/uploads\/2021\/10\/Prieure\u0301_Saint_Cosme_credit_Le\u0301onard_de_Serres-_situationhandicap-carre\u0301-1536x1536.jpg 1536w, https:\/\/www.prieure-ronsard.fr\/wp-content\/uploads\/2021\/10\/Prieure\u0301_Saint_Cosme_credit_Le\u0301onard_de_Serres-_situationhandicap-carre\u0301-2048x2048.jpg 2048w, https:\/\/www.prieure-ronsard.fr\/wp-content\/uploads\/2021\/10\/Prieure\u0301_Saint_Cosme_credit_Le\u0301onard_de_Serres-_situationhandicap-carre\u0301-1320x1320.jpg 1320w\" sizes=\"auto, (max-width: 551px) 100vw, 551px\" \/><\/p>\n<\/div>\n<\/div><\/div><\/div><\/div><div id=\"pgc-19032-0-1\"  class=\"panel-grid-cell\" ><div id=\"panel-19032-0-1-0\" class=\"so-panel widget widget_sow-editor panel-first-child panel-last-child\" data-index=\"1\" ><div class=\"tarif panel-widget-style panel-widget-style-for-19032-0-1-0\" ><div\n\t\t\t\n\t\t\tclass=\"so-widget-sow-editor so-widget-sow-editor-base\"\n\t\t\t\n\t\t>\n<div class=\"siteorigin-widget-tinymce textwidget\">\n\t<p>&nbsp;<\/p>\n<h2>Disabled visitors<\/h2>\n<p>Prieur\u00e9 Saint-Cosme is working to improve access and its visitor experience to become a more inclusive tourist attraction.<\/p>\n<p>The site has been approved as disabled-friendly by Tourisme &amp; Handicap since 2021 and the mediation team has visitor resources to enhance disabled visitors' experience.<\/p>\n<p><img loading=\"lazy\" decoding=\"async\" class=\"alignnone wp-image-18282\" src=\"https:\/\/www.prieure-ronsard.fr\/wp-content\/uploads\/2021\/10\/TH-Format_carre_AMeMV.jpg\" alt=\"\" width=\"190\" height=\"196\" srcset=\"https:\/\/www.prieure-ronsard.fr\/wp-content\/uploads\/2021\/10\/TH-Format_carre_AMeMV.jpg 2186w, https:\/\/www.prieure-ronsard.fr\/wp-content\/uploads\/2021\/10\/TH-Format_carre_AMeMV-291x300.jpg 291w, https:\/\/www.prieure-ronsard.fr\/wp-content\/uploads\/2021\/10\/TH-Format_carre_AMeMV-993x1024.jpg 993w, https:\/\/www.prieure-ronsard.fr\/wp-content\/uploads\/2021\/10\/TH-Format_carre_AMeMV-1490x1536.jpg 1490w, https:\/\/www.prieure-ronsard.fr\/wp-content\/uploads\/2021\/10\/TH-Format_carre_AMeMV-1986x2048.jpg 1986w, https:\/\/www.prieure-ronsard.fr\/wp-content\/uploads\/2021\/10\/TH-Format_carre_AMeMV-1320x1361.jpg 1320w\" sizes=\"auto, (max-width: 190px) 100vw, 190px\" \/><\/p>\n<\/div>\n<\/div><\/div><\/div><\/div><\/div><\/div><div id=\"pg-19032-1\"  class=\"panel-grid panel-no-style\" ><div id=\"pgc-19032-1-0\"  class=\"panel-grid-cell\" ><div id=\"panel-19032-1-0-0\" class=\"so-panel widget widget_sow-editor panel-first-child panel-last-child\" data-index=\"2\" ><div class=\"tarif panel-widget-style panel-widget-style-for-19032-1-0-0\" ><div\n\t\t\t\n\t\t\tclass=\"so-widget-sow-editor so-widget-sow-editor-base\"\n\t\t\t\n\t\t>\n<div class=\"siteorigin-widget-tinymce textwidget\">\n\t<p>&nbsp;<\/p>\n<h3>FOR DISABLED VISITORS<\/h3>\n<ul>\n<li>3 disabled parking spaces near the monument entrance<\/li>\n<li>Disabled-friendly visitor trail exc. upper floors. QR Code provided at reception to see the upper floors and listen to audio content.<\/li>\n<li>Manual wheelchair available on request at reception<\/li>\n<\/ul>\n<h3>FOR BLIND OR PARTIALLY SIGHTED VISITORS<\/h3>\n<ul>\n<li>Accessible guided tours available to book.<\/li>\n<li>Tactile and braille map of the buildings and grounds<\/li>\n<li>Large font tour booklet available<\/li>\n<\/ul>\n<h3>for deaf or hearing impaired visitors<\/h3>\n<ul>\n<li>A hearing aid system is available at reception\/ticket office throughout the interior (exc. the refectory) and on the outdoor audio stands.<\/li>\n<li>Accessible guided tours available to book with magnetic loop (position T)<\/li>\n<\/ul>\n<h3>FOR VISITORS with learning disabilities<\/h3>\n<ul>\n<li>Accessible guided tours available to book.<\/li>\n<li>Easy read booklet available in French at reception.<\/li>\n<\/ul>\n<p>For further informations <a href=\"https:\/\/www.prieure-ronsard.fr\/en\/visiting\/useful-information\/facilities-and-accessibility\/\">Facilities and Accessibility<\/a><\/p>\n<\/div>\n<\/div><\/div><\/div><\/div><\/div><\/div>","protected":false},"excerpt":{"rendered":"<p>&nbsp; Disabled visitors Prieur\u00e9 Saint-Cosme is working to improve access and its visitor experience to become a more inclusive tourist attraction. The site has been approved as disabled-friendly by [&hellip;]<\/p>\n","protected":false},"author":10,"featured_media":0,"parent":19054,"menu_order":52,"comment_status":"closed","ping_status":"closed","template":"","meta":{"inline_featured_image":false,"footnotes":"","beyondwords_generate_audio":"","beyondwords_project_id":"","beyondwords_content_id":"","beyondwords_preview_token":"","beyondwords_player_style":"","beyondwords_language_id":"","beyondwords_title_voice_id":"","beyondwords_body_voice_id":"","beyondwords_summary_voice_id":"","beyondwords_error_message":"","beyondwords_disabled":"","beyondwords_delete_content":"","beyondwords_podcast_id":"","beyondwords_hash":"","publish_post_to_speechkit":"0","speechkit_hash":"","speechkit_generate_audio":"0","speechkit_project_id":"","speechkit_podcast_id":"","speechkit_error_message":"","speechkit_disabled":"","speechkit_access_key":"","speechkit_error":"","speechkit_info":"","speechkit_response":"","speechkit_retries":"","speechkit_status":"","speechkit_updated_at":"","_speechkit_link":"","_speechkit_text":"79a24b8bea70dbe0c0ec32ee6341f619"},"class_list":["post-19032","page","type-page","status-publish","hentry"],"yoast_head":"<!-- This site is optimized with the Yoast SEO plugin v27.5 - https:\/\/yoast.com\/product\/yoast-seo-wordpress\/ -->\n<title>Disabled visitors - Priory Saint Cosme, Ronsard&#039;s house<\/title>\n<meta name=\"robots\" content=\"index, follow, max-snippet:-1, max-image-preview:large, max-video-preview:-1\" \/>\n<link rel=\"canonical\" href=\"https:\/\/www.prieure-ronsard.fr\/en\/visiting\/visit-offer\/disabled-visitors\/\" \/>\n<meta name=\"twitter:label1\" content=\"Est. reading time\" \/>\n\t<meta name=\"twitter:data1\" content=\"2 minutes\" \/>\n<script type=\"application\/ld+json\" class=\"yoast-schema-graph\">{\"@context\":\"https:\\\/\\\/schema.org\",\"@graph\":[{\"@type\":\"WebPage\",\"@id\":\"https:\\\/\\\/www.prieure-ronsard.fr\\\/en\\\/visiting\\\/visit-offer\\\/disabled-visitors\\\/\",\"url\":\"https:\\\/\\\/www.prieure-ronsard.fr\\\/en\\\/visiting\\\/visit-offer\\\/disabled-visitors\\\/\",\"name\":\"Disabled visitors - Priory Saint Cosme, Ronsard's house\",\"isPartOf\":{\"@id\":\"https:\\\/\\\/www.prieure-ronsard.fr\\\/#website\"},\"primaryImageOfPage\":{\"@id\":\"https:\\\/\\\/www.prieure-ronsard.fr\\\/en\\\/visiting\\\/visit-offer\\\/disabled-visitors\\\/#primaryimage\"},\"image\":{\"@id\":\"https:\\\/\\\/www.prieure-ronsard.fr\\\/en\\\/visiting\\\/visit-offer\\\/disabled-visitors\\\/#primaryimage\"},\"thumbnailUrl\":\"https:\\\/\\\/www.prieure-ronsard.fr\\\/wp-content\\\/uploads\\\/2021\\\/10\\\/TH-Format_carre_AMeMV.jpg\",\"datePublished\":\"2021-10-13T22:11:23+00:00\",\"dateModified\":\"2021-12-22T20:51:45+00:00\",\"breadcrumb\":{\"@id\":\"https:\\\/\\\/www.prieure-ronsard.fr\\\/en\\\/visiting\\\/visit-offer\\\/disabled-visitors\\\/#breadcrumb\"},\"inLanguage\":\"en-US\",\"potentialAction\":[{\"@type\":\"ReadAction\",\"target\":[\"https:\\\/\\\/www.prieure-ronsard.fr\\\/en\\\/visiting\\\/visit-offer\\\/disabled-visitors\\\/\"]}]},{\"@type\":\"ImageObject\",\"inLanguage\":\"en-US\",\"@id\":\"https:\\\/\\\/www.prieure-ronsard.fr\\\/en\\\/visiting\\\/visit-offer\\\/disabled-visitors\\\/#primaryimage\",\"url\":\"https:\\\/\\\/www.prieure-ronsard.fr\\\/wp-content\\\/uploads\\\/2021\\\/10\\\/TH-Format_carre_AMeMV.jpg\",\"contentUrl\":\"https:\\\/\\\/www.prieure-ronsard.fr\\\/wp-content\\\/uploads\\\/2021\\\/10\\\/TH-Format_carre_AMeMV.jpg\"},{\"@type\":\"BreadcrumbList\",\"@id\":\"https:\\\/\\\/www.prieure-ronsard.fr\\\/en\\\/visiting\\\/visit-offer\\\/disabled-visitors\\\/#breadcrumb\",\"itemListElement\":[{\"@type\":\"ListItem\",\"position\":1,\"name\":\"Accueil\",\"item\":\"https:\\\/\\\/www.prieure-ronsard.fr\\\/en\\\/\"},{\"@type\":\"ListItem\",\"position\":2,\"name\":\"Visiting the priory\",\"item\":\"https:\\\/\\\/www.prieure-ronsard.fr\\\/en\\\/visiting\\\/\"},{\"@type\":\"ListItem\",\"position\":3,\"name\":\"Visit&rsquo;s offer\",\"item\":\"https:\\\/\\\/www.prieure-ronsard.fr\\\/en\\\/visiting\\\/visit-offer\\\/\"},{\"@type\":\"ListItem\",\"position\":4,\"name\":\"Disabled visitors\"}]},{\"@type\":\"WebSite\",\"@id\":\"https:\\\/\\\/www.prieure-ronsard.fr\\\/#website\",\"url\":\"https:\\\/\\\/www.prieure-ronsard.fr\\\/\",\"name\":\"Prieur\u00e9 saint Cosme - Demeure de Ronsard\",\"description\":\"La po\u00e9sie, un art \u00e0 vivre\",\"potentialAction\":[{\"@type\":\"SearchAction\",\"target\":{\"@type\":\"EntryPoint\",\"urlTemplate\":\"https:\\\/\\\/www.prieure-ronsard.fr\\\/?s={search_term_string}\"},\"query-input\":{\"@type\":\"PropertyValueSpecification\",\"valueRequired\":true,\"valueName\":\"search_term_string\"}}],\"inLanguage\":\"en-US\"}]}<\/script>\n<!-- \/ Yoast SEO plugin. -->","yoast_head_json":{"title":"Disabled visitors - Priory Saint Cosme, Ronsard's house","robots":{"index":"index","follow":"follow","max-snippet":"max-snippet:-1","max-image-preview":"max-image-preview:large","max-video-preview":"max-video-preview:-1"},"canonical":"https:\/\/www.prieure-ronsard.fr\/en\/visiting\/visit-offer\/disabled-visitors\/","twitter_misc":{"Est. reading time":"2 minutes"},"schema":{"@context":"https:\/\/schema.org","@graph":[{"@type":"WebPage","@id":"https:\/\/www.prieure-ronsard.fr\/en\/visiting\/visit-offer\/disabled-visitors\/","url":"https:\/\/www.prieure-ronsard.fr\/en\/visiting\/visit-offer\/disabled-visitors\/","name":"Disabled visitors - Priory Saint Cosme, Ronsard's house","isPartOf":{"@id":"https:\/\/www.prieure-ronsard.fr\/#website"},"primaryImageOfPage":{"@id":"https:\/\/www.prieure-ronsard.fr\/en\/visiting\/visit-offer\/disabled-visitors\/#primaryimage"},"image":{"@id":"https:\/\/www.prieure-ronsard.fr\/en\/visiting\/visit-offer\/disabled-visitors\/#primaryimage"},"thumbnailUrl":"https:\/\/www.prieure-ronsard.fr\/wp-content\/uploads\/2021\/10\/TH-Format_carre_AMeMV.jpg","datePublished":"2021-10-13T22:11:23+00:00","dateModified":"2021-12-22T20:51:45+00:00","breadcrumb":{"@id":"https:\/\/www.prieure-ronsard.fr\/en\/visiting\/visit-offer\/disabled-visitors\/#breadcrumb"},"inLanguage":"en-US","potentialAction":[{"@type":"ReadAction","target":["https:\/\/www.prieure-ronsard.fr\/en\/visiting\/visit-offer\/disabled-visitors\/"]}]},{"@type":"ImageObject","inLanguage":"en-US","@id":"https:\/\/www.prieure-ronsard.fr\/en\/visiting\/visit-offer\/disabled-visitors\/#primaryimage","url":"https:\/\/www.prieure-ronsard.fr\/wp-content\/uploads\/2021\/10\/TH-Format_carre_AMeMV.jpg","contentUrl":"https:\/\/www.prieure-ronsard.fr\/wp-content\/uploads\/2021\/10\/TH-Format_carre_AMeMV.jpg"},{"@type":"BreadcrumbList","@id":"https:\/\/www.prieure-ronsard.fr\/en\/visiting\/visit-offer\/disabled-visitors\/#breadcrumb","itemListElement":[{"@type":"ListItem","position":1,"name":"Accueil","item":"https:\/\/www.prieure-ronsard.fr\/en\/"},{"@type":"ListItem","position":2,"name":"Visiting the priory","item":"https:\/\/www.prieure-ronsard.fr\/en\/visiting\/"},{"@type":"ListItem","position":3,"name":"Visit&rsquo;s offer","item":"https:\/\/www.prieure-ronsard.fr\/en\/visiting\/visit-offer\/"},{"@type":"ListItem","position":4,"name":"Disabled visitors"}]},{"@type":"WebSite","@id":"https:\/\/www.prieure-ronsard.fr\/#website","url":"https:\/\/www.prieure-ronsard.fr\/","name":"Prieur\u00e9 saint Cosme - Demeure de Ronsard","description":"La po\u00e9sie, un art \u00e0 vivre","potentialAction":[{"@type":"SearchAction","target":{"@type":"EntryPoint","urlTemplate":"https:\/\/www.prieure-ronsard.fr\/?s={search_term_string}"},"query-input":{"@type":"PropertyValueSpecification","valueRequired":true,"valueName":"search_term_string"}}],"inLanguage":"en-US"}]}},"_links":{"self":[{"href":"https:\/\/www.prieure-ronsard.fr\/en\/wp-json\/wp\/v2\/pages\/19032","targetHints":{"allow":["GET"]}}],"collection":[{"href":"https:\/\/www.prieure-ronsard.fr\/en\/wp-json\/wp\/v2\/pages"}],"about":[{"href":"https:\/\/www.prieure-ronsard.fr\/en\/wp-json\/wp\/v2\/types\/page"}],"author":[{"embeddable":true,"href":"https:\/\/www.prieure-ronsard.fr\/en\/wp-json\/wp\/v2\/users\/10"}],"replies":[{"embeddable":true,"href":"https:\/\/www.prieure-ronsard.fr\/en\/wp-json\/wp\/v2\/comments?post=19032"}],"version-history":[{"count":3,"href":"https:\/\/www.prieure-ronsard.fr\/en\/wp-json\/wp\/v2\/pages\/19032\/revisions"}],"predecessor-version":[{"id":19141,"href":"https:\/\/www.prieure-ronsard.fr\/en\/wp-json\/wp\/v2\/pages\/19032\/revisions\/19141"}],"up":[{"embeddable":true,"href":"https:\/\/www.prieure-ronsard.fr\/en\/wp-json\/wp\/v2\/pages\/19054"}],"wp:attachment":[{"href":"https:\/\/www.prieure-ronsard.fr\/en\/wp-json\/wp\/v2\/media?parent=19032"}],"curies":[{"name":"wp","href":"https:\/\/api.w.org\/{rel}","templated":true}]}}