{"id":19034,"date":"2021-10-13T22:37:52","date_gmt":"2021-10-13T21:37:52","guid":{"rendered":"https:\/\/www.prieure-ronsard.fr\/infos-covid\/"},"modified":"2025-05-19T15:26:50","modified_gmt":"2025-05-19T13:26:50","slug":"covid-visiting-conditions","status":"publish","type":"page","link":"https:\/\/www.prieure-ronsard.fr\/en\/visiting\/useful-information\/covid-visiting-conditions\/","title":{"rendered":"New visiting conditions"},"content":{"rendered":"<div id=\"pl-19034\"  class=\"panel-layout\" ><div id=\"pg-19034-0\"  class=\"panel-grid panel-has-style\" ><div class=\"image_gauche siteorigin-panels-stretch panel-row-style panel-row-style-for-19034-0\" data-stretch-type=\"full\" ><div id=\"pgc-19034-0-0\"  class=\"panel-grid-cell\" ><div id=\"panel-19034-0-0-0\" class=\"so-panel widget widget_sow-editor panel-first-child panel-last-child\" data-index=\"0\" ><div class=\"image_gauche panel-widget-style panel-widget-style-for-19034-0-0-0\" ><div\n\t\t\t\n\t\t\tclass=\"so-widget-sow-editor so-widget-sow-editor-base\"\n\t\t\t\n\t\t>\n<div class=\"siteorigin-widget-tinymce textwidget\">\n\t<p><img loading=\"lazy\" decoding=\"async\" class=\"alignnone wp-image-17701\" src=\"https:\/\/www.prieure-ronsard.fr\/wp-content\/uploads\/2021\/10\/individuels-300x300.jpg\" alt=\"\" width=\"561\" height=\"561\" srcset=\"https:\/\/www.prieure-ronsard.fr\/wp-content\/uploads\/2021\/10\/individuels-300x300.jpg 300w, https:\/\/www.prieure-ronsard.fr\/wp-content\/uploads\/2021\/10\/individuels-150x150.jpg 150w, https:\/\/www.prieure-ronsard.fr\/wp-content\/uploads\/2021\/10\/individuels.jpg 404w\" sizes=\"auto, (max-width: 561px) 100vw, 561px\" \/><\/p>\n<\/div>\n<\/div><\/div><\/div><\/div><div id=\"pgc-19034-0-1\"  class=\"panel-grid-cell\" ><div id=\"panel-19034-0-1-0\" class=\"so-panel widget widget_sow-editor panel-first-child panel-last-child\" data-index=\"1\" ><div class=\"tarif panel-widget-style panel-widget-style-for-19034-0-1-0\" ><div\n\t\t\t\n\t\t\tclass=\"so-widget-sow-editor so-widget-sow-editor-base\"\n\t\t\t\n\t\t>\n<div class=\"siteorigin-widget-tinymce textwidget\">\n\t<h2>New visiting conditions<\/h2>\n<p>Updated on 14th March<\/p>\n<p>Access to the Prieur\u00e9 Saint-Cosme is no longer conditioned by the presentation of a health pass.<\/p>\n<p>Wearing a mask is now only recommended in the indoor areas of the Prieur\u00e9 Saint-Cosme.<\/p>\n<p><strong>20-minute presentations\u00a0<\/strong>(only in French) are available for visitors (visit departures at fixed times : 10:30am 11:30am, 2:30pm, 3:30pm, 4:30pm).<\/p>\n<p>Guided tours are available for visitors (required booking, <a href=\"https:\/\/www.prieure-ronsard.fr\/contact\/?lang=en\">contact us<\/a>)<\/p>\n<p>Some visit information can be accessed on your smartphone using flash-codes.<\/p>\n<\/div>\n<\/div><\/div><\/div><\/div><\/div><\/div><div id=\"pg-19034-1\"  class=\"panel-grid panel-has-style\" ><div class=\"image_droite siteorigin-panels-stretch panel-row-style panel-row-style-for-19034-1\" data-stretch-type=\"full\" ><div id=\"pgc-19034-1-0\"  class=\"panel-grid-cell\" ><div id=\"panel-19034-1-0-0\" class=\"so-panel widget widget_sow-editor panel-first-child panel-last-child\" data-index=\"2\" ><div class=\"tarif panel-widget-style panel-widget-style-for-19034-1-0-0\" ><div\n\t\t\t\n\t\t\tclass=\"so-widget-sow-editor so-widget-sow-editor-base\"\n\t\t\t\n\t\t>\n<div class=\"siteorigin-widget-tinymce textwidget\">\n\t<p><strong>The information on this page is subject to modification.<\/strong><\/p>\n<p>When followed by all concerned, these measures will guarantee that our monument can reopen in ideal conditions. Thank you for your understanding and your sense of solidarity for a visit to the Priory with perfect peace of mind.<\/p>\n<p>&nbsp;<\/p>\n<\/div>\n<\/div><\/div><\/div><\/div><div id=\"pgc-19034-1-1\"  class=\"panel-grid-cell\" ><div id=\"panel-19034-1-1-0\" class=\"so-panel widget widget_sow-editor panel-first-child panel-last-child\" data-index=\"3\" ><div class=\"image_gauche panel-widget-style panel-widget-style-for-19034-1-1-0\" ><div\n\t\t\t\n\t\t\tclass=\"so-widget-sow-editor so-widget-sow-editor-base\"\n\t\t\t\n\t\t>\n<div class=\"siteorigin-widget-tinymce textwidget\">\n\t<p><img loading=\"lazy\" decoding=\"async\" class=\"alignnone wp-image-18264 size-full\" src=\"https:\/\/www.prieure-ronsard.fr\/wp-content\/uploads\/2021\/10\/Prieure_St_Cosme_stevens_Fre\u0301mont_BD_infos_covid-3-carre\u0301.jpg\" alt=\"\" width=\"1933\" height=\"1933\" srcset=\"https:\/\/www.prieure-ronsard.fr\/wp-content\/uploads\/2021\/10\/Prieure_St_Cosme_stevens_Fre\u0301mont_BD_infos_covid-3-carre\u0301.jpg 1933w, https:\/\/www.prieure-ronsard.fr\/wp-content\/uploads\/2021\/10\/Prieure_St_Cosme_stevens_Fre\u0301mont_BD_infos_covid-3-carre\u0301-300x300.jpg 300w, https:\/\/www.prieure-ronsard.fr\/wp-content\/uploads\/2021\/10\/Prieure_St_Cosme_stevens_Fre\u0301mont_BD_infos_covid-3-carre\u0301-1024x1024.jpg 1024w, https:\/\/www.prieure-ronsard.fr\/wp-content\/uploads\/2021\/10\/Prieure_St_Cosme_stevens_Fre\u0301mont_BD_infos_covid-3-carre\u0301-150x150.jpg 150w, https:\/\/www.prieure-ronsard.fr\/wp-content\/uploads\/2021\/10\/Prieure_St_Cosme_stevens_Fre\u0301mont_BD_infos_covid-3-carre\u0301-1536x1536.jpg 1536w, https:\/\/www.prieure-ronsard.fr\/wp-content\/uploads\/2021\/10\/Prieure_St_Cosme_stevens_Fre\u0301mont_BD_infos_covid-3-carre\u0301-1320x1320.jpg 1320w\" sizes=\"auto, (max-width: 1933px) 100vw, 1933px\" \/><\/p>\n<\/div>\n<\/div><\/div><\/div><\/div><\/div><\/div><\/div>","protected":false},"excerpt":{"rendered":"<p>New visiting conditions Updated on 14th March Access to the Prieur\u00e9 Saint-Cosme is no longer conditioned by the presentation of a health pass. Wearing a mask is now only [&hellip;]<\/p>\n","protected":false},"author":10,"featured_media":0,"parent":19051,"menu_order":68,"comment_status":"closed","ping_status":"closed","template":"","meta":{"inline_featured_image":false,"footnotes":"","beyondwords_generate_audio":"0","beyondwords_project_id":"","beyondwords_content_id":"","beyondwords_preview_token":"","beyondwords_player_style":"","beyondwords_language_id":"","beyondwords_title_voice_id":"","beyondwords_body_voice_id":"","beyondwords_summary_voice_id":"","beyondwords_error_message":"","beyondwords_disabled":"","beyondwords_delete_content":"","beyondwords_podcast_id":"","beyondwords_hash":"","publish_post_to_speechkit":"0","speechkit_hash":"","speechkit_generate_audio":"0","speechkit_project_id":"","speechkit_podcast_id":"","speechkit_error_message":"","speechkit_disabled":"","speechkit_access_key":"","speechkit_error":"","speechkit_info":"","speechkit_response":"","speechkit_retries":"","speechkit_status":"","speechkit_updated_at":"","_speechkit_link":"","_speechkit_text":"70076c46d382221068f626e05b968c36"},"class_list":["post-19034","page","type-page","status-publish","hentry"],"yoast_head":"<!-- This site is optimized with the Yoast SEO plugin v27.5 - https:\/\/yoast.com\/product\/yoast-seo-wordpress\/ -->\n<title>New visiting conditions - Priory Saint Cosme, Ronsard&#039;s house<\/title>\n<meta name=\"robots\" content=\"index, follow, max-snippet:-1, max-image-preview:large, max-video-preview:-1\" \/>\n<link rel=\"canonical\" href=\"https:\/\/www.prieure-ronsard.fr\/en\/visiting\/useful-information\/covid-visiting-conditions\/\" \/>\n<meta name=\"twitter:label1\" content=\"Est. reading time\" \/>\n\t<meta name=\"twitter:data1\" content=\"2 minutes\" \/>\n<script type=\"application\/ld+json\" class=\"yoast-schema-graph\">{\"@context\":\"https:\\\/\\\/schema.org\",\"@graph\":[{\"@type\":\"WebPage\",\"@id\":\"https:\\\/\\\/www.prieure-ronsard.fr\\\/en\\\/visiting\\\/useful-information\\\/covid-visiting-conditions\\\/\",\"url\":\"https:\\\/\\\/www.prieure-ronsard.fr\\\/en\\\/visiting\\\/useful-information\\\/covid-visiting-conditions\\\/\",\"name\":\"New visiting conditions - Priory Saint Cosme, Ronsard's house\",\"isPartOf\":{\"@id\":\"https:\\\/\\\/www.prieure-ronsard.fr\\\/#website\"},\"primaryImageOfPage\":{\"@id\":\"https:\\\/\\\/www.prieure-ronsard.fr\\\/en\\\/visiting\\\/useful-information\\\/covid-visiting-conditions\\\/#primaryimage\"},\"image\":{\"@id\":\"https:\\\/\\\/www.prieure-ronsard.fr\\\/en\\\/visiting\\\/useful-information\\\/covid-visiting-conditions\\\/#primaryimage\"},\"thumbnailUrl\":\"https:\\\/\\\/www.prieure-ronsard.fr\\\/wp-content\\\/uploads\\\/2021\\\/10\\\/individuels-300x300.jpg\",\"datePublished\":\"2021-10-13T21:37:52+00:00\",\"dateModified\":\"2025-05-19T13:26:50+00:00\",\"breadcrumb\":{\"@id\":\"https:\\\/\\\/www.prieure-ronsard.fr\\\/en\\\/visiting\\\/useful-information\\\/covid-visiting-conditions\\\/#breadcrumb\"},\"inLanguage\":\"en-US\",\"potentialAction\":[{\"@type\":\"ReadAction\",\"target\":[\"https:\\\/\\\/www.prieure-ronsard.fr\\\/en\\\/visiting\\\/useful-information\\\/covid-visiting-conditions\\\/\"]}]},{\"@type\":\"ImageObject\",\"inLanguage\":\"en-US\",\"@id\":\"https:\\\/\\\/www.prieure-ronsard.fr\\\/en\\\/visiting\\\/useful-information\\\/covid-visiting-conditions\\\/#primaryimage\",\"url\":\"https:\\\/\\\/www.prieure-ronsard.fr\\\/wp-content\\\/uploads\\\/2021\\\/10\\\/individuels-300x300.jpg\",\"contentUrl\":\"https:\\\/\\\/www.prieure-ronsard.fr\\\/wp-content\\\/uploads\\\/2021\\\/10\\\/individuels-300x300.jpg\"},{\"@type\":\"BreadcrumbList\",\"@id\":\"https:\\\/\\\/www.prieure-ronsard.fr\\\/en\\\/visiting\\\/useful-information\\\/covid-visiting-conditions\\\/#breadcrumb\",\"itemListElement\":[{\"@type\":\"ListItem\",\"position\":1,\"name\":\"Accueil\",\"item\":\"https:\\\/\\\/www.prieure-ronsard.fr\\\/en\\\/\"},{\"@type\":\"ListItem\",\"position\":2,\"name\":\"Visiting the priory\",\"item\":\"https:\\\/\\\/www.prieure-ronsard.fr\\\/en\\\/visiting\\\/\"},{\"@type\":\"ListItem\",\"position\":3,\"name\":\"Useful Information\",\"item\":\"https:\\\/\\\/www.prieure-ronsard.fr\\\/en\\\/visiting\\\/useful-information\\\/\"},{\"@type\":\"ListItem\",\"position\":4,\"name\":\"New visiting conditions\"}]},{\"@type\":\"WebSite\",\"@id\":\"https:\\\/\\\/www.prieure-ronsard.fr\\\/#website\",\"url\":\"https:\\\/\\\/www.prieure-ronsard.fr\\\/\",\"name\":\"Prieur\u00e9 saint Cosme - Demeure de Ronsard\",\"description\":\"La po\u00e9sie, un art \u00e0 vivre\",\"potentialAction\":[{\"@type\":\"SearchAction\",\"target\":{\"@type\":\"EntryPoint\",\"urlTemplate\":\"https:\\\/\\\/www.prieure-ronsard.fr\\\/?s={search_term_string}\"},\"query-input\":{\"@type\":\"PropertyValueSpecification\",\"valueRequired\":true,\"valueName\":\"search_term_string\"}}],\"inLanguage\":\"en-US\"}]}<\/script>\n<!-- \/ Yoast SEO plugin. -->","yoast_head_json":{"title":"New visiting conditions - Priory Saint Cosme, Ronsard's house","robots":{"index":"index","follow":"follow","max-snippet":"max-snippet:-1","max-image-preview":"max-image-preview:large","max-video-preview":"max-video-preview:-1"},"canonical":"https:\/\/www.prieure-ronsard.fr\/en\/visiting\/useful-information\/covid-visiting-conditions\/","twitter_misc":{"Est. reading time":"2 minutes"},"schema":{"@context":"https:\/\/schema.org","@graph":[{"@type":"WebPage","@id":"https:\/\/www.prieure-ronsard.fr\/en\/visiting\/useful-information\/covid-visiting-conditions\/","url":"https:\/\/www.prieure-ronsard.fr\/en\/visiting\/useful-information\/covid-visiting-conditions\/","name":"New visiting conditions - Priory Saint Cosme, Ronsard's house","isPartOf":{"@id":"https:\/\/www.prieure-ronsard.fr\/#website"},"primaryImageOfPage":{"@id":"https:\/\/www.prieure-ronsard.fr\/en\/visiting\/useful-information\/covid-visiting-conditions\/#primaryimage"},"image":{"@id":"https:\/\/www.prieure-ronsard.fr\/en\/visiting\/useful-information\/covid-visiting-conditions\/#primaryimage"},"thumbnailUrl":"https:\/\/www.prieure-ronsard.fr\/wp-content\/uploads\/2021\/10\/individuels-300x300.jpg","datePublished":"2021-10-13T21:37:52+00:00","dateModified":"2025-05-19T13:26:50+00:00","breadcrumb":{"@id":"https:\/\/www.prieure-ronsard.fr\/en\/visiting\/useful-information\/covid-visiting-conditions\/#breadcrumb"},"inLanguage":"en-US","potentialAction":[{"@type":"ReadAction","target":["https:\/\/www.prieure-ronsard.fr\/en\/visiting\/useful-information\/covid-visiting-conditions\/"]}]},{"@type":"ImageObject","inLanguage":"en-US","@id":"https:\/\/www.prieure-ronsard.fr\/en\/visiting\/useful-information\/covid-visiting-conditions\/#primaryimage","url":"https:\/\/www.prieure-ronsard.fr\/wp-content\/uploads\/2021\/10\/individuels-300x300.jpg","contentUrl":"https:\/\/www.prieure-ronsard.fr\/wp-content\/uploads\/2021\/10\/individuels-300x300.jpg"},{"@type":"BreadcrumbList","@id":"https:\/\/www.prieure-ronsard.fr\/en\/visiting\/useful-information\/covid-visiting-conditions\/#breadcrumb","itemListElement":[{"@type":"ListItem","position":1,"name":"Accueil","item":"https:\/\/www.prieure-ronsard.fr\/en\/"},{"@type":"ListItem","position":2,"name":"Visiting the priory","item":"https:\/\/www.prieure-ronsard.fr\/en\/visiting\/"},{"@type":"ListItem","position":3,"name":"Useful Information","item":"https:\/\/www.prieure-ronsard.fr\/en\/visiting\/useful-information\/"},{"@type":"ListItem","position":4,"name":"New visiting conditions"}]},{"@type":"WebSite","@id":"https:\/\/www.prieure-ronsard.fr\/#website","url":"https:\/\/www.prieure-ronsard.fr\/","name":"Prieur\u00e9 saint Cosme - Demeure de Ronsard","description":"La po\u00e9sie, un art \u00e0 vivre","potentialAction":[{"@type":"SearchAction","target":{"@type":"EntryPoint","urlTemplate":"https:\/\/www.prieure-ronsard.fr\/?s={search_term_string}"},"query-input":{"@type":"PropertyValueSpecification","valueRequired":true,"valueName":"search_term_string"}}],"inLanguage":"en-US"}]}},"_links":{"self":[{"href":"https:\/\/www.prieure-ronsard.fr\/en\/wp-json\/wp\/v2\/pages\/19034","targetHints":{"allow":["GET"]}}],"collection":[{"href":"https:\/\/www.prieure-ronsard.fr\/en\/wp-json\/wp\/v2\/pages"}],"about":[{"href":"https:\/\/www.prieure-ronsard.fr\/en\/wp-json\/wp\/v2\/types\/page"}],"author":[{"embeddable":true,"href":"https:\/\/www.prieure-ronsard.fr\/en\/wp-json\/wp\/v2\/users\/10"}],"replies":[{"embeddable":true,"href":"https:\/\/www.prieure-ronsard.fr\/en\/wp-json\/wp\/v2\/comments?post=19034"}],"version-history":[{"count":6,"href":"https:\/\/www.prieure-ronsard.fr\/en\/wp-json\/wp\/v2\/pages\/19034\/revisions"}],"predecessor-version":[{"id":21627,"href":"https:\/\/www.prieure-ronsard.fr\/en\/wp-json\/wp\/v2\/pages\/19034\/revisions\/21627"}],"up":[{"embeddable":true,"href":"https:\/\/www.prieure-ronsard.fr\/en\/wp-json\/wp\/v2\/pages\/19051"}],"wp:attachment":[{"href":"https:\/\/www.prieure-ronsard.fr\/en\/wp-json\/wp\/v2\/media?parent=19034"}],"curies":[{"name":"wp","href":"https:\/\/api.w.org\/{rel}","templated":true}]}}