{"id":19036,"date":"2021-10-07T17:25:14","date_gmt":"2021-10-07T16:25:14","guid":{"rendered":"https:\/\/www.prieure-ronsard.fr\/acces\/"},"modified":"2021-12-22T12:16:12","modified_gmt":"2021-12-22T11:16:12","slug":"how-to-get-there","status":"publish","type":"page","link":"https:\/\/www.prieure-ronsard.fr\/en\/visiting\/useful-information\/how-to-get-there\/","title":{"rendered":"How to get there"},"content":{"rendered":"<div id=\"pl-19036\"  class=\"panel-layout\" ><div id=\"pg-19036-0\"  class=\"panel-grid panel-has-style\" ><div class=\"image_gauche siteorigin-panels-stretch panel-row-style panel-row-style-for-19036-0\" data-stretch-type=\"full\" ><div id=\"pgc-19036-0-0\"  class=\"panel-grid-cell\" ><div id=\"panel-19036-0-0-0\" class=\"so-panel widget widget_sow-editor panel-first-child panel-last-child\" data-index=\"0\" ><div class=\"image_gauche animation_gauche_droite panel-widget-style panel-widget-style-for-19036-0-0-0\" ><div\n\t\t\t\n\t\t\tclass=\"so-widget-sow-editor so-widget-sow-editor-base\"\n\t\t\t\n\t\t>\n<div class=\"siteorigin-widget-tinymce textwidget\">\n\t\n<\/div>\n<\/div><\/div><\/div><\/div><div id=\"pgc-19036-0-1\"  class=\"panel-grid-cell\" ><div id=\"panel-19036-0-1-0\" class=\"so-panel widget widget_sow-editor panel-first-child panel-last-child\" data-index=\"1\" ><div class=\"tarif panel-widget-style panel-widget-style-for-19036-0-1-0\" ><div\n\t\t\t\n\t\t\tclass=\"so-widget-sow-editor so-widget-sow-editor-base\"\n\t\t\t\n\t\t>\n<div class=\"siteorigin-widget-tinymce textwidget\">\n\t<p>&nbsp;<\/p>\n<h2>How to get there<\/h2>\n<div>\n<p>Priory Saint-Cosme, Ronsard's house is in La Riche, 3km from Tours<\/p>\n<h3>by public transport<\/h3>\n<p>The 3A bus from Tours train station (20 min), La Pl\u00e9iade stop, click <a href=\"https:\/\/www.filbleu.fr\/horaires-et-trajet\/depliants-horaires\">here<\/a> for timetables).<\/p>\n<h3>by bike<\/h3>\n<p>Located on the <a href=\"https:\/\/www.francevelotourisme.com\/itineraire\/la-loire-a-velo-eurovelo-6#redirect-loire+%C3%A0+v%C3%A9lo\">\"La Loire \u00e0 V\u00e9lo\" <\/a>bike path.<\/p>\n<h3>by car<\/h3>\n<p>3km from Tours, near the A10 and A85 motorway<\/p>\n<\/div>\n<\/div>\n<\/div><\/div><\/div><\/div><\/div><\/div><\/div>","protected":false},"excerpt":{"rendered":"<p>&nbsp; How to get there Priory Saint-Cosme, Ronsard&#8217;s house is in La Riche, 3km from Tours by public transport The 3A bus from Tours train station (20 min), La [&hellip;]<\/p>\n","protected":false},"author":10,"featured_media":0,"parent":19051,"menu_order":62,"comment_status":"closed","ping_status":"closed","template":"","meta":{"inline_featured_image":false,"footnotes":"","beyondwords_generate_audio":"","beyondwords_project_id":"","beyondwords_content_id":"","beyondwords_preview_token":"","beyondwords_player_style":"","beyondwords_language_id":"","beyondwords_title_voice_id":"","beyondwords_body_voice_id":"","beyondwords_summary_voice_id":"","beyondwords_error_message":"","beyondwords_disabled":"","beyondwords_delete_content":"","beyondwords_podcast_id":"","beyondwords_hash":"","publish_post_to_speechkit":"0","speechkit_hash":"","speechkit_generate_audio":"0","speechkit_project_id":"","speechkit_podcast_id":"","speechkit_error_message":"","speechkit_disabled":"","speechkit_access_key":"","speechkit_error":"","speechkit_info":"","speechkit_response":"","speechkit_retries":"","speechkit_status":"","speechkit_updated_at":"","_speechkit_link":"","_speechkit_text":"70076c46d382221068f626e05b968c36"},"class_list":["post-19036","page","type-page","status-publish","hentry"],"yoast_head":"<!-- This site is optimized with the Yoast SEO plugin v27.6 - https:\/\/yoast.com\/product\/yoast-seo-wordpress\/ -->\n<title>How to get there - Priory Saint Cosme, Ronsard&#039;s House<\/title>\n<meta name=\"robots\" content=\"index, follow, max-snippet:-1, max-image-preview:large, max-video-preview:-1\" \/>\n<link rel=\"canonical\" href=\"https:\/\/www.prieure-ronsard.fr\/en\/visiting\/useful-information\/how-to-get-there\/\" \/>\n<meta name=\"twitter:label1\" content=\"Est. reading time\" \/>\n\t<meta name=\"twitter:data1\" content=\"1 minute\" \/>\n<script type=\"application\/ld+json\" class=\"yoast-schema-graph\">{\"@context\":\"https:\\\/\\\/schema.org\",\"@graph\":[{\"@type\":\"WebPage\",\"@id\":\"https:\\\/\\\/www.prieure-ronsard.fr\\\/en\\\/visiting\\\/useful-information\\\/how-to-get-there\\\/\",\"url\":\"https:\\\/\\\/www.prieure-ronsard.fr\\\/en\\\/visiting\\\/useful-information\\\/how-to-get-there\\\/\",\"name\":\"How to get there - Priory Saint Cosme, Ronsard's House\",\"isPartOf\":{\"@id\":\"https:\\\/\\\/www.prieure-ronsard.fr\\\/#website\"},\"datePublished\":\"2021-10-07T16:25:14+00:00\",\"dateModified\":\"2021-12-22T11:16:12+00:00\",\"breadcrumb\":{\"@id\":\"https:\\\/\\\/www.prieure-ronsard.fr\\\/en\\\/visiting\\\/useful-information\\\/how-to-get-there\\\/#breadcrumb\"},\"inLanguage\":\"en-US\",\"potentialAction\":[{\"@type\":\"ReadAction\",\"target\":[\"https:\\\/\\\/www.prieure-ronsard.fr\\\/en\\\/visiting\\\/useful-information\\\/how-to-get-there\\\/\"]}]},{\"@type\":\"BreadcrumbList\",\"@id\":\"https:\\\/\\\/www.prieure-ronsard.fr\\\/en\\\/visiting\\\/useful-information\\\/how-to-get-there\\\/#breadcrumb\",\"itemListElement\":[{\"@type\":\"ListItem\",\"position\":1,\"name\":\"Accueil\",\"item\":\"https:\\\/\\\/www.prieure-ronsard.fr\\\/en\\\/\"},{\"@type\":\"ListItem\",\"position\":2,\"name\":\"Visiting the priory\",\"item\":\"https:\\\/\\\/www.prieure-ronsard.fr\\\/en\\\/visiting\\\/\"},{\"@type\":\"ListItem\",\"position\":3,\"name\":\"Useful Information\",\"item\":\"https:\\\/\\\/www.prieure-ronsard.fr\\\/en\\\/visiting\\\/useful-information\\\/\"},{\"@type\":\"ListItem\",\"position\":4,\"name\":\"How to get there\"}]},{\"@type\":\"WebSite\",\"@id\":\"https:\\\/\\\/www.prieure-ronsard.fr\\\/#website\",\"url\":\"https:\\\/\\\/www.prieure-ronsard.fr\\\/\",\"name\":\"Prieur\u00e9 saint Cosme - Demeure de Ronsard\",\"description\":\"La po\u00e9sie, un art \u00e0 vivre\",\"potentialAction\":[{\"@type\":\"SearchAction\",\"target\":{\"@type\":\"EntryPoint\",\"urlTemplate\":\"https:\\\/\\\/www.prieure-ronsard.fr\\\/?s={search_term_string}\"},\"query-input\":{\"@type\":\"PropertyValueSpecification\",\"valueRequired\":true,\"valueName\":\"search_term_string\"}}],\"inLanguage\":\"en-US\"}]}<\/script>\n<!-- \/ Yoast SEO plugin. -->","yoast_head_json":{"title":"How to get there - Priory Saint Cosme, Ronsard's House","robots":{"index":"index","follow":"follow","max-snippet":"max-snippet:-1","max-image-preview":"max-image-preview:large","max-video-preview":"max-video-preview:-1"},"canonical":"https:\/\/www.prieure-ronsard.fr\/en\/visiting\/useful-information\/how-to-get-there\/","twitter_misc":{"Est. reading time":"1 minute"},"schema":{"@context":"https:\/\/schema.org","@graph":[{"@type":"WebPage","@id":"https:\/\/www.prieure-ronsard.fr\/en\/visiting\/useful-information\/how-to-get-there\/","url":"https:\/\/www.prieure-ronsard.fr\/en\/visiting\/useful-information\/how-to-get-there\/","name":"How to get there - Priory Saint Cosme, Ronsard's House","isPartOf":{"@id":"https:\/\/www.prieure-ronsard.fr\/#website"},"datePublished":"2021-10-07T16:25:14+00:00","dateModified":"2021-12-22T11:16:12+00:00","breadcrumb":{"@id":"https:\/\/www.prieure-ronsard.fr\/en\/visiting\/useful-information\/how-to-get-there\/#breadcrumb"},"inLanguage":"en-US","potentialAction":[{"@type":"ReadAction","target":["https:\/\/www.prieure-ronsard.fr\/en\/visiting\/useful-information\/how-to-get-there\/"]}]},{"@type":"BreadcrumbList","@id":"https:\/\/www.prieure-ronsard.fr\/en\/visiting\/useful-information\/how-to-get-there\/#breadcrumb","itemListElement":[{"@type":"ListItem","position":1,"name":"Accueil","item":"https:\/\/www.prieure-ronsard.fr\/en\/"},{"@type":"ListItem","position":2,"name":"Visiting the priory","item":"https:\/\/www.prieure-ronsard.fr\/en\/visiting\/"},{"@type":"ListItem","position":3,"name":"Useful Information","item":"https:\/\/www.prieure-ronsard.fr\/en\/visiting\/useful-information\/"},{"@type":"ListItem","position":4,"name":"How to get there"}]},{"@type":"WebSite","@id":"https:\/\/www.prieure-ronsard.fr\/#website","url":"https:\/\/www.prieure-ronsard.fr\/","name":"Prieur\u00e9 saint Cosme - Demeure de Ronsard","description":"La po\u00e9sie, un art \u00e0 vivre","potentialAction":[{"@type":"SearchAction","target":{"@type":"EntryPoint","urlTemplate":"https:\/\/www.prieure-ronsard.fr\/?s={search_term_string}"},"query-input":{"@type":"PropertyValueSpecification","valueRequired":true,"valueName":"search_term_string"}}],"inLanguage":"en-US"}]}},"_links":{"self":[{"href":"https:\/\/www.prieure-ronsard.fr\/en\/wp-json\/wp\/v2\/pages\/19036","targetHints":{"allow":["GET"]}}],"collection":[{"href":"https:\/\/www.prieure-ronsard.fr\/en\/wp-json\/wp\/v2\/pages"}],"about":[{"href":"https:\/\/www.prieure-ronsard.fr\/en\/wp-json\/wp\/v2\/types\/page"}],"author":[{"embeddable":true,"href":"https:\/\/www.prieure-ronsard.fr\/en\/wp-json\/wp\/v2\/users\/10"}],"replies":[{"embeddable":true,"href":"https:\/\/www.prieure-ronsard.fr\/en\/wp-json\/wp\/v2\/comments?post=19036"}],"version-history":[{"count":3,"href":"https:\/\/www.prieure-ronsard.fr\/en\/wp-json\/wp\/v2\/pages\/19036\/revisions"}],"predecessor-version":[{"id":19104,"href":"https:\/\/www.prieure-ronsard.fr\/en\/wp-json\/wp\/v2\/pages\/19036\/revisions\/19104"}],"up":[{"embeddable":true,"href":"https:\/\/www.prieure-ronsard.fr\/en\/wp-json\/wp\/v2\/pages\/19051"}],"wp:attachment":[{"href":"https:\/\/www.prieure-ronsard.fr\/en\/wp-json\/wp\/v2\/media?parent=19036"}],"curies":[{"name":"wp","href":"https:\/\/api.w.org\/{rel}","templated":true}]}}