{"id":19037,"date":"2021-10-07T17:22:00","date_gmt":"2021-10-07T16:22:00","guid":{"rendered":"https:\/\/www.prieure-ronsard.fr\/tarifs\/"},"modified":"2025-09-02T12:26:08","modified_gmt":"2025-09-02T10:26:08","slug":"prices","status":"publish","type":"page","link":"https:\/\/www.prieure-ronsard.fr\/en\/visiting\/useful-information\/prices\/","title":{"rendered":"Prices"},"content":{"rendered":"<div id=\"pl-19037\"  class=\"panel-layout\" ><div id=\"pg-19037-0\"  class=\"panel-grid panel-has-style\" ><div class=\"image_gauche siteorigin-panels-stretch panel-row-style panel-row-style-for-19037-0\" data-stretch-type=\"full\" ><div id=\"pgc-19037-0-0\"  class=\"panel-grid-cell\" ><div id=\"panel-19037-0-0-0\" class=\"so-panel widget widget_sow-editor panel-first-child panel-last-child\" data-index=\"0\" ><div class=\"image_gauche panel-widget-style panel-widget-style-for-19037-0-0-0\" ><div\n\t\t\t\n\t\t\tclass=\"so-widget-sow-editor so-widget-sow-editor-base\"\n\t\t\t\n\t\t>\n<div class=\"siteorigin-widget-tinymce textwidget\">\n\t<p><img loading=\"lazy\" decoding=\"async\" class=\"alignnone size-full wp-image-18291\" src=\"https:\/\/www.prieure-ronsard.fr\/wp-content\/uploads\/2021\/10\/Prieure_St-Cosme_Slow_Tourisme_Stevens_Fre\u0301mont_01_BD-14-1-scaled.jpg\" alt=\"\" width=\"1707\" height=\"2560\" srcset=\"https:\/\/www.prieure-ronsard.fr\/wp-content\/uploads\/2021\/10\/Prieure_St-Cosme_Slow_Tourisme_Stevens_Fre\u0301mont_01_BD-14-1-scaled.jpg 1707w, https:\/\/www.prieure-ronsard.fr\/wp-content\/uploads\/2021\/10\/Prieure_St-Cosme_Slow_Tourisme_Stevens_Fre\u0301mont_01_BD-14-1-200x300.jpg 200w, https:\/\/www.prieure-ronsard.fr\/wp-content\/uploads\/2021\/10\/Prieure_St-Cosme_Slow_Tourisme_Stevens_Fre\u0301mont_01_BD-14-1-683x1024.jpg 683w, https:\/\/www.prieure-ronsard.fr\/wp-content\/uploads\/2021\/10\/Prieure_St-Cosme_Slow_Tourisme_Stevens_Fre\u0301mont_01_BD-14-1-1024x1536.jpg 1024w, https:\/\/www.prieure-ronsard.fr\/wp-content\/uploads\/2021\/10\/Prieure_St-Cosme_Slow_Tourisme_Stevens_Fre\u0301mont_01_BD-14-1-1366x2048.jpg 1366w, https:\/\/www.prieure-ronsard.fr\/wp-content\/uploads\/2021\/10\/Prieure_St-Cosme_Slow_Tourisme_Stevens_Fre\u0301mont_01_BD-14-1-1320x1979.jpg 1320w\" sizes=\"auto, (max-width: 1707px) 100vw, 1707px\" \/><\/p>\n<\/div>\n<\/div><\/div><\/div><\/div><div id=\"pgc-19037-0-1\"  class=\"panel-grid-cell\" ><div id=\"panel-19037-0-1-0\" class=\"so-panel widget widget_sow-editor panel-first-child panel-last-child\" data-index=\"1\" ><div class=\"tarif panel-widget-style panel-widget-style-for-19037-0-1-0\" ><div\n\t\t\t\n\t\t\tclass=\"so-widget-sow-editor so-widget-sow-editor-base\"\n\t\t\t\n\t\t>\n<div class=\"siteorigin-widget-tinymce textwidget\">\n\t<p>&nbsp;<\/p>\n<h3 data-wahfont=\"24\"><img loading=\"lazy\" decoding=\"async\" class=\"alignnone size-full wp-image-17529\" src=\"https:\/\/www.prieure-ronsard.fr\/wp-content\/uploads\/2021\/09\/element1.png\" alt=\"\" width=\"13\" height=\"14\" \/> standard : 7.50 \u20ac<\/h3>\n<h3 data-wahfont=\"24\"><img loading=\"lazy\" decoding=\"async\" class=\"alignnone size-full wp-image-17529\" src=\"https:\/\/www.prieure-ronsard.fr\/wp-content\/uploads\/2021\/09\/element1.png\" alt=\"\" width=\"13\" height=\"14\" \/> CONCESSION : 6.50 \u20ac<br \/>\n(*proof of id required)<\/h3>\n<ul>\n<li>7-18 years old*<\/li>\n<li>Student*<\/li>\n<li>Person with a disability*<\/li>\n<li>Person accompanying a person with a disability*<\/li>\n<li>Holder of the large family card*<\/li>\n<li>Pass Education card*<\/li>\n<li>Privilege Pass holder of another monument of Indre-et-Loire Departmental Council*<\/li>\n<li>Accompanying a Privilege Pass holder from the site visited*<\/li>\n<li>Groups of 15 or more people<\/li>\n<li>On presentation of a full price ticket purchased at the Balzac Museum, Ch\u00e2teau de Sach\u00e9 or Rabelais Museum, La Devini\u00e8re<\/li>\n<li>On presentation of a full price ticket purchased at Ronsard's Childhood Home, Manoir de la Possonni\u00e8re<\/li>\n<\/ul>\n<h3 data-wahfont=\"24\"><img loading=\"lazy\" decoding=\"async\" class=\"alignnone size-full wp-image-17529\" src=\"https:\/\/www.prieure-ronsard.fr\/wp-content\/uploads\/2021\/09\/element1.png\" alt=\"\" width=\"13\" height=\"14\" \/> FREE<br \/>\n(*proOf required)<\/h3>\n<ul>\n<li>Under 7s*<\/li>\n<li>Benefit claimants and jobseekers*<\/li>\n<li>Culture Ministry staff, ICOM holders, tour guides*<\/li>\n<li>Journalists*<\/li>\n<\/ul>\n<\/div>\n<\/div><\/div><\/div><\/div><\/div><\/div><div id=\"pg-19037-1\"  class=\"panel-grid panel-has-style\" ><div class=\"image_droite siteorigin-panels-stretch panel-row-style panel-row-style-for-19037-1\" data-stretch-type=\"full\" ><div id=\"pgc-19037-1-0\"  class=\"panel-grid-cell\" ><div id=\"panel-19037-1-0-0\" class=\"so-panel widget widget_sow-editor panel-first-child panel-last-child\" data-index=\"2\" ><div class=\"tarif panel-widget-style panel-widget-style-for-19037-1-0-0\" ><div\n\t\t\t\n\t\t\tclass=\"so-widget-sow-editor so-widget-sow-editor-base\"\n\t\t\t\n\t\t>\n<div class=\"siteorigin-widget-tinymce textwidget\">\n\t<p>&nbsp;<\/p>\n<h3 data-wahfont=\"24\"><img loading=\"lazy\" decoding=\"async\" class=\"alignnone size-full wp-image-17529\" src=\"https:\/\/www.prieure-ronsard.fr\/wp-content\/uploads\/2021\/09\/element1.png\" alt=\"\" width=\"13\" height=\"14\" \/> OTHER PRICES<\/h3>\n<ul>\n<li><strong>Children and adults workshop: <\/strong>10 \u20ac (over 7s) or 9 \u20ac (under 7s or 2<sup>nd<\/sup> child or 2<sup>nd<\/sup> workshop with the Junior card)<\/li>\n<li><strong>Supplement for specific activities:<\/strong> + 2.50 \u20ac<\/li>\n<\/ul>\n<h3 data-wahfont=\"24\"><img loading=\"lazy\" decoding=\"async\" class=\"alignnone size-full wp-image-17529\" src=\"https:\/\/www.prieure-ronsard.fr\/wp-content\/uploads\/2021\/09\/element1.png\" alt=\"\" width=\"13\" height=\"14\" \/> VIP PASS : 20 \u20ac<\/h3>\n<ul>\n<li>Valid for one year to the day<\/li>\n<li>Unlimited museum admission<\/li>\n<li>Discounted tickets for a companion<\/li>\n<li>Discounted tickets to one other Indre-et-Loire Council sites for the pass holder<\/li>\n<li>10% off at the museum gift shop<\/li>\n<\/ul>\n<h3 data-wahfont=\"24\">PAyMENT MEthods<\/h3>\n<p>Cash, card, cheque, holiday cheque, YEP'S<\/p>\n<\/div>\n<\/div><\/div><\/div><\/div><div id=\"pgc-19037-1-1\"  class=\"panel-grid-cell\" ><div id=\"panel-19037-1-1-0\" class=\"so-panel widget widget_sow-editor panel-first-child panel-last-child\" data-index=\"3\" ><div class=\"image_gauche panel-widget-style panel-widget-style-for-19037-1-1-0\" ><div\n\t\t\t\n\t\t\tclass=\"so-widget-sow-editor so-widget-sow-editor-base\"\n\t\t\t\n\t\t>\n<div class=\"siteorigin-widget-tinymce textwidget\">\n\t<p><img loading=\"lazy\" decoding=\"async\" class=\"alignnone wp-image-18696 size-full\" src=\"https:\/\/www.prieure-ronsard.fr\/wp-content\/uploads\/2021\/11\/pass_privilege.jpg\" alt=\"\" width=\"1200\" height=\"764\" srcset=\"https:\/\/www.prieure-ronsard.fr\/wp-content\/uploads\/2021\/11\/pass_privilege.jpg 1200w, https:\/\/www.prieure-ronsard.fr\/wp-content\/uploads\/2021\/11\/pass_privilege-300x191.jpg 300w, https:\/\/www.prieure-ronsard.fr\/wp-content\/uploads\/2021\/11\/pass_privilege-1024x652.jpg 1024w\" sizes=\"auto, (max-width: 1200px) 100vw, 1200px\" \/><\/p>\n<p>&nbsp;<\/p>\n<\/div>\n<\/div><\/div><\/div><\/div><\/div><\/div><div id=\"pg-19037-2\"  class=\"panel-grid panel-no-style\" ><div id=\"pgc-19037-2-0\"  class=\"panel-grid-cell\" ><div id=\"panel-19037-2-0-0\" class=\"so-panel widget widget_sow-editor panel-first-child panel-last-child\" data-index=\"4\" ><div\n\t\t\t\n\t\t\tclass=\"so-widget-sow-editor so-widget-sow-editor-base\"\n\t\t\t\n\t\t>\n<div class=\"siteorigin-widget-tinymce textwidget\">\n\t<div class=\"btn_orange\"><a href=\"https:\/\/billetterie-monuments.touraine.fr\/activite\/41\/\" target=\"_blank\" rel=\"noopener\"><strong>Buy your tickets online<\/strong><\/a><\/div>\n<\/div>\n<\/div><\/div><\/div><\/div><\/div>","protected":false},"excerpt":{"rendered":"<p>&nbsp; standard : 7.50 \u20ac CONCESSION : 6.50 \u20ac (*proof of id required) 7-18 years old* Student* Person with a disability* Person accompanying a person with a disability* Holder [&hellip;]<\/p>\n","protected":false},"author":10,"featured_media":0,"parent":19051,"menu_order":56,"comment_status":"closed","ping_status":"closed","template":"","meta":{"inline_featured_image":false,"footnotes":"","beyondwords_generate_audio":"0","beyondwords_project_id":"","beyondwords_content_id":"","beyondwords_preview_token":"","beyondwords_player_style":"","beyondwords_language_id":"","beyondwords_title_voice_id":"","beyondwords_body_voice_id":"","beyondwords_summary_voice_id":"","beyondwords_error_message":"","beyondwords_disabled":"","beyondwords_delete_content":"","beyondwords_podcast_id":"","beyondwords_hash":"","publish_post_to_speechkit":"0","speechkit_hash":"","speechkit_generate_audio":"0","speechkit_project_id":"","speechkit_podcast_id":"","speechkit_error_message":"","speechkit_disabled":"","speechkit_access_key":"","speechkit_error":"","speechkit_info":"","speechkit_response":"","speechkit_retries":"","speechkit_status":"","speechkit_updated_at":"","_speechkit_link":"","_speechkit_text":"70076c46d382221068f626e05b968c36"},"class_list":["post-19037","page","type-page","status-publish","hentry"],"yoast_head":"<!-- This site is optimized with the Yoast SEO plugin v27.5 - https:\/\/yoast.com\/product\/yoast-seo-wordpress\/ -->\n<title>Prices - Priory Saint Cosme, Ronsard&#039;s House<\/title>\n<meta name=\"robots\" content=\"index, follow, max-snippet:-1, max-image-preview:large, max-video-preview:-1\" \/>\n<link rel=\"canonical\" href=\"https:\/\/www.prieure-ronsard.fr\/en\/visiting\/useful-information\/prices\/\" \/>\n<meta name=\"twitter:label1\" content=\"Est. reading time\" \/>\n\t<meta name=\"twitter:data1\" content=\"3 minutes\" \/>\n<script type=\"application\/ld+json\" class=\"yoast-schema-graph\">{\"@context\":\"https:\\\/\\\/schema.org\",\"@graph\":[{\"@type\":\"WebPage\",\"@id\":\"https:\\\/\\\/www.prieure-ronsard.fr\\\/en\\\/visiting\\\/useful-information\\\/prices\\\/\",\"url\":\"https:\\\/\\\/www.prieure-ronsard.fr\\\/en\\\/visiting\\\/useful-information\\\/prices\\\/\",\"name\":\"Prices - Priory Saint Cosme, Ronsard's House\",\"isPartOf\":{\"@id\":\"https:\\\/\\\/www.prieure-ronsard.fr\\\/#website\"},\"primaryImageOfPage\":{\"@id\":\"https:\\\/\\\/www.prieure-ronsard.fr\\\/en\\\/visiting\\\/useful-information\\\/prices\\\/#primaryimage\"},\"image\":{\"@id\":\"https:\\\/\\\/www.prieure-ronsard.fr\\\/en\\\/visiting\\\/useful-information\\\/prices\\\/#primaryimage\"},\"thumbnailUrl\":\"https:\\\/\\\/www.prieure-ronsard.fr\\\/wp-content\\\/uploads\\\/2021\\\/09\\\/element1.png\",\"datePublished\":\"2021-10-07T16:22:00+00:00\",\"dateModified\":\"2025-09-02T10:26:08+00:00\",\"breadcrumb\":{\"@id\":\"https:\\\/\\\/www.prieure-ronsard.fr\\\/en\\\/visiting\\\/useful-information\\\/prices\\\/#breadcrumb\"},\"inLanguage\":\"en-US\",\"potentialAction\":[{\"@type\":\"ReadAction\",\"target\":[\"https:\\\/\\\/www.prieure-ronsard.fr\\\/en\\\/visiting\\\/useful-information\\\/prices\\\/\"]}]},{\"@type\":\"ImageObject\",\"inLanguage\":\"en-US\",\"@id\":\"https:\\\/\\\/www.prieure-ronsard.fr\\\/en\\\/visiting\\\/useful-information\\\/prices\\\/#primaryimage\",\"url\":\"https:\\\/\\\/www.prieure-ronsard.fr\\\/wp-content\\\/uploads\\\/2021\\\/09\\\/element1.png\",\"contentUrl\":\"https:\\\/\\\/www.prieure-ronsard.fr\\\/wp-content\\\/uploads\\\/2021\\\/09\\\/element1.png\"},{\"@type\":\"BreadcrumbList\",\"@id\":\"https:\\\/\\\/www.prieure-ronsard.fr\\\/en\\\/visiting\\\/useful-information\\\/prices\\\/#breadcrumb\",\"itemListElement\":[{\"@type\":\"ListItem\",\"position\":1,\"name\":\"Accueil\",\"item\":\"https:\\\/\\\/www.prieure-ronsard.fr\\\/en\\\/\"},{\"@type\":\"ListItem\",\"position\":2,\"name\":\"Visiting the priory\",\"item\":\"https:\\\/\\\/www.prieure-ronsard.fr\\\/en\\\/visiting\\\/\"},{\"@type\":\"ListItem\",\"position\":3,\"name\":\"Useful Information\",\"item\":\"https:\\\/\\\/www.prieure-ronsard.fr\\\/en\\\/visiting\\\/useful-information\\\/\"},{\"@type\":\"ListItem\",\"position\":4,\"name\":\"Prices\"}]},{\"@type\":\"WebSite\",\"@id\":\"https:\\\/\\\/www.prieure-ronsard.fr\\\/#website\",\"url\":\"https:\\\/\\\/www.prieure-ronsard.fr\\\/\",\"name\":\"Prieur\u00e9 saint Cosme - Demeure de Ronsard\",\"description\":\"La po\u00e9sie, un art \u00e0 vivre\",\"potentialAction\":[{\"@type\":\"SearchAction\",\"target\":{\"@type\":\"EntryPoint\",\"urlTemplate\":\"https:\\\/\\\/www.prieure-ronsard.fr\\\/?s={search_term_string}\"},\"query-input\":{\"@type\":\"PropertyValueSpecification\",\"valueRequired\":true,\"valueName\":\"search_term_string\"}}],\"inLanguage\":\"en-US\"}]}<\/script>\n<!-- \/ Yoast SEO plugin. -->","yoast_head_json":{"title":"Prices - Priory Saint Cosme, Ronsard's House","robots":{"index":"index","follow":"follow","max-snippet":"max-snippet:-1","max-image-preview":"max-image-preview:large","max-video-preview":"max-video-preview:-1"},"canonical":"https:\/\/www.prieure-ronsard.fr\/en\/visiting\/useful-information\/prices\/","twitter_misc":{"Est. reading time":"3 minutes"},"schema":{"@context":"https:\/\/schema.org","@graph":[{"@type":"WebPage","@id":"https:\/\/www.prieure-ronsard.fr\/en\/visiting\/useful-information\/prices\/","url":"https:\/\/www.prieure-ronsard.fr\/en\/visiting\/useful-information\/prices\/","name":"Prices - Priory Saint Cosme, Ronsard's House","isPartOf":{"@id":"https:\/\/www.prieure-ronsard.fr\/#website"},"primaryImageOfPage":{"@id":"https:\/\/www.prieure-ronsard.fr\/en\/visiting\/useful-information\/prices\/#primaryimage"},"image":{"@id":"https:\/\/www.prieure-ronsard.fr\/en\/visiting\/useful-information\/prices\/#primaryimage"},"thumbnailUrl":"https:\/\/www.prieure-ronsard.fr\/wp-content\/uploads\/2021\/09\/element1.png","datePublished":"2021-10-07T16:22:00+00:00","dateModified":"2025-09-02T10:26:08+00:00","breadcrumb":{"@id":"https:\/\/www.prieure-ronsard.fr\/en\/visiting\/useful-information\/prices\/#breadcrumb"},"inLanguage":"en-US","potentialAction":[{"@type":"ReadAction","target":["https:\/\/www.prieure-ronsard.fr\/en\/visiting\/useful-information\/prices\/"]}]},{"@type":"ImageObject","inLanguage":"en-US","@id":"https:\/\/www.prieure-ronsard.fr\/en\/visiting\/useful-information\/prices\/#primaryimage","url":"https:\/\/www.prieure-ronsard.fr\/wp-content\/uploads\/2021\/09\/element1.png","contentUrl":"https:\/\/www.prieure-ronsard.fr\/wp-content\/uploads\/2021\/09\/element1.png"},{"@type":"BreadcrumbList","@id":"https:\/\/www.prieure-ronsard.fr\/en\/visiting\/useful-information\/prices\/#breadcrumb","itemListElement":[{"@type":"ListItem","position":1,"name":"Accueil","item":"https:\/\/www.prieure-ronsard.fr\/en\/"},{"@type":"ListItem","position":2,"name":"Visiting the priory","item":"https:\/\/www.prieure-ronsard.fr\/en\/visiting\/"},{"@type":"ListItem","position":3,"name":"Useful Information","item":"https:\/\/www.prieure-ronsard.fr\/en\/visiting\/useful-information\/"},{"@type":"ListItem","position":4,"name":"Prices"}]},{"@type":"WebSite","@id":"https:\/\/www.prieure-ronsard.fr\/#website","url":"https:\/\/www.prieure-ronsard.fr\/","name":"Prieur\u00e9 saint Cosme - Demeure de Ronsard","description":"La po\u00e9sie, un art \u00e0 vivre","potentialAction":[{"@type":"SearchAction","target":{"@type":"EntryPoint","urlTemplate":"https:\/\/www.prieure-ronsard.fr\/?s={search_term_string}"},"query-input":{"@type":"PropertyValueSpecification","valueRequired":true,"valueName":"search_term_string"}}],"inLanguage":"en-US"}]}},"_links":{"self":[{"href":"https:\/\/www.prieure-ronsard.fr\/en\/wp-json\/wp\/v2\/pages\/19037","targetHints":{"allow":["GET"]}}],"collection":[{"href":"https:\/\/www.prieure-ronsard.fr\/en\/wp-json\/wp\/v2\/pages"}],"about":[{"href":"https:\/\/www.prieure-ronsard.fr\/en\/wp-json\/wp\/v2\/types\/page"}],"author":[{"embeddable":true,"href":"https:\/\/www.prieure-ronsard.fr\/en\/wp-json\/wp\/v2\/users\/10"}],"replies":[{"embeddable":true,"href":"https:\/\/www.prieure-ronsard.fr\/en\/wp-json\/wp\/v2\/comments?post=19037"}],"version-history":[{"count":6,"href":"https:\/\/www.prieure-ronsard.fr\/en\/wp-json\/wp\/v2\/pages\/19037\/revisions"}],"predecessor-version":[{"id":21757,"href":"https:\/\/www.prieure-ronsard.fr\/en\/wp-json\/wp\/v2\/pages\/19037\/revisions\/21757"}],"up":[{"embeddable":true,"href":"https:\/\/www.prieure-ronsard.fr\/en\/wp-json\/wp\/v2\/pages\/19051"}],"wp:attachment":[{"href":"https:\/\/www.prieure-ronsard.fr\/en\/wp-json\/wp\/v2\/media?parent=19037"}],"curies":[{"name":"wp","href":"https:\/\/api.w.org\/{rel}","templated":true}]}}