{"id":19042,"date":"2021-10-01T15:43:39","date_gmt":"2021-10-01T14:43:39","guid":{"rendered":"https:\/\/www.prieure-ronsard.fr\/creation-contemporaine\/les-residences-dartistes\/"},"modified":"2021-12-22T22:31:45","modified_gmt":"2021-12-22T21:31:45","slug":"artist-residences","status":"publish","type":"page","link":"https:\/\/www.prieure-ronsard.fr\/en\/explore\/contemporary-design\/artist-residences\/","title":{"rendered":"Artist residences"},"content":{"rendered":"<div id=\"pl-19042\"  class=\"panel-layout\" ><div id=\"pg-19042-0\"  class=\"panel-grid panel-no-style\" ><div id=\"pgc-19042-0-0\"  class=\"panel-grid-cell\" ><div id=\"panel-19042-0-0-0\" class=\"so-panel widget widget_sow-editor panel-first-child panel-last-child\" data-index=\"0\" ><div\n\t\t\t\n\t\t\tclass=\"so-widget-sow-editor so-widget-sow-editor-base\"\n\t\t\t\n\t\t>\n<div class=\"siteorigin-widget-tinymce textwidget\">\n\t<p>&nbsp;<\/p>\n<p style=\"text-align: center;\">The priory was a place for artistic creation in the Prince of Poets' time and it still welcomes contemporary creatives (writers, artists, musicians and dancers) for varying lengths of time to explore all forms of art.<\/p>\n<\/div>\n<\/div><\/div><\/div><\/div><div id=\"pg-19042-1\"  class=\"panel-grid panel-has-style\" ><div class=\"image_gauche siteorigin-panels-stretch panel-row-style panel-row-style-for-19042-1\" data-stretch-type=\"full\" ><div id=\"pgc-19042-1-0\"  class=\"panel-grid-cell\" ><div id=\"panel-19042-1-0-0\" class=\"so-panel widget widget_sow-editor panel-first-child panel-last-child\" data-index=\"1\" ><div class=\"panel-widget-style panel-widget-style-for-19042-1-0-0\" ><div\n\t\t\t\n\t\t\tclass=\"so-widget-sow-editor so-widget-sow-editor-base\"\n\t\t\t\n\t\t>\n<div class=\"siteorigin-widget-tinymce textwidget\">\n\t<p><img loading=\"lazy\" decoding=\"async\" class=\"alignnone  wp-image-17716\" src=\"https:\/\/www.prieure-ronsard.fr\/wp-content\/uploads\/2021\/10\/PSC_Natalia_Jaime_Cortez_St_Cosme_000030-1.jpg\" alt=\"\" width=\"511\" height=\"346\" srcset=\"https:\/\/www.prieure-ronsard.fr\/wp-content\/uploads\/2021\/10\/PSC_Natalia_Jaime_Cortez_St_Cosme_000030-1.jpg 1200w, https:\/\/www.prieure-ronsard.fr\/wp-content\/uploads\/2021\/10\/PSC_Natalia_Jaime_Cortez_St_Cosme_000030-1-300x203.jpg 300w, https:\/\/www.prieure-ronsard.fr\/wp-content\/uploads\/2021\/10\/PSC_Natalia_Jaime_Cortez_St_Cosme_000030-1-1024x694.jpg 1024w\" sizes=\"auto, (max-width: 511px) 100vw, 511px\" \/> <img loading=\"lazy\" decoding=\"async\" class=\"alignnone  wp-image-17718\" src=\"https:\/\/www.prieure-ronsard.fr\/wp-content\/uploads\/2021\/10\/PSC_Natalia_Jaime_Cortez_St_Cosme_000030-2.jpg\" alt=\"\" width=\"506\" height=\"346\" srcset=\"https:\/\/www.prieure-ronsard.fr\/wp-content\/uploads\/2021\/10\/PSC_Natalia_Jaime_Cortez_St_Cosme_000030-2.jpg 1200w, https:\/\/www.prieure-ronsard.fr\/wp-content\/uploads\/2021\/10\/PSC_Natalia_Jaime_Cortez_St_Cosme_000030-2-300x205.jpg 300w, https:\/\/www.prieure-ronsard.fr\/wp-content\/uploads\/2021\/10\/PSC_Natalia_Jaime_Cortez_St_Cosme_000030-2-1024x701.jpg 1024w\" sizes=\"auto, (max-width: 506px) 100vw, 506px\" \/><\/p>\n<\/div>\n<\/div><\/div><\/div><\/div><div id=\"pgc-19042-1-1\"  class=\"panel-grid-cell\" ><div id=\"panel-19042-1-1-0\" class=\"so-panel widget widget_sow-editor panel-first-child panel-last-child\" data-index=\"2\" ><div class=\"tarif panel-widget-style panel-widget-style-for-19042-1-1-0\" ><div\n\t\t\t\n\t\t\tclass=\"so-widget-sow-editor so-widget-sow-editor-base\"\n\t\t\t\n\t\t>\n<div class=\"siteorigin-widget-tinymce textwidget\">\n\t<p><strong>In 2019\/2021<\/strong>, <strong>Natalia Jaime-Cortez<\/strong> (<a href=\"https:\/\/nataliajaimecortez.wordpress.com\/\">https:\/\/nataliajaimecortez.wordpress.com\/<\/a> ) conjured an open and swollen space-time for her <em>Les portants<\/em> exhibition spanning the entire priory. Her artworks on paper (<em>Les portants<\/em>, <em>Butinages<\/em>) and collection of videos inspired people to explore the site in an explosion of colour. She formed for the foundations of her <em>72%<\/em> collaboration by soaking her paper in the Loire with videos depicting the artist's water rituals.<\/p>\n<\/div>\n<\/div><\/div><\/div><\/div><\/div><\/div><div id=\"pg-19042-2\"  class=\"panel-grid panel-has-style\" ><div class=\"texte_blanc siteorigin-panels-stretch panel-row-style panel-row-style-for-19042-2\" data-stretch-type=\"full\" ><div id=\"pgc-19042-2-0\"  class=\"panel-grid-cell\" ><div id=\"panel-19042-2-0-0\" class=\"so-panel widget widget_sow-editor panel-first-child panel-last-child\" data-index=\"3\" ><div class=\"panel-widget-style panel-widget-style-for-19042-2-0-0\" ><div\n\t\t\t\n\t\t\tclass=\"so-widget-sow-editor so-widget-sow-editor-base\"\n\t\t\t\n\t\t>\n<div class=\"siteorigin-widget-tinymce textwidget\">\n\t<p><strong>In 2018<\/strong>, the priory played host to the artist <strong>Cyrille Courte <\/strong>(<a href=\"https:\/\/www.cyrille-courte.com\/projets\">https:\/\/www.cyrille-courte.com\/projets<\/a>) who has a unique all-encompassing signature blending art, architecture and science. He graduated from Tours Fine Arts School in 2014 and soon found himself managing a project in collaboration with the scientists at Nan\u00e7ay Radio Observatory. The installations on display at Prieur\u00e9 Saint-Cosme were both artworks and research items: his three almost ethereal structures were seen as entities, \"geometric beings in space\"*. <em>Spectrum<\/em>, <em>Antiprisme<\/em> and <em>Galaxy<\/em> created a dialogue with the site's architecture whilst the soundscape connected us with the cosmos.<\/p>\n<\/div>\n<\/div><\/div><\/div><\/div><div id=\"pgc-19042-2-1\"  class=\"panel-grid-cell\" ><div id=\"panel-19042-2-1-0\" class=\"so-panel widget widget_sow-editor panel-first-child panel-last-child\" data-index=\"4\" ><div class=\"panel-widget-style panel-widget-style-for-19042-2-1-0\" ><div\n\t\t\t\n\t\t\tclass=\"so-widget-sow-editor so-widget-sow-editor-base\"\n\t\t\t\n\t\t>\n<div class=\"siteorigin-widget-tinymce textwidget\">\n\t<p><img loading=\"lazy\" decoding=\"async\" class=\"alignnone size-full wp-image-17720\" src=\"https:\/\/www.prieure-ronsard.fr\/wp-content\/uploads\/2021\/10\/PSC_visuel_cyrille_courte-scaled.jpg\" alt=\"\" width=\"2560\" height=\"1860\" srcset=\"https:\/\/www.prieure-ronsard.fr\/wp-content\/uploads\/2021\/10\/PSC_visuel_cyrille_courte-scaled.jpg 2560w, https:\/\/www.prieure-ronsard.fr\/wp-content\/uploads\/2021\/10\/PSC_visuel_cyrille_courte-300x218.jpg 300w, https:\/\/www.prieure-ronsard.fr\/wp-content\/uploads\/2021\/10\/PSC_visuel_cyrille_courte-1024x744.jpg 1024w, https:\/\/www.prieure-ronsard.fr\/wp-content\/uploads\/2021\/10\/PSC_visuel_cyrille_courte-1536x1116.jpg 1536w, https:\/\/www.prieure-ronsard.fr\/wp-content\/uploads\/2021\/10\/PSC_visuel_cyrille_courte-2048x1488.jpg 2048w, https:\/\/www.prieure-ronsard.fr\/wp-content\/uploads\/2021\/10\/PSC_visuel_cyrille_courte-1320x959.jpg 1320w\" sizes=\"auto, (max-width: 2560px) 100vw, 2560px\" \/><\/p>\n<\/div>\n<\/div><\/div><\/div><\/div><\/div><\/div><div id=\"pg-19042-3\"  class=\"panel-grid panel-no-style\" ><div id=\"pgc-19042-3-0\"  class=\"panel-grid-cell\" ><div id=\"panel-19042-3-0-0\" class=\"so-panel widget widget_sow-editor panel-first-child panel-last-child\" data-index=\"5\" ><div class=\"panel-widget-style panel-widget-style-for-19042-3-0-0\" ><div\n\t\t\t\n\t\t\tclass=\"so-widget-sow-editor so-widget-sow-editor-base\"\n\t\t\t\n\t\t>\n<div class=\"siteorigin-widget-tinymce textwidget\">\n\t<p><img loading=\"lazy\" decoding=\"async\" class=\"alignnone size-full wp-image-17722\" src=\"https:\/\/www.prieure-ronsard.fr\/wp-content\/uploads\/2021\/10\/PSC_Fabien_Delisle-scaled.jpg\" alt=\"\" width=\"2560\" height=\"1920\" srcset=\"https:\/\/www.prieure-ronsard.fr\/wp-content\/uploads\/2021\/10\/PSC_Fabien_Delisle-scaled.jpg 2560w, https:\/\/www.prieure-ronsard.fr\/wp-content\/uploads\/2021\/10\/PSC_Fabien_Delisle-300x225.jpg 300w, https:\/\/www.prieure-ronsard.fr\/wp-content\/uploads\/2021\/10\/PSC_Fabien_Delisle-1024x768.jpg 1024w, https:\/\/www.prieure-ronsard.fr\/wp-content\/uploads\/2021\/10\/PSC_Fabien_Delisle-1536x1152.jpg 1536w, https:\/\/www.prieure-ronsard.fr\/wp-content\/uploads\/2021\/10\/PSC_Fabien_Delisle-2048x1536.jpg 2048w, https:\/\/www.prieure-ronsard.fr\/wp-content\/uploads\/2021\/10\/PSC_Fabien_Delisle-1320x990.jpg 1320w\" sizes=\"auto, (max-width: 2560px) 100vw, 2560px\" \/><\/p>\n<\/div>\n<\/div><\/div><\/div><\/div><div id=\"pgc-19042-3-1\"  class=\"panel-grid-cell\" ><div id=\"panel-19042-3-1-0\" class=\"so-panel widget widget_sow-editor panel-first-child panel-last-child\" data-index=\"6\" ><div class=\"tarif panel-widget-style panel-widget-style-for-19042-3-1-0\" ><div\n\t\t\t\n\t\t\tclass=\"so-widget-sow-editor so-widget-sow-editor-base\"\n\t\t\t\n\t\t>\n<div class=\"siteorigin-widget-tinymce textwidget\">\n\t<p>For four seasons <strong>in 2018<\/strong>, the performer <strong>Fabien Delisle<\/strong> (<a href=\"http:\/\/www.laps-zone.com\/\">http:\/\/www.laps-zone.com\/<\/a>) captured thoughts on a 10m piece of paper in the canon's refectory and let the meaning dissolve to leave a pattern, weave or texture. A great allegory for life that gives a glimpse of another form sparked by content (<em>Noir Palimpseste<\/em>).<\/p>\n<\/div>\n<\/div><\/div><\/div><\/div><\/div><div id=\"pg-19042-4\"  class=\"panel-grid panel-no-style\" ><div id=\"pgc-19042-4-0\"  class=\"panel-grid-cell\" ><div id=\"panel-19042-4-0-0\" class=\"so-panel widget widget_sow-editor panel-first-child panel-last-child\" data-index=\"7\" ><div\n\t\t\t\n\t\t\tclass=\"so-widget-sow-editor so-widget-sow-editor-base\"\n\t\t\t\n\t\t>\n<div class=\"siteorigin-widget-tinymce textwidget\">\n\t<p>&nbsp;<\/p>\n<p style=\"text-align: center;\">Prieur\u00e9 Saint-Cosme also hosted the authors Jean Pascal Dubost, Pierre Senges, Carole Martinez and Anne-James Chaton at writer residencies between 2015 and 2017 with the regional CICLIC literature, image and culture agency.<\/p>\n<p>&nbsp;<\/p>\n<div class=\"btn_orange\" style=\"text-align: center;\"><a href=\"https:\/\/ciclic.fr\/\" target=\"_blank\" rel=\"noopener\">MORE INFORMATIONS<\/a><\/div>\n<\/div>\n<\/div><\/div><\/div><\/div><\/div>","protected":false},"excerpt":{"rendered":"<p>&nbsp; The priory was a place for artistic creation in the Prince of Poets&#8217; time and it still welcomes contemporary creatives (writers, artists, musicians and dancers) for varying lengths [&hellip;]<\/p>\n","protected":false},"author":10,"featured_media":0,"parent":19023,"menu_order":29,"comment_status":"closed","ping_status":"closed","template":"","meta":{"inline_featured_image":false,"footnotes":"","beyondwords_generate_audio":"","beyondwords_project_id":"","beyondwords_content_id":"","beyondwords_preview_token":"","beyondwords_player_style":"","beyondwords_language_id":"","beyondwords_title_voice_id":"","beyondwords_body_voice_id":"","beyondwords_summary_voice_id":"","beyondwords_error_message":"","beyondwords_disabled":"","beyondwords_delete_content":"","beyondwords_podcast_id":"","beyondwords_hash":"","publish_post_to_speechkit":"0","speechkit_hash":"","speechkit_generate_audio":"0","speechkit_project_id":"","speechkit_podcast_id":"","speechkit_error_message":"","speechkit_disabled":"","speechkit_access_key":"","speechkit_error":"","speechkit_info":"","speechkit_response":"","speechkit_retries":"","speechkit_status":"","speechkit_updated_at":"","_speechkit_link":"","_speechkit_text":"79a24b8bea70dbe0c0ec32ee6341f619"},"class_list":["post-19042","page","type-page","status-publish","hentry"],"yoast_head":"<!-- This site is optimized with the Yoast SEO plugin v27.4 - https:\/\/yoast.com\/product\/yoast-seo-wordpress\/ -->\n<title>Artist residences - Priory Saint Cosme, Ronsard&#039;s house<\/title>\n<meta name=\"robots\" content=\"index, follow, max-snippet:-1, max-image-preview:large, max-video-preview:-1\" \/>\n<link rel=\"canonical\" href=\"https:\/\/www.prieure-ronsard.fr\/en\/explore\/contemporary-design\/artist-residences\/\" \/>\n<meta name=\"twitter:label1\" content=\"Est. reading time\" \/>\n\t<meta name=\"twitter:data1\" content=\"3 minutes\" \/>\n<script type=\"application\/ld+json\" class=\"yoast-schema-graph\">{\"@context\":\"https:\\\/\\\/schema.org\",\"@graph\":[{\"@type\":\"WebPage\",\"@id\":\"https:\\\/\\\/www.prieure-ronsard.fr\\\/en\\\/explore\\\/contemporary-design\\\/artist-residences\\\/\",\"url\":\"https:\\\/\\\/www.prieure-ronsard.fr\\\/en\\\/explore\\\/contemporary-design\\\/artist-residences\\\/\",\"name\":\"Artist residences - Priory Saint Cosme, Ronsard's house\",\"isPartOf\":{\"@id\":\"https:\\\/\\\/www.prieure-ronsard.fr\\\/#website\"},\"primaryImageOfPage\":{\"@id\":\"https:\\\/\\\/www.prieure-ronsard.fr\\\/en\\\/explore\\\/contemporary-design\\\/artist-residences\\\/#primaryimage\"},\"image\":{\"@id\":\"https:\\\/\\\/www.prieure-ronsard.fr\\\/en\\\/explore\\\/contemporary-design\\\/artist-residences\\\/#primaryimage\"},\"thumbnailUrl\":\"https:\\\/\\\/www.prieure-ronsard.fr\\\/wp-content\\\/uploads\\\/2021\\\/10\\\/PSC_Natalia_Jaime_Cortez_St_Cosme_000030-1.jpg\",\"datePublished\":\"2021-10-01T14:43:39+00:00\",\"dateModified\":\"2021-12-22T21:31:45+00:00\",\"breadcrumb\":{\"@id\":\"https:\\\/\\\/www.prieure-ronsard.fr\\\/en\\\/explore\\\/contemporary-design\\\/artist-residences\\\/#breadcrumb\"},\"inLanguage\":\"en-US\",\"potentialAction\":[{\"@type\":\"ReadAction\",\"target\":[\"https:\\\/\\\/www.prieure-ronsard.fr\\\/en\\\/explore\\\/contemporary-design\\\/artist-residences\\\/\"]}]},{\"@type\":\"ImageObject\",\"inLanguage\":\"en-US\",\"@id\":\"https:\\\/\\\/www.prieure-ronsard.fr\\\/en\\\/explore\\\/contemporary-design\\\/artist-residences\\\/#primaryimage\",\"url\":\"https:\\\/\\\/www.prieure-ronsard.fr\\\/wp-content\\\/uploads\\\/2021\\\/10\\\/PSC_Natalia_Jaime_Cortez_St_Cosme_000030-1.jpg\",\"contentUrl\":\"https:\\\/\\\/www.prieure-ronsard.fr\\\/wp-content\\\/uploads\\\/2021\\\/10\\\/PSC_Natalia_Jaime_Cortez_St_Cosme_000030-1.jpg\"},{\"@type\":\"BreadcrumbList\",\"@id\":\"https:\\\/\\\/www.prieure-ronsard.fr\\\/en\\\/explore\\\/contemporary-design\\\/artist-residences\\\/#breadcrumb\",\"itemListElement\":[{\"@type\":\"ListItem\",\"position\":1,\"name\":\"Accueil\",\"item\":\"https:\\\/\\\/www.prieure-ronsard.fr\\\/en\\\/\"},{\"@type\":\"ListItem\",\"position\":2,\"name\":\"Explore our heritage\",\"item\":\"https:\\\/\\\/www.prieure-ronsard.fr\\\/en\\\/explore\\\/\"},{\"@type\":\"ListItem\",\"position\":3,\"name\":\"Contemporary design\",\"item\":\"https:\\\/\\\/www.prieure-ronsard.fr\\\/en\\\/explore\\\/contemporary-design\\\/\"},{\"@type\":\"ListItem\",\"position\":4,\"name\":\"Artist residences\"}]},{\"@type\":\"WebSite\",\"@id\":\"https:\\\/\\\/www.prieure-ronsard.fr\\\/#website\",\"url\":\"https:\\\/\\\/www.prieure-ronsard.fr\\\/\",\"name\":\"Prieur\u00e9 saint Cosme - Demeure de Ronsard\",\"description\":\"La po\u00e9sie, un art \u00e0 vivre\",\"potentialAction\":[{\"@type\":\"SearchAction\",\"target\":{\"@type\":\"EntryPoint\",\"urlTemplate\":\"https:\\\/\\\/www.prieure-ronsard.fr\\\/?s={search_term_string}\"},\"query-input\":{\"@type\":\"PropertyValueSpecification\",\"valueRequired\":true,\"valueName\":\"search_term_string\"}}],\"inLanguage\":\"en-US\"}]}<\/script>\n<!-- \/ Yoast SEO plugin. -->","yoast_head_json":{"title":"Artist residences - Priory Saint Cosme, Ronsard's house","robots":{"index":"index","follow":"follow","max-snippet":"max-snippet:-1","max-image-preview":"max-image-preview:large","max-video-preview":"max-video-preview:-1"},"canonical":"https:\/\/www.prieure-ronsard.fr\/en\/explore\/contemporary-design\/artist-residences\/","twitter_misc":{"Est. reading time":"3 minutes"},"schema":{"@context":"https:\/\/schema.org","@graph":[{"@type":"WebPage","@id":"https:\/\/www.prieure-ronsard.fr\/en\/explore\/contemporary-design\/artist-residences\/","url":"https:\/\/www.prieure-ronsard.fr\/en\/explore\/contemporary-design\/artist-residences\/","name":"Artist residences - Priory Saint Cosme, Ronsard's house","isPartOf":{"@id":"https:\/\/www.prieure-ronsard.fr\/#website"},"primaryImageOfPage":{"@id":"https:\/\/www.prieure-ronsard.fr\/en\/explore\/contemporary-design\/artist-residences\/#primaryimage"},"image":{"@id":"https:\/\/www.prieure-ronsard.fr\/en\/explore\/contemporary-design\/artist-residences\/#primaryimage"},"thumbnailUrl":"https:\/\/www.prieure-ronsard.fr\/wp-content\/uploads\/2021\/10\/PSC_Natalia_Jaime_Cortez_St_Cosme_000030-1.jpg","datePublished":"2021-10-01T14:43:39+00:00","dateModified":"2021-12-22T21:31:45+00:00","breadcrumb":{"@id":"https:\/\/www.prieure-ronsard.fr\/en\/explore\/contemporary-design\/artist-residences\/#breadcrumb"},"inLanguage":"en-US","potentialAction":[{"@type":"ReadAction","target":["https:\/\/www.prieure-ronsard.fr\/en\/explore\/contemporary-design\/artist-residences\/"]}]},{"@type":"ImageObject","inLanguage":"en-US","@id":"https:\/\/www.prieure-ronsard.fr\/en\/explore\/contemporary-design\/artist-residences\/#primaryimage","url":"https:\/\/www.prieure-ronsard.fr\/wp-content\/uploads\/2021\/10\/PSC_Natalia_Jaime_Cortez_St_Cosme_000030-1.jpg","contentUrl":"https:\/\/www.prieure-ronsard.fr\/wp-content\/uploads\/2021\/10\/PSC_Natalia_Jaime_Cortez_St_Cosme_000030-1.jpg"},{"@type":"BreadcrumbList","@id":"https:\/\/www.prieure-ronsard.fr\/en\/explore\/contemporary-design\/artist-residences\/#breadcrumb","itemListElement":[{"@type":"ListItem","position":1,"name":"Accueil","item":"https:\/\/www.prieure-ronsard.fr\/en\/"},{"@type":"ListItem","position":2,"name":"Explore our heritage","item":"https:\/\/www.prieure-ronsard.fr\/en\/explore\/"},{"@type":"ListItem","position":3,"name":"Contemporary design","item":"https:\/\/www.prieure-ronsard.fr\/en\/explore\/contemporary-design\/"},{"@type":"ListItem","position":4,"name":"Artist residences"}]},{"@type":"WebSite","@id":"https:\/\/www.prieure-ronsard.fr\/#website","url":"https:\/\/www.prieure-ronsard.fr\/","name":"Prieur\u00e9 saint Cosme - Demeure de Ronsard","description":"La po\u00e9sie, un art \u00e0 vivre","potentialAction":[{"@type":"SearchAction","target":{"@type":"EntryPoint","urlTemplate":"https:\/\/www.prieure-ronsard.fr\/?s={search_term_string}"},"query-input":{"@type":"PropertyValueSpecification","valueRequired":true,"valueName":"search_term_string"}}],"inLanguage":"en-US"}]}},"_links":{"self":[{"href":"https:\/\/www.prieure-ronsard.fr\/en\/wp-json\/wp\/v2\/pages\/19042","targetHints":{"allow":["GET"]}}],"collection":[{"href":"https:\/\/www.prieure-ronsard.fr\/en\/wp-json\/wp\/v2\/pages"}],"about":[{"href":"https:\/\/www.prieure-ronsard.fr\/en\/wp-json\/wp\/v2\/types\/page"}],"author":[{"embeddable":true,"href":"https:\/\/www.prieure-ronsard.fr\/en\/wp-json\/wp\/v2\/users\/10"}],"replies":[{"embeddable":true,"href":"https:\/\/www.prieure-ronsard.fr\/en\/wp-json\/wp\/v2\/comments?post=19042"}],"version-history":[{"count":3,"href":"https:\/\/www.prieure-ronsard.fr\/en\/wp-json\/wp\/v2\/pages\/19042\/revisions"}],"predecessor-version":[{"id":19168,"href":"https:\/\/www.prieure-ronsard.fr\/en\/wp-json\/wp\/v2\/pages\/19042\/revisions\/19168"}],"up":[{"embeddable":true,"href":"https:\/\/www.prieure-ronsard.fr\/en\/wp-json\/wp\/v2\/pages\/19023"}],"wp:attachment":[{"href":"https:\/\/www.prieure-ronsard.fr\/en\/wp-json\/wp\/v2\/media?parent=19042"}],"curies":[{"name":"wp","href":"https:\/\/api.w.org\/{rel}","templated":true}]}}