{"id":19043,"date":"2021-10-01T15:33:16","date_gmt":"2021-10-01T14:33:16","guid":{"rendered":"https:\/\/www.prieure-ronsard.fr\/les-collections\/"},"modified":"2022-01-03T15:03:42","modified_gmt":"2022-01-03T14:03:42","slug":"collections","status":"publish","type":"page","link":"https:\/\/www.prieure-ronsard.fr\/en\/explore\/collections\/","title":{"rendered":"Collections"},"content":{"rendered":"<div id=\"pl-19043\"  class=\"panel-layout\" ><div id=\"pg-19043-0\"  class=\"panel-grid panel-no-style\" ><div id=\"pgc-19043-0-0\"  class=\"panel-grid-cell\" ><div id=\"panel-19043-0-0-0\" class=\"so-panel widget widget_sow-editor panel-first-child panel-last-child\" data-index=\"0\" ><div class=\"image_gauche animation_gauche_droite panel-widget-style panel-widget-style-for-19043-0-0-0\" ><div\n\t\t\t\n\t\t\tclass=\"so-widget-sow-editor so-widget-sow-editor-base\"\n\t\t\t\n\t\t>\n<div class=\"siteorigin-widget-tinymce textwidget\">\n\t<p><img loading=\"lazy\" decoding=\"async\" class=\"alignnone wp-image-17985\" src=\"https:\/\/www.prieure-ronsard.fr\/wp-content\/uploads\/2021\/10\/PSC_collection_CD37-3-225x300.jpg\" alt=\"\" width=\"816\" height=\"1088\" srcset=\"https:\/\/www.prieure-ronsard.fr\/wp-content\/uploads\/2021\/10\/PSC_collection_CD37-3-225x300.jpg 225w, https:\/\/www.prieure-ronsard.fr\/wp-content\/uploads\/2021\/10\/PSC_collection_CD37-3-768x1024.jpg 768w, https:\/\/www.prieure-ronsard.fr\/wp-content\/uploads\/2021\/10\/PSC_collection_CD37-3-1152x1536.jpg 1152w, https:\/\/www.prieure-ronsard.fr\/wp-content\/uploads\/2021\/10\/PSC_collection_CD37-3-1536x2048.jpg 1536w, https:\/\/www.prieure-ronsard.fr\/wp-content\/uploads\/2021\/10\/PSC_collection_CD37-3-1320x1760.jpg 1320w, https:\/\/www.prieure-ronsard.fr\/wp-content\/uploads\/2021\/10\/PSC_collection_CD37-3-scaled.jpg 1920w\" sizes=\"auto, (max-width: 816px) 100vw, 816px\" \/><\/p>\n<p>&nbsp;<\/p>\n<p>&nbsp;<\/p>\n<\/div>\n<\/div><\/div><\/div><\/div><div id=\"pgc-19043-0-1\"  class=\"panel-grid-cell\" ><div id=\"panel-19043-0-1-0\" class=\"so-panel widget widget_sow-editor panel-first-child panel-last-child\" data-index=\"1\" ><div class=\"tarif panel-widget-style panel-widget-style-for-19043-0-1-0\" ><div\n\t\t\t\n\t\t\tclass=\"so-widget-sow-editor so-widget-sow-editor-base\"\n\t\t\t\n\t\t>\n<div class=\"siteorigin-widget-tinymce textwidget\">\n\t<p>&nbsp;<\/p>\n<h2>Ronsard's original editions<\/h2>\n<p>Printing brought literature to the masses in the 16th century and Ronsard reaped its rewards. His printed works were shared around the royal court and aristocratic and intellectual circles. The priory is home to the poet's original editions which it regularly displays, particularly texts written during his time at the priory and literature by his fellow Pl\u00e9iade writers (Pontus de Tyard, Marc-Antoine Muret). The works include two original editions of his complete works, one of which still has its original binding, as well as <em>La Franciade<\/em>, <em>Discours des mis\u00e8res de ce temps<\/em>, <em>Institution pour l\u2019adolescence du roi Charles IX<\/em> and the <em>Odes<\/em>.<\/p>\n<\/div>\n<\/div><\/div><\/div><\/div><\/div><div id=\"pg-19043-1\"  class=\"panel-grid panel-has-style\" ><div class=\"texte_blanc siteorigin-panels-stretch panel-row-style panel-row-style-for-19043-1\" data-stretch-type=\"full\" ><div id=\"pgc-19043-1-0\"  class=\"panel-grid-cell\" ><div id=\"panel-19043-1-0-0\" class=\"so-panel widget widget_sow-editor panel-first-child panel-last-child\" data-index=\"2\" ><div class=\"panel-widget-style panel-widget-style-for-19043-1-0-0\" ><div\n\t\t\t\n\t\t\tclass=\"so-widget-sow-editor so-widget-sow-editor-base\"\n\t\t\t\n\t\t>\n<div class=\"siteorigin-widget-tinymce textwidget\">\n\t<p>&nbsp;<\/p>\n<h2>Contemporary editions<\/h2>\n<p>Some of his poems have been set to music, making Ronsard even more famous than in his lifetime. Poets and artists drew inspiration from his verses to create their own works of art up to the 20th century: Salvador Dal\u00ed, Emile Bernard (Pont-Aven school), Henri Matisse and Marie Laurencin among others. The priory procures books by artists illustrating Ronsard's poems to add to its collections.<\/p>\n<p>One of the pieces, Les <em>Amours de Cassandre<\/em> by Pierre de Ronsard illustrated by Salvador Dal\u00ed is particularly impressive. 299 copies of the book were published in May 1968 in Paris. One of these copies (n\u00b0127) on Arches Velin paper was purchased in September 2019. This piece of bibliophilia is an in folio book with 18 original etchings by the artist enriched by a series of 10 black tip-in etchings. The poems are illustrated by drypoint etchings with ruby and diamond on brass styli. They include a portrait of Ronsard and myriad depictions of his muse, Cassandre Salviati.<\/p>\n<\/div>\n<\/div><\/div><\/div><\/div><div id=\"pgc-19043-1-1\"  class=\"panel-grid-cell\" ><div id=\"panel-19043-1-1-0\" class=\"so-panel widget widget_sow-editor panel-first-child panel-last-child\" data-index=\"3\" ><div class=\"image_gauche animation_gauche_droite panel-widget-style panel-widget-style-for-19043-1-1-0\" ><div\n\t\t\t\n\t\t\tclass=\"so-widget-sow-editor so-widget-sow-editor-base\"\n\t\t\t\n\t\t>\n<div class=\"siteorigin-widget-tinymce textwidget\">\n\t<p><img loading=\"lazy\" decoding=\"async\" class=\"alignnone  wp-image-17976\" src=\"https:\/\/www.prieure-ronsard.fr\/wp-content\/uploads\/2021\/10\/Jamyn_Iliade2-300x225.jpg\" alt=\"\" width=\"878\" height=\"658\" srcset=\"https:\/\/www.prieure-ronsard.fr\/wp-content\/uploads\/2021\/10\/Jamyn_Iliade2-300x225.jpg 300w, https:\/\/www.prieure-ronsard.fr\/wp-content\/uploads\/2021\/10\/Jamyn_Iliade2-1024x768.jpg 1024w, https:\/\/www.prieure-ronsard.fr\/wp-content\/uploads\/2021\/10\/Jamyn_Iliade2-1536x1152.jpg 1536w, https:\/\/www.prieure-ronsard.fr\/wp-content\/uploads\/2021\/10\/Jamyn_Iliade2-2048x1536.jpg 2048w, https:\/\/www.prieure-ronsard.fr\/wp-content\/uploads\/2021\/10\/Jamyn_Iliade2-1320x990.jpg 1320w\" sizes=\"auto, (max-width: 878px) 100vw, 878px\" \/><\/p>\n<p>&nbsp;<\/p>\n<\/div>\n<\/div><\/div><\/div><\/div><\/div><\/div><div id=\"pg-19043-2\"  class=\"panel-grid panel-no-style\" ><div id=\"pgc-19043-2-0\"  class=\"panel-grid-cell\" ><div id=\"panel-19043-2-0-0\" class=\"so-panel widget widget_sow-editor panel-first-child panel-last-child\" data-index=\"4\" ><div class=\"image_gauche animation_gauche_droite panel-widget-style panel-widget-style-for-19043-2-0-0\" ><div\n\t\t\t\n\t\t\tclass=\"so-widget-sow-editor so-widget-sow-editor-base\"\n\t\t\t\n\t\t>\n<div class=\"siteorigin-widget-tinymce textwidget\">\n\t<p><img loading=\"lazy\" decoding=\"async\" class=\"alignnone  wp-image-17988\" src=\"https:\/\/www.prieure-ronsard.fr\/wp-content\/uploads\/2021\/10\/PSC_livre_pauvre_CD37-300x225.jpg\" alt=\"\" width=\"1042\" height=\"781\" srcset=\"https:\/\/www.prieure-ronsard.fr\/wp-content\/uploads\/2021\/10\/PSC_livre_pauvre_CD37-300x225.jpg 300w, https:\/\/www.prieure-ronsard.fr\/wp-content\/uploads\/2021\/10\/PSC_livre_pauvre_CD37-1024x768.jpg 1024w, https:\/\/www.prieure-ronsard.fr\/wp-content\/uploads\/2021\/10\/PSC_livre_pauvre_CD37-1536x1152.jpg 1536w, https:\/\/www.prieure-ronsard.fr\/wp-content\/uploads\/2021\/10\/PSC_livre_pauvre_CD37-2048x1536.jpg 2048w, https:\/\/www.prieure-ronsard.fr\/wp-content\/uploads\/2021\/10\/PSC_livre_pauvre_CD37-1320x990.jpg 1320w\" sizes=\"auto, (max-width: 1042px) 100vw, 1042px\" \/><\/p>\n<p>&nbsp;<\/p>\n<\/div>\n<\/div><\/div><\/div><\/div><div id=\"pgc-19043-2-1\"  class=\"panel-grid-cell\" ><div id=\"panel-19043-2-1-0\" class=\"so-panel widget widget_sow-editor panel-first-child panel-last-child\" data-index=\"5\" ><div class=\"tarif panel-widget-style panel-widget-style-for-19043-2-1-0\" id=\"1\" ><div\n\t\t\t\n\t\t\tclass=\"so-widget-sow-editor so-widget-sow-editor-base\"\n\t\t\t\n\t\t>\n<div class=\"siteorigin-widget-tinymce textwidget\">\n\t<p>&nbsp;<\/p>\n<h2>\"Poor books\"<\/h2>\n<p>20 years ago, the poet and book critic Daniel Leuwers set out on the \"poor books\" adventure with his first collection: <em>Vice versa<\/em> (the quid pro quo between poetry and painting). With over 2500 items in its collections by hundreds of authors and artists plus dozens of collaborations staging exhibitions around the world, the Prieur\u00e9 Saint-Cosme collections are displayed on rotation to tie into the themes of temporary exhibitions or the culture schedule (Spring of Poets, Heritage Days).<\/p>\n<p>Appearances can be deceiving as these \"poor books\" are actually little artist books handwritten by a poet to mirror the work of an artistic friend. The unique collection was born when Daniel Leuwers met the poet Ren\u00e9 Char, who made these books with his \u201csubstantial allies\u201d Vieira Da Silva, Picasso and Braque. These pieces of bibliophilia may be closely guarded by their wealthy collectors but Daniel Leuwers originally wanted to expand the poor book concept to poets and artists by curbing any use of traditional publishing trades: no printers, no engravers, no lithographers, no bookbinders, no publishers.<\/p>\n<p>A single piece of folded paper was sent to the poet who would write the title, text and logo by hand before an artist would create an original piece to bring it all to life: painting, collage, drawing etc. The \"poor book\" became rich. These books are all unique as just 4-6 originals were produced - 2-4 for the artists, 1 for Daniel Leuwers and 1 for Ronsard's House.<\/p>\n<p>The \"poor books\" were first displayed at Ronsard's home in 2003 and are enriched by the encounter, blend and dialogue between artists from all different backgrounds. Authors who need no introduction \u2013 Fernando Arrabal, Michel Butor, Yves Bonnefoy, Andr\u00e9e Chedid, Fran\u00e7ois Cheng, Bernard No\u00ebl, Salah St\u00e9ti\u00e9 \u2013 appear alongside the \"new guard\" such as Bernard Chambaz, Annie Ernaux, Guy Goffette, Nancy Huston, Henri Meschonnic and Andr\u00e9 Velter. As for artists, they include Pierre Alechinsky, Georges Badin, B\u00e9atrice Casadesus, Err\u00f3, Jo\u00ebl Leick, Michel Nedjar, Jean-Luc Parant, Patrice Pouperon, G\u00e9rard Titus-Carmel, Vladimir Velickovic, Claude Viallat, Andr\u00e9 Villers, Yuki to name but a few.<\/p>\n<\/div>\n<\/div><\/div><\/div><\/div><\/div><\/div>","protected":false},"excerpt":{"rendered":"<p>&nbsp; &nbsp; &nbsp; Ronsard&#8217;s original editions Printing brought literature to the masses in the 16th century and Ronsard reaped its rewards. His printed works were shared around the royal [&hellip;]<\/p>\n","protected":false},"author":10,"featured_media":0,"parent":19057,"menu_order":30,"comment_status":"closed","ping_status":"closed","template":"","meta":{"inline_featured_image":false,"footnotes":"","beyondwords_generate_audio":"","beyondwords_project_id":"","beyondwords_content_id":"","beyondwords_preview_token":"","beyondwords_player_style":"","beyondwords_language_id":"","beyondwords_title_voice_id":"","beyondwords_body_voice_id":"","beyondwords_summary_voice_id":"","beyondwords_error_message":"","beyondwords_disabled":"","beyondwords_delete_content":"","beyondwords_podcast_id":"","beyondwords_hash":"","publish_post_to_speechkit":"0","speechkit_hash":"","speechkit_generate_audio":"0","speechkit_project_id":"","speechkit_podcast_id":"","speechkit_error_message":"","speechkit_disabled":"","speechkit_access_key":"","speechkit_error":"","speechkit_info":"","speechkit_response":"","speechkit_retries":"","speechkit_status":"","speechkit_updated_at":"","_speechkit_link":"","_speechkit_text":"79a24b8bea70dbe0c0ec32ee6341f619"},"class_list":["post-19043","page","type-page","status-publish","hentry"],"yoast_head":"<!-- This site is optimized with the Yoast SEO plugin v27.5 - https:\/\/yoast.com\/product\/yoast-seo-wordpress\/ -->\n<title>Collections - Priory Saint Cosme, Ronsard&#039;s house<\/title>\n<meta name=\"robots\" content=\"index, follow, max-snippet:-1, max-image-preview:large, max-video-preview:-1\" \/>\n<link rel=\"canonical\" href=\"https:\/\/www.prieure-ronsard.fr\/en\/explore\/collections\/\" \/>\n<meta name=\"twitter:label1\" content=\"Est. reading time\" \/>\n\t<meta name=\"twitter:data1\" content=\"4 minutes\" \/>\n<script type=\"application\/ld+json\" class=\"yoast-schema-graph\">{\"@context\":\"https:\\\/\\\/schema.org\",\"@graph\":[{\"@type\":\"WebPage\",\"@id\":\"https:\\\/\\\/www.prieure-ronsard.fr\\\/en\\\/explore\\\/collections\\\/\",\"url\":\"https:\\\/\\\/www.prieure-ronsard.fr\\\/en\\\/explore\\\/collections\\\/\",\"name\":\"Collections - Priory Saint Cosme, Ronsard's house\",\"isPartOf\":{\"@id\":\"https:\\\/\\\/www.prieure-ronsard.fr\\\/#website\"},\"primaryImageOfPage\":{\"@id\":\"https:\\\/\\\/www.prieure-ronsard.fr\\\/en\\\/explore\\\/collections\\\/#primaryimage\"},\"image\":{\"@id\":\"https:\\\/\\\/www.prieure-ronsard.fr\\\/en\\\/explore\\\/collections\\\/#primaryimage\"},\"thumbnailUrl\":\"https:\\\/\\\/www.prieure-ronsard.fr\\\/wp-content\\\/uploads\\\/2021\\\/10\\\/PSC_collection_CD37-3-225x300.jpg\",\"datePublished\":\"2021-10-01T14:33:16+00:00\",\"dateModified\":\"2022-01-03T14:03:42+00:00\",\"breadcrumb\":{\"@id\":\"https:\\\/\\\/www.prieure-ronsard.fr\\\/en\\\/explore\\\/collections\\\/#breadcrumb\"},\"inLanguage\":\"en-US\",\"potentialAction\":[{\"@type\":\"ReadAction\",\"target\":[\"https:\\\/\\\/www.prieure-ronsard.fr\\\/en\\\/explore\\\/collections\\\/\"]}]},{\"@type\":\"ImageObject\",\"inLanguage\":\"en-US\",\"@id\":\"https:\\\/\\\/www.prieure-ronsard.fr\\\/en\\\/explore\\\/collections\\\/#primaryimage\",\"url\":\"https:\\\/\\\/www.prieure-ronsard.fr\\\/wp-content\\\/uploads\\\/2021\\\/10\\\/PSC_collection_CD37-3-225x300.jpg\",\"contentUrl\":\"https:\\\/\\\/www.prieure-ronsard.fr\\\/wp-content\\\/uploads\\\/2021\\\/10\\\/PSC_collection_CD37-3-225x300.jpg\"},{\"@type\":\"BreadcrumbList\",\"@id\":\"https:\\\/\\\/www.prieure-ronsard.fr\\\/en\\\/explore\\\/collections\\\/#breadcrumb\",\"itemListElement\":[{\"@type\":\"ListItem\",\"position\":1,\"name\":\"Accueil\",\"item\":\"https:\\\/\\\/www.prieure-ronsard.fr\\\/en\\\/\"},{\"@type\":\"ListItem\",\"position\":2,\"name\":\"Explore our heritage\",\"item\":\"https:\\\/\\\/www.prieure-ronsard.fr\\\/en\\\/explore\\\/\"},{\"@type\":\"ListItem\",\"position\":3,\"name\":\"Collections\"}]},{\"@type\":\"WebSite\",\"@id\":\"https:\\\/\\\/www.prieure-ronsard.fr\\\/#website\",\"url\":\"https:\\\/\\\/www.prieure-ronsard.fr\\\/\",\"name\":\"Prieur\u00e9 saint Cosme - Demeure de Ronsard\",\"description\":\"La po\u00e9sie, un art \u00e0 vivre\",\"potentialAction\":[{\"@type\":\"SearchAction\",\"target\":{\"@type\":\"EntryPoint\",\"urlTemplate\":\"https:\\\/\\\/www.prieure-ronsard.fr\\\/?s={search_term_string}\"},\"query-input\":{\"@type\":\"PropertyValueSpecification\",\"valueRequired\":true,\"valueName\":\"search_term_string\"}}],\"inLanguage\":\"en-US\"}]}<\/script>\n<!-- \/ Yoast SEO plugin. -->","yoast_head_json":{"title":"Collections - Priory Saint Cosme, Ronsard's house","robots":{"index":"index","follow":"follow","max-snippet":"max-snippet:-1","max-image-preview":"max-image-preview:large","max-video-preview":"max-video-preview:-1"},"canonical":"https:\/\/www.prieure-ronsard.fr\/en\/explore\/collections\/","twitter_misc":{"Est. reading time":"4 minutes"},"schema":{"@context":"https:\/\/schema.org","@graph":[{"@type":"WebPage","@id":"https:\/\/www.prieure-ronsard.fr\/en\/explore\/collections\/","url":"https:\/\/www.prieure-ronsard.fr\/en\/explore\/collections\/","name":"Collections - Priory Saint Cosme, Ronsard's house","isPartOf":{"@id":"https:\/\/www.prieure-ronsard.fr\/#website"},"primaryImageOfPage":{"@id":"https:\/\/www.prieure-ronsard.fr\/en\/explore\/collections\/#primaryimage"},"image":{"@id":"https:\/\/www.prieure-ronsard.fr\/en\/explore\/collections\/#primaryimage"},"thumbnailUrl":"https:\/\/www.prieure-ronsard.fr\/wp-content\/uploads\/2021\/10\/PSC_collection_CD37-3-225x300.jpg","datePublished":"2021-10-01T14:33:16+00:00","dateModified":"2022-01-03T14:03:42+00:00","breadcrumb":{"@id":"https:\/\/www.prieure-ronsard.fr\/en\/explore\/collections\/#breadcrumb"},"inLanguage":"en-US","potentialAction":[{"@type":"ReadAction","target":["https:\/\/www.prieure-ronsard.fr\/en\/explore\/collections\/"]}]},{"@type":"ImageObject","inLanguage":"en-US","@id":"https:\/\/www.prieure-ronsard.fr\/en\/explore\/collections\/#primaryimage","url":"https:\/\/www.prieure-ronsard.fr\/wp-content\/uploads\/2021\/10\/PSC_collection_CD37-3-225x300.jpg","contentUrl":"https:\/\/www.prieure-ronsard.fr\/wp-content\/uploads\/2021\/10\/PSC_collection_CD37-3-225x300.jpg"},{"@type":"BreadcrumbList","@id":"https:\/\/www.prieure-ronsard.fr\/en\/explore\/collections\/#breadcrumb","itemListElement":[{"@type":"ListItem","position":1,"name":"Accueil","item":"https:\/\/www.prieure-ronsard.fr\/en\/"},{"@type":"ListItem","position":2,"name":"Explore our heritage","item":"https:\/\/www.prieure-ronsard.fr\/en\/explore\/"},{"@type":"ListItem","position":3,"name":"Collections"}]},{"@type":"WebSite","@id":"https:\/\/www.prieure-ronsard.fr\/#website","url":"https:\/\/www.prieure-ronsard.fr\/","name":"Prieur\u00e9 saint Cosme - Demeure de Ronsard","description":"La po\u00e9sie, un art \u00e0 vivre","potentialAction":[{"@type":"SearchAction","target":{"@type":"EntryPoint","urlTemplate":"https:\/\/www.prieure-ronsard.fr\/?s={search_term_string}"},"query-input":{"@type":"PropertyValueSpecification","valueRequired":true,"valueName":"search_term_string"}}],"inLanguage":"en-US"}]}},"_links":{"self":[{"href":"https:\/\/www.prieure-ronsard.fr\/en\/wp-json\/wp\/v2\/pages\/19043","targetHints":{"allow":["GET"]}}],"collection":[{"href":"https:\/\/www.prieure-ronsard.fr\/en\/wp-json\/wp\/v2\/pages"}],"about":[{"href":"https:\/\/www.prieure-ronsard.fr\/en\/wp-json\/wp\/v2\/types\/page"}],"author":[{"embeddable":true,"href":"https:\/\/www.prieure-ronsard.fr\/en\/wp-json\/wp\/v2\/users\/10"}],"replies":[{"embeddable":true,"href":"https:\/\/www.prieure-ronsard.fr\/en\/wp-json\/wp\/v2\/comments?post=19043"}],"version-history":[{"count":4,"href":"https:\/\/www.prieure-ronsard.fr\/en\/wp-json\/wp\/v2\/pages\/19043\/revisions"}],"predecessor-version":[{"id":19315,"href":"https:\/\/www.prieure-ronsard.fr\/en\/wp-json\/wp\/v2\/pages\/19043\/revisions\/19315"}],"up":[{"embeddable":true,"href":"https:\/\/www.prieure-ronsard.fr\/en\/wp-json\/wp\/v2\/pages\/19057"}],"wp:attachment":[{"href":"https:\/\/www.prieure-ronsard.fr\/en\/wp-json\/wp\/v2\/media?parent=19043"}],"curies":[{"name":"wp","href":"https:\/\/api.w.org\/{rel}","templated":true}]}}