{"id":19045,"date":"2021-10-01T15:14:51","date_gmt":"2021-10-01T14:14:51","guid":{"rendered":"https:\/\/www.prieure-ronsard.fr\/visite-libre-ou-guidee\/"},"modified":"2025-07-14T17:33:55","modified_gmt":"2025-07-14T15:33:55","slug":"guided-or-unaccompanied-tour","status":"publish","type":"page","link":"https:\/\/www.prieure-ronsard.fr\/en\/visiting\/visit-offer\/guided-or-unaccompanied-tour\/","title":{"rendered":"Guided ou unaccompanied tour"},"content":{"rendered":"<div id=\"pl-19045\"  class=\"panel-layout\" ><div id=\"pg-19045-0\"  class=\"panel-grid panel-has-style\" ><div class=\"image_gauche siteorigin-panels-stretch panel-row-style panel-row-style-for-19045-0\" data-stretch-type=\"full\" ><div id=\"pgc-19045-0-0\"  class=\"panel-grid-cell\" ><div id=\"panel-19045-0-0-0\" class=\"so-panel widget widget_sow-editor panel-first-child panel-last-child\" data-index=\"0\" ><div class=\"image_gauche panel-widget-style panel-widget-style-for-19045-0-0-0\" ><div\n\t\t\t\n\t\t\tclass=\"so-widget-sow-editor so-widget-sow-editor-base\"\n\t\t\t\n\t\t>\n<div class=\"siteorigin-widget-tinymce textwidget\">\n\t<p><img loading=\"lazy\" decoding=\"async\" class=\"alignnone size-full wp-image-17515\" src=\"https:\/\/www.prieure-ronsard.fr\/wp-content\/uploads\/2021\/09\/Groupe-de-masques-34.jpg\" alt=\"\" width=\"510\" height=\"524\" srcset=\"https:\/\/www.prieure-ronsard.fr\/wp-content\/uploads\/2021\/09\/Groupe-de-masques-34.jpg 510w, https:\/\/www.prieure-ronsard.fr\/wp-content\/uploads\/2021\/09\/Groupe-de-masques-34-292x300.jpg 292w\" sizes=\"auto, (max-width: 510px) 100vw, 510px\" \/><\/p>\n<\/div>\n<\/div><\/div><\/div><\/div><div id=\"pgc-19045-0-1\"  class=\"panel-grid-cell\" ><div id=\"panel-19045-0-1-0\" class=\"so-panel widget widget_sow-editor panel-first-child panel-last-child\" data-index=\"1\" ><div class=\"panel-widget-style panel-widget-style-for-19045-0-1-0\" ><div\n\t\t\t\n\t\t\tclass=\"so-widget-sow-editor so-widget-sow-editor-base\"\n\t\t\t\n\t\t>\n<div class=\"siteorigin-widget-tinymce textwidget\">\n\t<h2>Guided tours or unaccompanied tours<\/h2>\n<h3>The visit of Priory Saint-Cosme<\/h3>\n<p>You can visit <strong>Prieur\u00e9 Saint-Cosme, Ronsard's House at your own pace<\/strong> with the \"Vow of Poetry\" tour booklet included in your admission fee.<\/p>\n<p><strong><img loading=\"lazy\" decoding=\"async\" class=\"alignnone size-full wp-image-17535\" src=\"https:\/\/www.prieure-ronsard.fr\/wp-content\/uploads\/2021\/09\/Clock-04.png\" alt=\"\" width=\"15\" height=\"15\" \/> Recommended duration<\/strong>: 90 mins<\/p>\n<p>Booklet available in French, English, Spanish and German.<\/p>\n<p>&nbsp;<\/p>\n<h3>THE DAILY GUIDED TOUR<\/h3>\n<p id=\"tw-target-text\" class=\"tw-data-text tw-text-large tw-ta\" dir=\"ltr\" data-placeholder=\"Traduction\" data-ved=\"2ahUKEwjmq4zI07yOAxUwU6QEHYCIJeIQ3ewLegQICRAW\" aria-label=\"Texte traduit\u00a0: Free or guided tour THE VISIT TO THE SAINT-COSME PRIORY The visit to the Prieur\u00e9 Saint-Cosme, home of Ronsard, can be done freely, using the accompanying booklet \u201cWish for poetry\u201d provided with the entry ticket. Recommended duration: 1h30 Booklet available in French, English, Spanish and German. THE \u201cFIRST DISCOVERY\u201d VISIT The \u201cFirst Discovery\u201d visit included in the ticket price is offered every day: June\/July\/August at 10 a.m., 2:30 p.m. and 5 p.m. April\/May\/September\/October at 11:30 a.m., 2:30 p.m. and 4:30 p.m. November\/December\/January\/February\/March at 11:15 a.m. and 3:30 p.m. Duration: approx. 20 minutes French only THE GUIDED TOUR The guided tour, included in the ticket price, is offered every day depending on the availability of the guides, by reservation only (at least 24 hours in advance) on 02 47 37 32 70 or by email June\/July\/August at 11 a.m. and 4 p.m. April\/May\/September\/October at 10:30 a.m. and 3:30 p.m. November\/December\/January\/February\/March at 10 a.m. and 2 p.m. Duration: approx. 1 hour\"><span class=\"Y2IQFc\" lang=\"en\"><strong>The \u201cFirst Discovery\u201d visit (only in French)<\/strong>\u00a0included in the ticket price is offered every day: <\/span><\/p>\n<p class=\"tw-data-text tw-text-large tw-ta\" dir=\"ltr\" data-placeholder=\"Traduction\" data-ved=\"2ahUKEwjmq4zI07yOAxUwU6QEHYCIJeIQ3ewLegQICRAW\" aria-label=\"Texte traduit\u00a0: Free or guided tour THE VISIT TO THE SAINT-COSME PRIORY The visit to the Prieur\u00e9 Saint-Cosme, home of Ronsard, can be done freely, using the accompanying booklet \u201cWish for poetry\u201d provided with the entry ticket. Recommended duration: 1h30 Booklet available in French, English, Spanish and German. THE \u201cFIRST DISCOVERY\u201d VISIT The \u201cFirst Discovery\u201d visit included in the ticket price is offered every day: June\/July\/August at 10 a.m., 2:30 p.m. and 5 p.m. April\/May\/September\/October at 11:30 a.m., 2:30 p.m. and 4:30 p.m. November\/December\/January\/February\/March at 11:15 a.m. and 3:30 p.m. Duration: approx. 20 minutes French only THE GUIDED TOUR The guided tour, included in the ticket price, is offered every day depending on the availability of the guides, by reservation only (at least 24 hours in advance) on 02 47 37 32 70 or by email June\/July\/August at 11 a.m. and 4 p.m. April\/May\/September\/October at 10:30 a.m. and 3:30 p.m. November\/December\/January\/February\/March at 10 a.m. and 2 p.m. Duration: approx. 1 hour\"><span class=\"Y2IQFc\" lang=\"en\">June\/July\/August at 10 a.m., 2:30 p.m. and 5 p.m. <\/span><\/p>\n<p class=\"tw-data-text tw-text-large tw-ta\" dir=\"ltr\" data-placeholder=\"Traduction\" data-ved=\"2ahUKEwjmq4zI07yOAxUwU6QEHYCIJeIQ3ewLegQICRAW\" aria-label=\"Texte traduit\u00a0: Free or guided tour THE VISIT TO THE SAINT-COSME PRIORY The visit to the Prieur\u00e9 Saint-Cosme, home of Ronsard, can be done freely, using the accompanying booklet \u201cWish for poetry\u201d provided with the entry ticket. Recommended duration: 1h30 Booklet available in French, English, Spanish and German. THE \u201cFIRST DISCOVERY\u201d VISIT The \u201cFirst Discovery\u201d visit included in the ticket price is offered every day: June\/July\/August at 10 a.m., 2:30 p.m. and 5 p.m. April\/May\/September\/October at 11:30 a.m., 2:30 p.m. and 4:30 p.m. November\/December\/January\/February\/March at 11:15 a.m. and 3:30 p.m. Duration: approx. 20 minutes French only THE GUIDED TOUR The guided tour, included in the ticket price, is offered every day depending on the availability of the guides, by reservation only (at least 24 hours in advance) on 02 47 37 32 70 or by email June\/July\/August at 11 a.m. and 4 p.m. April\/May\/September\/October at 10:30 a.m. and 3:30 p.m. November\/December\/January\/February\/March at 10 a.m. and 2 p.m. Duration: approx. 1 hour\"><span class=\"Y2IQFc\" lang=\"en\">April\/May\/September\/October at 11:30 a.m., 2:30 p.m. and 4:30 p.m. <\/span><\/p>\n<p class=\"tw-data-text tw-text-large tw-ta\" dir=\"ltr\" data-placeholder=\"Traduction\" data-ved=\"2ahUKEwjmq4zI07yOAxUwU6QEHYCIJeIQ3ewLegQICRAW\" aria-label=\"Texte traduit\u00a0: Free or guided tour THE VISIT TO THE SAINT-COSME PRIORY The visit to the Prieur\u00e9 Saint-Cosme, home of Ronsard, can be done freely, using the accompanying booklet \u201cWish for poetry\u201d provided with the entry ticket. Recommended duration: 1h30 Booklet available in French, English, Spanish and German. THE \u201cFIRST DISCOVERY\u201d VISIT The \u201cFirst Discovery\u201d visit included in the ticket price is offered every day: June\/July\/August at 10 a.m., 2:30 p.m. and 5 p.m. April\/May\/September\/October at 11:30 a.m., 2:30 p.m. and 4:30 p.m. November\/December\/January\/February\/March at 11:15 a.m. and 3:30 p.m. Duration: approx. 20 minutes French only THE GUIDED TOUR The guided tour, included in the ticket price, is offered every day depending on the availability of the guides, by reservation only (at least 24 hours in advance) on 02 47 37 32 70 or by email June\/July\/August at 11 a.m. and 4 p.m. April\/May\/September\/October at 10:30 a.m. and 3:30 p.m. November\/December\/January\/February\/March at 10 a.m. and 2 p.m. Duration: approx. 1 hour\"><span class=\"Y2IQFc\" lang=\"en\">November\/December\/January\/February\/March at 11:15 a.m. and 3:30 p.m. <\/span><\/p>\n<p class=\"tw-data-text tw-text-large tw-ta\" dir=\"ltr\" data-placeholder=\"Traduction\" data-ved=\"2ahUKEwjmq4zI07yOAxUwU6QEHYCIJeIQ3ewLegQICRAW\" aria-label=\"Texte traduit\u00a0: Free or guided tour THE VISIT TO THE SAINT-COSME PRIORY The visit to the Prieur\u00e9 Saint-Cosme, home of Ronsard, can be done freely, using the accompanying booklet \u201cWish for poetry\u201d provided with the entry ticket. Recommended duration: 1h30 Booklet available in French, English, Spanish and German. THE \u201cFIRST DISCOVERY\u201d VISIT The \u201cFirst Discovery\u201d visit included in the ticket price is offered every day: June\/July\/August at 10 a.m., 2:30 p.m. and 5 p.m. April\/May\/September\/October at 11:30 a.m., 2:30 p.m. and 4:30 p.m. November\/December\/January\/February\/March at 11:15 a.m. and 3:30 p.m. Duration: approx. 20 minutes French only THE GUIDED TOUR The guided tour, included in the ticket price, is offered every day depending on the availability of the guides, by reservation only (at least 24 hours in advance) on 02 47 37 32 70 or by email June\/July\/August at 11 a.m. and 4 p.m. April\/May\/September\/October at 10:30 a.m. and 3:30 p.m. November\/December\/January\/February\/March at 10 a.m. and 2 p.m. Duration: approx. 1 hour\"><span class=\"Y2IQFc\" lang=\"en\">Duration: approx. 20 minutes in French only <\/span><\/p>\n<p class=\"tw-data-text tw-text-large tw-ta\" dir=\"ltr\" data-placeholder=\"Traduction\" data-ved=\"2ahUKEwjmq4zI07yOAxUwU6QEHYCIJeIQ3ewLegQICRAW\" aria-label=\"Texte traduit\u00a0: Free or guided tour THE VISIT TO THE SAINT-COSME PRIORY The visit to the Prieur\u00e9 Saint-Cosme, home of Ronsard, can be done freely, using the accompanying booklet \u201cWish for poetry\u201d provided with the entry ticket. Recommended duration: 1h30 Booklet available in French, English, Spanish and German. THE \u201cFIRST DISCOVERY\u201d VISIT The \u201cFirst Discovery\u201d visit included in the ticket price is offered every day: June\/July\/August at 10 a.m., 2:30 p.m. and 5 p.m. April\/May\/September\/October at 11:30 a.m., 2:30 p.m. and 4:30 p.m. November\/December\/January\/February\/March at 11:15 a.m. and 3:30 p.m. Duration: approx. 20 minutes French only THE GUIDED TOUR The guided tour, included in the ticket price, is offered every day depending on the availability of the guides, by reservation only (at least 24 hours in advance) on 02 47 37 32 70 or by email June\/July\/August at 11 a.m. and 4 p.m. April\/May\/September\/October at 10:30 a.m. and 3:30 p.m. November\/December\/January\/February\/March at 10 a.m. and 2 p.m. Duration: approx. 1 hour\"><span class=\"Y2IQFc\" lang=\"en\"><strong>THE GUIDED TOUR<\/strong> <\/span><\/p>\n<p class=\"tw-data-text tw-text-large tw-ta\" dir=\"ltr\" data-placeholder=\"Traduction\" data-ved=\"2ahUKEwjmq4zI07yOAxUwU6QEHYCIJeIQ3ewLegQICRAW\" aria-label=\"Texte traduit\u00a0: Free or guided tour THE VISIT TO THE SAINT-COSME PRIORY The visit to the Prieur\u00e9 Saint-Cosme, home of Ronsard, can be done freely, using the accompanying booklet \u201cWish for poetry\u201d provided with the entry ticket. Recommended duration: 1h30 Booklet available in French, English, Spanish and German. THE \u201cFIRST DISCOVERY\u201d VISIT The \u201cFirst Discovery\u201d visit included in the ticket price is offered every day: June\/July\/August at 10 a.m., 2:30 p.m. and 5 p.m. April\/May\/September\/October at 11:30 a.m., 2:30 p.m. and 4:30 p.m. November\/December\/January\/February\/March at 11:15 a.m. and 3:30 p.m. Duration: approx. 20 minutes French only THE GUIDED TOUR The guided tour, included in the ticket price, is offered every day depending on the availability of the guides, by reservation only (at least 24 hours in advance) on 02 47 37 32 70 or by email June\/July\/August at 11 a.m. and 4 p.m. April\/May\/September\/October at 10:30 a.m. and 3:30 p.m. November\/December\/January\/February\/March at 10 a.m. and 2 p.m. Duration: approx. 1 hour\"><span class=\"Y2IQFc\" lang=\"en\"><strong>The guided tour (in French or english) <\/strong>included in the ticket price, is offered every day depending on the availability of the guides, <strong>by reservation only (at least 24 hours in advance) on 02 47 37 32 70 or by email <\/strong><\/span><\/p>\n<p class=\"tw-data-text tw-text-large tw-ta\" dir=\"ltr\" data-placeholder=\"Traduction\" data-ved=\"2ahUKEwjmq4zI07yOAxUwU6QEHYCIJeIQ3ewLegQICRAW\" aria-label=\"Texte traduit\u00a0: Free or guided tour THE VISIT TO THE SAINT-COSME PRIORY The visit to the Prieur\u00e9 Saint-Cosme, home of Ronsard, can be done freely, using the accompanying booklet \u201cWish for poetry\u201d provided with the entry ticket. Recommended duration: 1h30 Booklet available in French, English, Spanish and German. THE \u201cFIRST DISCOVERY\u201d VISIT The \u201cFirst Discovery\u201d visit included in the ticket price is offered every day: June\/July\/August at 10 a.m., 2:30 p.m. and 5 p.m. April\/May\/September\/October at 11:30 a.m., 2:30 p.m. and 4:30 p.m. November\/December\/January\/February\/March at 11:15 a.m. and 3:30 p.m. Duration: approx. 20 minutes French only THE GUIDED TOUR The guided tour, included in the ticket price, is offered every day depending on the availability of the guides, by reservation only (at least 24 hours in advance) on 02 47 37 32 70 or by email June\/July\/August at 11 a.m. and 4 p.m. April\/May\/September\/October at 10:30 a.m. and 3:30 p.m. November\/December\/January\/February\/March at 10 a.m. and 2 p.m. Duration: approx. 1 hour\"><span class=\"Y2IQFc\" lang=\"en\">June\/July\/August at 11 a.m. and 4 p.m. <\/span><\/p>\n<p class=\"tw-data-text tw-text-large tw-ta\" dir=\"ltr\" data-placeholder=\"Traduction\" data-ved=\"2ahUKEwjmq4zI07yOAxUwU6QEHYCIJeIQ3ewLegQICRAW\" aria-label=\"Texte traduit\u00a0: Free or guided tour THE VISIT TO THE SAINT-COSME PRIORY The visit to the Prieur\u00e9 Saint-Cosme, home of Ronsard, can be done freely, using the accompanying booklet \u201cWish for poetry\u201d provided with the entry ticket. Recommended duration: 1h30 Booklet available in French, English, Spanish and German. THE \u201cFIRST DISCOVERY\u201d VISIT The \u201cFirst Discovery\u201d visit included in the ticket price is offered every day: June\/July\/August at 10 a.m., 2:30 p.m. and 5 p.m. April\/May\/September\/October at 11:30 a.m., 2:30 p.m. and 4:30 p.m. November\/December\/January\/February\/March at 11:15 a.m. and 3:30 p.m. Duration: approx. 20 minutes French only THE GUIDED TOUR The guided tour, included in the ticket price, is offered every day depending on the availability of the guides, by reservation only (at least 24 hours in advance) on 02 47 37 32 70 or by email June\/July\/August at 11 a.m. and 4 p.m. April\/May\/September\/October at 10:30 a.m. and 3:30 p.m. November\/December\/January\/February\/March at 10 a.m. and 2 p.m. Duration: approx. 1 hour\"><span class=\"Y2IQFc\" lang=\"en\">April\/May\/September\/October at 10:30 a.m. and 3:30 p.m. <\/span><\/p>\n<p class=\"tw-data-text tw-text-large tw-ta\" dir=\"ltr\" data-placeholder=\"Traduction\" data-ved=\"2ahUKEwjmq4zI07yOAxUwU6QEHYCIJeIQ3ewLegQICRAW\" aria-label=\"Texte traduit\u00a0: Free or guided tour THE VISIT TO THE SAINT-COSME PRIORY The visit to the Prieur\u00e9 Saint-Cosme, home of Ronsard, can be done freely, using the accompanying booklet \u201cWish for poetry\u201d provided with the entry ticket. Recommended duration: 1h30 Booklet available in French, English, Spanish and German. THE \u201cFIRST DISCOVERY\u201d VISIT The \u201cFirst Discovery\u201d visit included in the ticket price is offered every day: June\/July\/August at 10 a.m., 2:30 p.m. and 5 p.m. April\/May\/September\/October at 11:30 a.m., 2:30 p.m. and 4:30 p.m. November\/December\/January\/February\/March at 11:15 a.m. and 3:30 p.m. Duration: approx. 20 minutes French only THE GUIDED TOUR The guided tour, included in the ticket price, is offered every day depending on the availability of the guides, by reservation only (at least 24 hours in advance) on 02 47 37 32 70 or by email June\/July\/August at 11 a.m. and 4 p.m. April\/May\/September\/October at 10:30 a.m. and 3:30 p.m. November\/December\/January\/February\/March at 10 a.m. and 2 p.m. Duration: approx. 1 hour\"><span class=\"Y2IQFc\" lang=\"en\">November\/December\/January\/February\/March at 10 a.m. and 2 p.m.<\/span><\/p>\n<p><strong><img loading=\"lazy\" decoding=\"async\" class=\"alignnone size-full wp-image-17535\" src=\"https:\/\/www.prieure-ronsard.fr\/wp-content\/uploads\/2021\/09\/Clock-04.png\" alt=\"\" width=\"15\" height=\"15\" \/> Duration :<\/strong> 75 minutes<\/p>\n<p><strong>Booking required in French and English.<\/strong><\/p>\n<div class=\"btn_orange\"><a href=\"https:\/\/www.prieure-ronsard.fr\/en\/contact\/\" target=\"_blank\" rel=\"noopener\">BOOKING DAILY GUIDED TOUR<\/a><\/div>\n<\/div>\n<\/div><\/div><\/div><\/div><\/div><\/div><div id=\"pg-19045-1\"  class=\"panel-grid panel-no-style\" ><div id=\"pgc-19045-1-0\"  class=\"panel-grid-cell panel-grid-cell-empty\" ><\/div><div id=\"pgc-19045-1-1\"  class=\"panel-grid-cell\" ><div id=\"panel-19045-1-1-0\" class=\"so-panel widget widget_sow-editor panel-first-child panel-last-child\" data-index=\"2\" ><div class=\"image_gauche panel-widget-style panel-widget-style-for-19045-1-1-0\" ><div\n\t\t\t\n\t\t\tclass=\"so-widget-sow-editor so-widget-sow-editor-base\"\n\t\t\t\n\t\t>\n<div class=\"siteorigin-widget-tinymce textwidget\">\n\t<p><img loading=\"lazy\" decoding=\"async\" class=\"alignnone size-full wp-image-17515\" src=\"https:\/\/www.prieure-ronsard.fr\/wp-content\/uploads\/2021\/09\/Groupe-de-masques-34.jpg\" alt=\"\" width=\"510\" height=\"524\" srcset=\"https:\/\/www.prieure-ronsard.fr\/wp-content\/uploads\/2021\/09\/Groupe-de-masques-34.jpg 510w, https:\/\/www.prieure-ronsard.fr\/wp-content\/uploads\/2021\/09\/Groupe-de-masques-34-292x300.jpg 292w\" sizes=\"auto, (max-width: 510px) 100vw, 510px\" \/><\/p>\n<\/div>\n<\/div><\/div><\/div><\/div><\/div><\/div>","protected":false},"excerpt":{"rendered":"<p>Guided tours or unaccompanied tours The visit of Priory Saint-Cosme You can visit Prieur\u00e9 Saint-Cosme, Ronsard&#8217;s House at your own pace with the &#8220;Vow of Poetry&#8221; tour booklet included [&hellip;]<\/p>\n","protected":false},"author":10,"featured_media":0,"parent":19054,"menu_order":45,"comment_status":"closed","ping_status":"closed","template":"","meta":{"inline_featured_image":false,"footnotes":"","beyondwords_generate_audio":"0","beyondwords_project_id":"","beyondwords_content_id":"","beyondwords_preview_token":"","beyondwords_player_style":"","beyondwords_language_id":"","beyondwords_title_voice_id":"","beyondwords_body_voice_id":"","beyondwords_summary_voice_id":"","beyondwords_error_message":"","beyondwords_disabled":"","beyondwords_delete_content":"","beyondwords_podcast_id":"","beyondwords_hash":"","publish_post_to_speechkit":"0","speechkit_hash":"","speechkit_generate_audio":"0","speechkit_project_id":"","speechkit_podcast_id":"","speechkit_error_message":"","speechkit_disabled":"","speechkit_access_key":"","speechkit_error":"","speechkit_info":"","speechkit_response":"","speechkit_retries":"","speechkit_status":"","speechkit_updated_at":"","_speechkit_link":"","_speechkit_text":"79a24b8bea70dbe0c0ec32ee6341f619"},"class_list":["post-19045","page","type-page","status-publish","hentry"],"yoast_head":"<!-- This site is optimized with the Yoast SEO plugin v27.3 - https:\/\/yoast.com\/product\/yoast-seo-wordpress\/ -->\n<title>Guided ou unaccompanied tour - Priory Saint Cosme, Ronsard&#039;s house<\/title>\n<meta name=\"robots\" content=\"index, follow, max-snippet:-1, max-image-preview:large, max-video-preview:-1\" \/>\n<link rel=\"canonical\" href=\"https:\/\/www.prieure-ronsard.fr\/en\/visiting\/visit-offer\/guided-or-unaccompanied-tour\/\" \/>\n<meta name=\"twitter:label1\" content=\"Est. reading time\" \/>\n\t<meta name=\"twitter:data1\" content=\"2 minutes\" \/>\n<script type=\"application\/ld+json\" class=\"yoast-schema-graph\">{\"@context\":\"https:\\\/\\\/schema.org\",\"@graph\":[{\"@type\":\"WebPage\",\"@id\":\"https:\\\/\\\/www.prieure-ronsard.fr\\\/en\\\/visiting\\\/visit-offer\\\/guided-or-unaccompanied-tour\\\/\",\"url\":\"https:\\\/\\\/www.prieure-ronsard.fr\\\/en\\\/visiting\\\/visit-offer\\\/guided-or-unaccompanied-tour\\\/\",\"name\":\"Guided ou unaccompanied tour - Priory Saint Cosme, Ronsard's house\",\"isPartOf\":{\"@id\":\"https:\\\/\\\/www.prieure-ronsard.fr\\\/#website\"},\"primaryImageOfPage\":{\"@id\":\"https:\\\/\\\/www.prieure-ronsard.fr\\\/en\\\/visiting\\\/visit-offer\\\/guided-or-unaccompanied-tour\\\/#primaryimage\"},\"image\":{\"@id\":\"https:\\\/\\\/www.prieure-ronsard.fr\\\/en\\\/visiting\\\/visit-offer\\\/guided-or-unaccompanied-tour\\\/#primaryimage\"},\"thumbnailUrl\":\"https:\\\/\\\/www.prieure-ronsard.fr\\\/wp-content\\\/uploads\\\/2021\\\/09\\\/Groupe-de-masques-34.jpg\",\"datePublished\":\"2021-10-01T14:14:51+00:00\",\"dateModified\":\"2025-07-14T15:33:55+00:00\",\"breadcrumb\":{\"@id\":\"https:\\\/\\\/www.prieure-ronsard.fr\\\/en\\\/visiting\\\/visit-offer\\\/guided-or-unaccompanied-tour\\\/#breadcrumb\"},\"inLanguage\":\"en-US\",\"potentialAction\":[{\"@type\":\"ReadAction\",\"target\":[\"https:\\\/\\\/www.prieure-ronsard.fr\\\/en\\\/visiting\\\/visit-offer\\\/guided-or-unaccompanied-tour\\\/\"]}]},{\"@type\":\"ImageObject\",\"inLanguage\":\"en-US\",\"@id\":\"https:\\\/\\\/www.prieure-ronsard.fr\\\/en\\\/visiting\\\/visit-offer\\\/guided-or-unaccompanied-tour\\\/#primaryimage\",\"url\":\"https:\\\/\\\/www.prieure-ronsard.fr\\\/wp-content\\\/uploads\\\/2021\\\/09\\\/Groupe-de-masques-34.jpg\",\"contentUrl\":\"https:\\\/\\\/www.prieure-ronsard.fr\\\/wp-content\\\/uploads\\\/2021\\\/09\\\/Groupe-de-masques-34.jpg\"},{\"@type\":\"BreadcrumbList\",\"@id\":\"https:\\\/\\\/www.prieure-ronsard.fr\\\/en\\\/visiting\\\/visit-offer\\\/guided-or-unaccompanied-tour\\\/#breadcrumb\",\"itemListElement\":[{\"@type\":\"ListItem\",\"position\":1,\"name\":\"Accueil\",\"item\":\"https:\\\/\\\/www.prieure-ronsard.fr\\\/en\\\/\"},{\"@type\":\"ListItem\",\"position\":2,\"name\":\"Visiting the priory\",\"item\":\"https:\\\/\\\/www.prieure-ronsard.fr\\\/en\\\/visiting\\\/\"},{\"@type\":\"ListItem\",\"position\":3,\"name\":\"Visit&rsquo;s offer\",\"item\":\"https:\\\/\\\/www.prieure-ronsard.fr\\\/en\\\/visiting\\\/visit-offer\\\/\"},{\"@type\":\"ListItem\",\"position\":4,\"name\":\"Guided ou unaccompanied tour\"}]},{\"@type\":\"WebSite\",\"@id\":\"https:\\\/\\\/www.prieure-ronsard.fr\\\/#website\",\"url\":\"https:\\\/\\\/www.prieure-ronsard.fr\\\/\",\"name\":\"Prieur\u00e9 saint Cosme - Demeure de Ronsard\",\"description\":\"La po\u00e9sie, un art \u00e0 vivre\",\"potentialAction\":[{\"@type\":\"SearchAction\",\"target\":{\"@type\":\"EntryPoint\",\"urlTemplate\":\"https:\\\/\\\/www.prieure-ronsard.fr\\\/?s={search_term_string}\"},\"query-input\":{\"@type\":\"PropertyValueSpecification\",\"valueRequired\":true,\"valueName\":\"search_term_string\"}}],\"inLanguage\":\"en-US\"}]}<\/script>\n<!-- \/ Yoast SEO plugin. -->","yoast_head_json":{"title":"Guided ou unaccompanied tour - Priory Saint Cosme, Ronsard's house","robots":{"index":"index","follow":"follow","max-snippet":"max-snippet:-1","max-image-preview":"max-image-preview:large","max-video-preview":"max-video-preview:-1"},"canonical":"https:\/\/www.prieure-ronsard.fr\/en\/visiting\/visit-offer\/guided-or-unaccompanied-tour\/","twitter_misc":{"Est. reading time":"2 minutes"},"schema":{"@context":"https:\/\/schema.org","@graph":[{"@type":"WebPage","@id":"https:\/\/www.prieure-ronsard.fr\/en\/visiting\/visit-offer\/guided-or-unaccompanied-tour\/","url":"https:\/\/www.prieure-ronsard.fr\/en\/visiting\/visit-offer\/guided-or-unaccompanied-tour\/","name":"Guided ou unaccompanied tour - Priory Saint Cosme, Ronsard's house","isPartOf":{"@id":"https:\/\/www.prieure-ronsard.fr\/#website"},"primaryImageOfPage":{"@id":"https:\/\/www.prieure-ronsard.fr\/en\/visiting\/visit-offer\/guided-or-unaccompanied-tour\/#primaryimage"},"image":{"@id":"https:\/\/www.prieure-ronsard.fr\/en\/visiting\/visit-offer\/guided-or-unaccompanied-tour\/#primaryimage"},"thumbnailUrl":"https:\/\/www.prieure-ronsard.fr\/wp-content\/uploads\/2021\/09\/Groupe-de-masques-34.jpg","datePublished":"2021-10-01T14:14:51+00:00","dateModified":"2025-07-14T15:33:55+00:00","breadcrumb":{"@id":"https:\/\/www.prieure-ronsard.fr\/en\/visiting\/visit-offer\/guided-or-unaccompanied-tour\/#breadcrumb"},"inLanguage":"en-US","potentialAction":[{"@type":"ReadAction","target":["https:\/\/www.prieure-ronsard.fr\/en\/visiting\/visit-offer\/guided-or-unaccompanied-tour\/"]}]},{"@type":"ImageObject","inLanguage":"en-US","@id":"https:\/\/www.prieure-ronsard.fr\/en\/visiting\/visit-offer\/guided-or-unaccompanied-tour\/#primaryimage","url":"https:\/\/www.prieure-ronsard.fr\/wp-content\/uploads\/2021\/09\/Groupe-de-masques-34.jpg","contentUrl":"https:\/\/www.prieure-ronsard.fr\/wp-content\/uploads\/2021\/09\/Groupe-de-masques-34.jpg"},{"@type":"BreadcrumbList","@id":"https:\/\/www.prieure-ronsard.fr\/en\/visiting\/visit-offer\/guided-or-unaccompanied-tour\/#breadcrumb","itemListElement":[{"@type":"ListItem","position":1,"name":"Accueil","item":"https:\/\/www.prieure-ronsard.fr\/en\/"},{"@type":"ListItem","position":2,"name":"Visiting the priory","item":"https:\/\/www.prieure-ronsard.fr\/en\/visiting\/"},{"@type":"ListItem","position":3,"name":"Visit&rsquo;s offer","item":"https:\/\/www.prieure-ronsard.fr\/en\/visiting\/visit-offer\/"},{"@type":"ListItem","position":4,"name":"Guided ou unaccompanied tour"}]},{"@type":"WebSite","@id":"https:\/\/www.prieure-ronsard.fr\/#website","url":"https:\/\/www.prieure-ronsard.fr\/","name":"Prieur\u00e9 saint Cosme - Demeure de Ronsard","description":"La po\u00e9sie, un art \u00e0 vivre","potentialAction":[{"@type":"SearchAction","target":{"@type":"EntryPoint","urlTemplate":"https:\/\/www.prieure-ronsard.fr\/?s={search_term_string}"},"query-input":{"@type":"PropertyValueSpecification","valueRequired":true,"valueName":"search_term_string"}}],"inLanguage":"en-US"}]}},"_links":{"self":[{"href":"https:\/\/www.prieure-ronsard.fr\/en\/wp-json\/wp\/v2\/pages\/19045","targetHints":{"allow":["GET"]}}],"collection":[{"href":"https:\/\/www.prieure-ronsard.fr\/en\/wp-json\/wp\/v2\/pages"}],"about":[{"href":"https:\/\/www.prieure-ronsard.fr\/en\/wp-json\/wp\/v2\/types\/page"}],"author":[{"embeddable":true,"href":"https:\/\/www.prieure-ronsard.fr\/en\/wp-json\/wp\/v2\/users\/10"}],"replies":[{"embeddable":true,"href":"https:\/\/www.prieure-ronsard.fr\/en\/wp-json\/wp\/v2\/comments?post=19045"}],"version-history":[{"count":6,"href":"https:\/\/www.prieure-ronsard.fr\/en\/wp-json\/wp\/v2\/pages\/19045\/revisions"}],"predecessor-version":[{"id":21747,"href":"https:\/\/www.prieure-ronsard.fr\/en\/wp-json\/wp\/v2\/pages\/19045\/revisions\/21747"}],"up":[{"embeddable":true,"href":"https:\/\/www.prieure-ronsard.fr\/en\/wp-json\/wp\/v2\/pages\/19054"}],"wp:attachment":[{"href":"https:\/\/www.prieure-ronsard.fr\/en\/wp-json\/wp\/v2\/media?parent=19045"}],"curies":[{"name":"wp","href":"https:\/\/api.w.org\/{rel}","templated":true}]}}