{"id":19047,"date":"2021-10-01T14:57:39","date_gmt":"2021-10-01T13:57:39","guid":{"rendered":"https:\/\/www.prieure-ronsard.fr\/le-refectoire-des-chanoines\/"},"modified":"2022-01-03T14:28:08","modified_gmt":"2022-01-03T13:28:08","slug":"the-canon-refectory","status":"publish","type":"page","link":"https:\/\/www.prieure-ronsard.fr\/en\/visiting\/visitor-aera\/the-canon-refectory\/","title":{"rendered":"The canon&#8217;s refectory"},"content":{"rendered":"<div id=\"pl-19047\"  class=\"panel-layout\" ><div id=\"pg-19047-0\"  class=\"panel-grid panel-has-style\" ><div class=\"image_gauche siteorigin-panels-stretch panel-row-style panel-row-style-for-19047-0\" data-stretch-type=\"full\" ><div id=\"pgc-19047-0-0\"  class=\"panel-grid-cell\" ><div id=\"panel-19047-0-0-0\" class=\"so-panel widget widget_sow-editor panel-first-child panel-last-child\" data-index=\"0\" ><div class=\"image_gauche animation_gauche_droite panel-widget-style panel-widget-style-for-19047-0-0-0\" ><div\n\t\t\t\n\t\t\tclass=\"so-widget-sow-editor so-widget-sow-editor-base\"\n\t\t\t\n\t\t>\n<div class=\"siteorigin-widget-tinymce textwidget\">\n\t<p><img loading=\"lazy\" decoding=\"async\" class=\"alignnone size-full wp-image-17635\" src=\"https:\/\/www.prieure-ronsard.fr\/wp-content\/uploads\/2021\/10\/Prieure_Saint_Cosme_refectoire_credit_Leonard_de_Serres-5-scaled.jpg\" alt=\"\" width=\"2560\" height=\"1704\" srcset=\"https:\/\/www.prieure-ronsard.fr\/wp-content\/uploads\/2021\/10\/Prieure_Saint_Cosme_refectoire_credit_Leonard_de_Serres-5-scaled.jpg 2560w, https:\/\/www.prieure-ronsard.fr\/wp-content\/uploads\/2021\/10\/Prieure_Saint_Cosme_refectoire_credit_Leonard_de_Serres-5-300x200.jpg 300w, https:\/\/www.prieure-ronsard.fr\/wp-content\/uploads\/2021\/10\/Prieure_Saint_Cosme_refectoire_credit_Leonard_de_Serres-5-1024x682.jpg 1024w, https:\/\/www.prieure-ronsard.fr\/wp-content\/uploads\/2021\/10\/Prieure_Saint_Cosme_refectoire_credit_Leonard_de_Serres-5-1536x1022.jpg 1536w, https:\/\/www.prieure-ronsard.fr\/wp-content\/uploads\/2021\/10\/Prieure_Saint_Cosme_refectoire_credit_Leonard_de_Serres-5-2048x1363.jpg 2048w, https:\/\/www.prieure-ronsard.fr\/wp-content\/uploads\/2021\/10\/Prieure_Saint_Cosme_refectoire_credit_Leonard_de_Serres-5-1320x879.jpg 1320w, https:\/\/www.prieure-ronsard.fr\/wp-content\/uploads\/2021\/10\/Prieure_Saint_Cosme_refectoire_credit_Leonard_de_Serres-5-272x182.jpg 272w\" sizes=\"auto, (max-width: 2560px) 100vw, 2560px\" \/><\/p>\n<\/div>\n<\/div><\/div><\/div><\/div><div id=\"pgc-19047-0-1\"  class=\"panel-grid-cell\" ><div id=\"panel-19047-0-1-0\" class=\"so-panel widget widget_sow-editor panel-first-child panel-last-child\" data-index=\"1\" ><div class=\"tarif panel-widget-style panel-widget-style-for-19047-0-1-0\" ><div\n\t\t\t\n\t\t\tclass=\"so-widget-sow-editor so-widget-sow-editor-base\"\n\t\t\t\n\t\t>\n<div class=\"siteorigin-widget-tinymce textwidget\">\n\t<p>&nbsp;<\/p>\n<h2>The canon's refectory<\/h2>\n<p>The refectory was built in the 12th century and was a dining hall serving dishes made using produce from the vegetable garden and the Loire. The monks ate in silence whilst the reader read religious texts from the pulpit during the meal.<\/p>\n<p>The refectory was restored after damage from air raids in 1944. It still has the pulpit and 14 original stained glass windows decorated by the painter Zao Wou-Ki.<\/p>\n<\/div>\n<\/div><\/div><\/div><\/div><\/div><\/div><div id=\"pg-19047-1\"  class=\"panel-grid panel-has-style\" ><div class=\"texte_blanc siteorigin-panels-stretch panel-row-style panel-row-style-for-19047-1\" data-stretch-type=\"full\" ><div id=\"pgc-19047-1-0\"  class=\"panel-grid-cell\" ><div id=\"panel-19047-1-0-0\" class=\"so-panel widget widget_sow-editor panel-first-child panel-last-child\" data-index=\"2\" ><div class=\"panel-widget-style panel-widget-style-for-19047-1-0-0\" ><div\n\t\t\t\n\t\t\tclass=\"so-widget-sow-editor so-widget-sow-editor-base\"\n\t\t\t\n\t\t>\n<div class=\"siteorigin-widget-tinymce textwidget\">\n\t<p>The stained glass windows designed by Zao Wou-Ki in 2010 shed new light on what was once the refectory.<\/p>\n<p>This was the artist's first time working with glass despite his long career. He selected a set of eleven India inks and put a delicate twist on the painstaking technique involved in stained glass, without lead came in this case. He created three extra stained glass pieces in the pulpit whose deep red echoes both the artist's Chinese heritage and the site's religious background. It has transformed the refectory which now hosts temporary modern and contemporary art exhibitions.<\/p>\n<p><em>Find out more about the stained glass windows <\/em><\/p>\n<p>&nbsp;<\/p>\n<div class=\"btn_orange\"><a href=\"https:\/\/www.prieure-ronsard.fr\/explorer\/creation-contemporaine\/\">FIND OUT MORE ABOUT THE STAINED GLASS WINDOW<\/a><\/div>\n<\/div>\n<\/div><\/div><\/div><\/div><div id=\"pgc-19047-1-1\"  class=\"panel-grid-cell\" ><div id=\"panel-19047-1-1-0\" class=\"so-panel widget widget_sow-editor panel-first-child panel-last-child\" data-index=\"3\" ><div class=\"image_gauche animation_gauche_droite panel-widget-style panel-widget-style-for-19047-1-1-0\" ><div\n\t\t\t\n\t\t\tclass=\"so-widget-sow-editor so-widget-sow-editor-base\"\n\t\t\t\n\t\t>\n<div class=\"siteorigin-widget-tinymce textwidget\">\n\t<p><img loading=\"lazy\" decoding=\"async\" class=\"alignnone size-full wp-image-18333\" src=\"https:\/\/www.prieure-ronsard.fr\/wp-content\/uploads\/2021\/10\/Prieure\u0301_saint_cosme_Le\u0301onard_de_serres-2-scaled.jpg\" alt=\"\" width=\"2560\" height=\"1267\" srcset=\"https:\/\/www.prieure-ronsard.fr\/wp-content\/uploads\/2021\/10\/Prieure\u0301_saint_cosme_Le\u0301onard_de_serres-2-scaled.jpg 2560w, https:\/\/www.prieure-ronsard.fr\/wp-content\/uploads\/2021\/10\/Prieure\u0301_saint_cosme_Le\u0301onard_de_serres-2-300x149.jpg 300w, https:\/\/www.prieure-ronsard.fr\/wp-content\/uploads\/2021\/10\/Prieure\u0301_saint_cosme_Le\u0301onard_de_serres-2-1024x507.jpg 1024w, https:\/\/www.prieure-ronsard.fr\/wp-content\/uploads\/2021\/10\/Prieure\u0301_saint_cosme_Le\u0301onard_de_serres-2-1536x760.jpg 1536w, https:\/\/www.prieure-ronsard.fr\/wp-content\/uploads\/2021\/10\/Prieure\u0301_saint_cosme_Le\u0301onard_de_serres-2-2048x1014.jpg 2048w, https:\/\/www.prieure-ronsard.fr\/wp-content\/uploads\/2021\/10\/Prieure\u0301_saint_cosme_Le\u0301onard_de_serres-2-1320x653.jpg 1320w\" sizes=\"auto, (max-width: 2560px) 100vw, 2560px\" \/><\/p>\n<\/div>\n<\/div><\/div><\/div><\/div><\/div><\/div><\/div>","protected":false},"excerpt":{"rendered":"<p>&nbsp; The canon&#8217;s refectory The refectory was built in the 12th century and was a dining hall serving dishes made using produce from the vegetable garden and the Loire. [&hellip;]<\/p>\n","protected":false},"author":10,"featured_media":0,"parent":19050,"menu_order":32,"comment_status":"closed","ping_status":"closed","template":"","meta":{"inline_featured_image":false,"footnotes":"","beyondwords_generate_audio":"","beyondwords_project_id":"","beyondwords_content_id":"","beyondwords_preview_token":"","beyondwords_player_style":"","beyondwords_language_id":"","beyondwords_title_voice_id":"","beyondwords_body_voice_id":"","beyondwords_summary_voice_id":"","beyondwords_error_message":"","beyondwords_disabled":"","beyondwords_delete_content":"","beyondwords_podcast_id":"","beyondwords_hash":"","publish_post_to_speechkit":"0","speechkit_hash":"","speechkit_generate_audio":"0","speechkit_project_id":"","speechkit_podcast_id":"","speechkit_error_message":"","speechkit_disabled":"","speechkit_access_key":"","speechkit_error":"","speechkit_info":"","speechkit_response":"","speechkit_retries":"","speechkit_status":"","speechkit_updated_at":"","_speechkit_link":"","_speechkit_text":"79a24b8bea70dbe0c0ec32ee6341f619"},"class_list":["post-19047","page","type-page","status-publish","hentry"],"yoast_head":"<!-- This site is optimized with the Yoast SEO plugin v27.6 - https:\/\/yoast.com\/product\/yoast-seo-wordpress\/ -->\n<title>The canon&#039;s refectory - Priory Saint Cosme, Ronsard&#039;s house<\/title>\n<meta name=\"robots\" content=\"index, follow, max-snippet:-1, max-image-preview:large, max-video-preview:-1\" \/>\n<link rel=\"canonical\" href=\"https:\/\/www.prieure-ronsard.fr\/en\/visiting\/visitor-aera\/the-canon-refectory\/\" \/>\n<meta name=\"twitter:label1\" content=\"Est. reading time\" \/>\n\t<meta name=\"twitter:data1\" content=\"2 minutes\" \/>\n<script type=\"application\/ld+json\" class=\"yoast-schema-graph\">{\"@context\":\"https:\\\/\\\/schema.org\",\"@graph\":[{\"@type\":\"WebPage\",\"@id\":\"https:\\\/\\\/www.prieure-ronsard.fr\\\/en\\\/visiting\\\/visitor-aera\\\/the-canon-refectory\\\/\",\"url\":\"https:\\\/\\\/www.prieure-ronsard.fr\\\/en\\\/visiting\\\/visitor-aera\\\/the-canon-refectory\\\/\",\"name\":\"The canon's refectory - Priory Saint Cosme, Ronsard's house\",\"isPartOf\":{\"@id\":\"https:\\\/\\\/www.prieure-ronsard.fr\\\/#website\"},\"primaryImageOfPage\":{\"@id\":\"https:\\\/\\\/www.prieure-ronsard.fr\\\/en\\\/visiting\\\/visitor-aera\\\/the-canon-refectory\\\/#primaryimage\"},\"image\":{\"@id\":\"https:\\\/\\\/www.prieure-ronsard.fr\\\/en\\\/visiting\\\/visitor-aera\\\/the-canon-refectory\\\/#primaryimage\"},\"thumbnailUrl\":\"https:\\\/\\\/www.prieure-ronsard.fr\\\/wp-content\\\/uploads\\\/2021\\\/10\\\/Prieure_Saint_Cosme_refectoire_credit_Leonard_de_Serres-5-scaled.jpg\",\"datePublished\":\"2021-10-01T13:57:39+00:00\",\"dateModified\":\"2022-01-03T13:28:08+00:00\",\"breadcrumb\":{\"@id\":\"https:\\\/\\\/www.prieure-ronsard.fr\\\/en\\\/visiting\\\/visitor-aera\\\/the-canon-refectory\\\/#breadcrumb\"},\"inLanguage\":\"en-US\",\"potentialAction\":[{\"@type\":\"ReadAction\",\"target\":[\"https:\\\/\\\/www.prieure-ronsard.fr\\\/en\\\/visiting\\\/visitor-aera\\\/the-canon-refectory\\\/\"]}]},{\"@type\":\"ImageObject\",\"inLanguage\":\"en-US\",\"@id\":\"https:\\\/\\\/www.prieure-ronsard.fr\\\/en\\\/visiting\\\/visitor-aera\\\/the-canon-refectory\\\/#primaryimage\",\"url\":\"https:\\\/\\\/www.prieure-ronsard.fr\\\/wp-content\\\/uploads\\\/2021\\\/10\\\/Prieure_Saint_Cosme_refectoire_credit_Leonard_de_Serres-5-scaled.jpg\",\"contentUrl\":\"https:\\\/\\\/www.prieure-ronsard.fr\\\/wp-content\\\/uploads\\\/2021\\\/10\\\/Prieure_Saint_Cosme_refectoire_credit_Leonard_de_Serres-5-scaled.jpg\"},{\"@type\":\"BreadcrumbList\",\"@id\":\"https:\\\/\\\/www.prieure-ronsard.fr\\\/en\\\/visiting\\\/visitor-aera\\\/the-canon-refectory\\\/#breadcrumb\",\"itemListElement\":[{\"@type\":\"ListItem\",\"position\":1,\"name\":\"Accueil\",\"item\":\"https:\\\/\\\/www.prieure-ronsard.fr\\\/en\\\/\"},{\"@type\":\"ListItem\",\"position\":2,\"name\":\"Visiting the priory\",\"item\":\"https:\\\/\\\/www.prieure-ronsard.fr\\\/en\\\/visiting\\\/\"},{\"@type\":\"ListItem\",\"position\":3,\"name\":\"Visitor area\",\"item\":\"https:\\\/\\\/www.prieure-ronsard.fr\\\/en\\\/visiting\\\/visitor-aera\\\/\"},{\"@type\":\"ListItem\",\"position\":4,\"name\":\"The canon&rsquo;s refectory\"}]},{\"@type\":\"WebSite\",\"@id\":\"https:\\\/\\\/www.prieure-ronsard.fr\\\/#website\",\"url\":\"https:\\\/\\\/www.prieure-ronsard.fr\\\/\",\"name\":\"Prieur\u00e9 saint Cosme - Demeure de Ronsard\",\"description\":\"La po\u00e9sie, un art \u00e0 vivre\",\"potentialAction\":[{\"@type\":\"SearchAction\",\"target\":{\"@type\":\"EntryPoint\",\"urlTemplate\":\"https:\\\/\\\/www.prieure-ronsard.fr\\\/?s={search_term_string}\"},\"query-input\":{\"@type\":\"PropertyValueSpecification\",\"valueRequired\":true,\"valueName\":\"search_term_string\"}}],\"inLanguage\":\"en-US\"}]}<\/script>\n<!-- \/ Yoast SEO plugin. -->","yoast_head_json":{"title":"The canon's refectory - Priory Saint Cosme, Ronsard's house","robots":{"index":"index","follow":"follow","max-snippet":"max-snippet:-1","max-image-preview":"max-image-preview:large","max-video-preview":"max-video-preview:-1"},"canonical":"https:\/\/www.prieure-ronsard.fr\/en\/visiting\/visitor-aera\/the-canon-refectory\/","twitter_misc":{"Est. reading time":"2 minutes"},"schema":{"@context":"https:\/\/schema.org","@graph":[{"@type":"WebPage","@id":"https:\/\/www.prieure-ronsard.fr\/en\/visiting\/visitor-aera\/the-canon-refectory\/","url":"https:\/\/www.prieure-ronsard.fr\/en\/visiting\/visitor-aera\/the-canon-refectory\/","name":"The canon's refectory - Priory Saint Cosme, Ronsard's house","isPartOf":{"@id":"https:\/\/www.prieure-ronsard.fr\/#website"},"primaryImageOfPage":{"@id":"https:\/\/www.prieure-ronsard.fr\/en\/visiting\/visitor-aera\/the-canon-refectory\/#primaryimage"},"image":{"@id":"https:\/\/www.prieure-ronsard.fr\/en\/visiting\/visitor-aera\/the-canon-refectory\/#primaryimage"},"thumbnailUrl":"https:\/\/www.prieure-ronsard.fr\/wp-content\/uploads\/2021\/10\/Prieure_Saint_Cosme_refectoire_credit_Leonard_de_Serres-5-scaled.jpg","datePublished":"2021-10-01T13:57:39+00:00","dateModified":"2022-01-03T13:28:08+00:00","breadcrumb":{"@id":"https:\/\/www.prieure-ronsard.fr\/en\/visiting\/visitor-aera\/the-canon-refectory\/#breadcrumb"},"inLanguage":"en-US","potentialAction":[{"@type":"ReadAction","target":["https:\/\/www.prieure-ronsard.fr\/en\/visiting\/visitor-aera\/the-canon-refectory\/"]}]},{"@type":"ImageObject","inLanguage":"en-US","@id":"https:\/\/www.prieure-ronsard.fr\/en\/visiting\/visitor-aera\/the-canon-refectory\/#primaryimage","url":"https:\/\/www.prieure-ronsard.fr\/wp-content\/uploads\/2021\/10\/Prieure_Saint_Cosme_refectoire_credit_Leonard_de_Serres-5-scaled.jpg","contentUrl":"https:\/\/www.prieure-ronsard.fr\/wp-content\/uploads\/2021\/10\/Prieure_Saint_Cosme_refectoire_credit_Leonard_de_Serres-5-scaled.jpg"},{"@type":"BreadcrumbList","@id":"https:\/\/www.prieure-ronsard.fr\/en\/visiting\/visitor-aera\/the-canon-refectory\/#breadcrumb","itemListElement":[{"@type":"ListItem","position":1,"name":"Accueil","item":"https:\/\/www.prieure-ronsard.fr\/en\/"},{"@type":"ListItem","position":2,"name":"Visiting the priory","item":"https:\/\/www.prieure-ronsard.fr\/en\/visiting\/"},{"@type":"ListItem","position":3,"name":"Visitor area","item":"https:\/\/www.prieure-ronsard.fr\/en\/visiting\/visitor-aera\/"},{"@type":"ListItem","position":4,"name":"The canon&rsquo;s refectory"}]},{"@type":"WebSite","@id":"https:\/\/www.prieure-ronsard.fr\/#website","url":"https:\/\/www.prieure-ronsard.fr\/","name":"Prieur\u00e9 saint Cosme - Demeure de Ronsard","description":"La po\u00e9sie, un art \u00e0 vivre","potentialAction":[{"@type":"SearchAction","target":{"@type":"EntryPoint","urlTemplate":"https:\/\/www.prieure-ronsard.fr\/?s={search_term_string}"},"query-input":{"@type":"PropertyValueSpecification","valueRequired":true,"valueName":"search_term_string"}}],"inLanguage":"en-US"}]}},"_links":{"self":[{"href":"https:\/\/www.prieure-ronsard.fr\/en\/wp-json\/wp\/v2\/pages\/19047","targetHints":{"allow":["GET"]}}],"collection":[{"href":"https:\/\/www.prieure-ronsard.fr\/en\/wp-json\/wp\/v2\/pages"}],"about":[{"href":"https:\/\/www.prieure-ronsard.fr\/en\/wp-json\/wp\/v2\/types\/page"}],"author":[{"embeddable":true,"href":"https:\/\/www.prieure-ronsard.fr\/en\/wp-json\/wp\/v2\/users\/10"}],"replies":[{"embeddable":true,"href":"https:\/\/www.prieure-ronsard.fr\/en\/wp-json\/wp\/v2\/comments?post=19047"}],"version-history":[{"count":5,"href":"https:\/\/www.prieure-ronsard.fr\/en\/wp-json\/wp\/v2\/pages\/19047\/revisions"}],"predecessor-version":[{"id":19312,"href":"https:\/\/www.prieure-ronsard.fr\/en\/wp-json\/wp\/v2\/pages\/19047\/revisions\/19312"}],"up":[{"embeddable":true,"href":"https:\/\/www.prieure-ronsard.fr\/en\/wp-json\/wp\/v2\/pages\/19050"}],"wp:attachment":[{"href":"https:\/\/www.prieure-ronsard.fr\/en\/wp-json\/wp\/v2\/media?parent=19047"}],"curies":[{"name":"wp","href":"https:\/\/api.w.org\/{rel}","templated":true}]}}