{"id":19049,"date":"2021-09-30T12:35:45","date_gmt":"2021-09-30T11:35:45","guid":{"rendered":"https:\/\/www.prieure-ronsard.fr\/jardins\/"},"modified":"2023-07-25T15:32:27","modified_gmt":"2023-07-25T13:32:27","slug":"grounds","status":"publish","type":"page","link":"https:\/\/www.prieure-ronsard.fr\/en\/visiting\/visitor-aera\/grounds\/","title":{"rendered":"The gardens"},"content":{"rendered":"<div id=\"pl-19049\"  class=\"panel-layout\" ><div id=\"pg-19049-0\"  class=\"panel-grid panel-has-style\" ><div class=\"image_gauche siteorigin-panels-stretch panel-row-style panel-row-style-for-19049-0\" data-stretch-type=\"full\" ><div id=\"pgc-19049-0-0\"  class=\"panel-grid-cell\" ><div id=\"panel-19049-0-0-0\" class=\"so-panel widget widget_sow-editor panel-first-child panel-last-child\" data-index=\"0\" ><div class=\"panel-widget-style panel-widget-style-for-19049-0-0-0\" ><div\n\t\t\t\n\t\t\tclass=\"so-widget-sow-editor so-widget-sow-editor-base\"\n\t\t\t\n\t\t>\n<div class=\"siteorigin-widget-tinymce textwidget\">\n\t<p><img loading=\"lazy\" decoding=\"async\" class=\"alignnone wp-image-17611\" src=\"https:\/\/www.prieure-ronsard.fr\/wp-content\/uploads\/2021\/09\/Prieure_Saint_Cosme_credit_Leonard_de_Serres-10-scaled.jpg\" alt=\"\" width=\"407\" height=\"226\" srcset=\"https:\/\/www.prieure-ronsard.fr\/wp-content\/uploads\/2021\/09\/Prieure_Saint_Cosme_credit_Leonard_de_Serres-10-scaled.jpg 2560w, https:\/\/www.prieure-ronsard.fr\/wp-content\/uploads\/2021\/09\/Prieure_Saint_Cosme_credit_Leonard_de_Serres-10-300x167.jpg 300w, https:\/\/www.prieure-ronsard.fr\/wp-content\/uploads\/2021\/09\/Prieure_Saint_Cosme_credit_Leonard_de_Serres-10-1024x569.jpg 1024w, https:\/\/www.prieure-ronsard.fr\/wp-content\/uploads\/2021\/09\/Prieure_Saint_Cosme_credit_Leonard_de_Serres-10-1536x854.jpg 1536w, https:\/\/www.prieure-ronsard.fr\/wp-content\/uploads\/2021\/09\/Prieure_Saint_Cosme_credit_Leonard_de_Serres-10-2048x1139.jpg 2048w, https:\/\/www.prieure-ronsard.fr\/wp-content\/uploads\/2021\/09\/Prieure_Saint_Cosme_credit_Leonard_de_Serres-10-1320x734.jpg 1320w\" sizes=\"auto, (max-width: 407px) 100vw, 407px\" \/><img loading=\"lazy\" decoding=\"async\" class=\"alignnone wp-image-17613\" src=\"https:\/\/www.prieure-ronsard.fr\/wp-content\/uploads\/2021\/09\/Prieure_Saint_Cosme_credit_Leonard_de_Serres-41-scaled.jpg\" alt=\"\" width=\"407\" height=\"321\" srcset=\"https:\/\/www.prieure-ronsard.fr\/wp-content\/uploads\/2021\/09\/Prieure_Saint_Cosme_credit_Leonard_de_Serres-41-scaled.jpg 2560w, https:\/\/www.prieure-ronsard.fr\/wp-content\/uploads\/2021\/09\/Prieure_Saint_Cosme_credit_Leonard_de_Serres-41-300x236.jpg 300w, https:\/\/www.prieure-ronsard.fr\/wp-content\/uploads\/2021\/09\/Prieure_Saint_Cosme_credit_Leonard_de_Serres-41-1024x807.jpg 1024w, https:\/\/www.prieure-ronsard.fr\/wp-content\/uploads\/2021\/09\/Prieure_Saint_Cosme_credit_Leonard_de_Serres-41-1536x1210.jpg 1536w, https:\/\/www.prieure-ronsard.fr\/wp-content\/uploads\/2021\/09\/Prieure_Saint_Cosme_credit_Leonard_de_Serres-41-2048x1614.jpg 2048w, https:\/\/www.prieure-ronsard.fr\/wp-content\/uploads\/2021\/09\/Prieure_Saint_Cosme_credit_Leonard_de_Serres-41-192x151.jpg 192w, https:\/\/www.prieure-ronsard.fr\/wp-content\/uploads\/2021\/09\/Prieure_Saint_Cosme_credit_Leonard_de_Serres-41-404x318.jpg 404w, https:\/\/www.prieure-ronsard.fr\/wp-content\/uploads\/2021\/09\/Prieure_Saint_Cosme_credit_Leonard_de_Serres-41-1320x1040.jpg 1320w\" sizes=\"auto, (max-width: 407px) 100vw, 407px\" \/><\/p>\n<\/div>\n<\/div><\/div><\/div><\/div><div id=\"pgc-19049-0-1\"  class=\"panel-grid-cell\" ><div id=\"panel-19049-0-1-0\" class=\"so-panel widget widget_sow-editor panel-first-child panel-last-child\" data-index=\"1\" ><div class=\"tarif panel-widget-style panel-widget-style-for-19049-0-1-0\" ><div\n\t\t\t\n\t\t\tclass=\"so-widget-sow-editor so-widget-sow-editor-base\"\n\t\t\t\n\t\t>\n<div class=\"siteorigin-widget-tinymce textwidget\">\n\t<p>&nbsp;<\/p>\n<h2>The gardens<\/h2>\n<p>The gardens from 2015 showcase the priory's architectural layout and how it fits into its natural setting. The idea is to give a contemporary insight into life at a monastery that was also home to a poet in the Renaissance.<\/p>\n<p>There are twelve different areas with symbolic gardens (cloister, cemetery etc.), functional gardens (orchard, kitchen garden etc.) and more secular gardens (fragrant garden, priory courtyard etc.). The variety of plant species, their symbolism (such as Ronsard's beloved rose) and heritage are what set this eco-friendly garden apart.<\/p>\n<p>Experience adventure as you explore the fragrant garden, pergola, large orchard\/flower garden and monks' vegetable garden.<\/p>\n<\/div>\n<\/div><\/div><\/div><\/div><\/div><\/div><div id=\"pg-19049-1\"  class=\"panel-grid panel-has-style\" ><div class=\"texte_blanc siteorigin-panels-stretch panel-row-style panel-row-style-for-19049-1\" data-stretch-type=\"full\" ><div id=\"pgc-19049-1-0\"  class=\"panel-grid-cell\" ><div id=\"panel-19049-1-0-0\" class=\"so-panel widget widget_sow-editor panel-first-child panel-last-child\" data-index=\"2\" ><div class=\"panel-widget-style panel-widget-style-for-19049-1-0-0\" ><div\n\t\t\t\n\t\t\tclass=\"so-widget-sow-editor so-widget-sow-editor-base\"\n\t\t\t\n\t\t>\n<div class=\"siteorigin-widget-tinymce textwidget\">\n\t<p>&nbsp;<\/p>\n<h2>Time to relax<\/h2>\n<p>Relax on a deckchair or settle into a swing in the trees and soak up the silence in the shade of the leaves.<\/p>\n<p>The monks' kitchen garden presents the vegetables that were grown and stewed in medieval monasteries: root vegetables, pulses and green vegetables. Aromatic herbs were used as seasoning to replace salt.<\/p>\n<p>The squares in the former infirmary show how plants were used to make medical treatments at the priory. The monk's cemetery is mainly home to noble bay trees, symbolising both immortality and knowledge (Ronsard is often depicted wearing a\u00a0laurel wreath).<\/p>\n<\/div>\n<\/div><\/div><\/div><\/div><div id=\"pgc-19049-1-1\"  class=\"panel-grid-cell\" ><div id=\"panel-19049-1-1-0\" class=\"so-panel widget widget_sow-editor panel-first-child panel-last-child\" data-index=\"3\" ><div\n\t\t\t\n\t\t\tclass=\"so-widget-sow-editor so-widget-sow-editor-base\"\n\t\t\t\n\t\t>\n<div class=\"siteorigin-widget-tinymce textwidget\">\n\t<p><img loading=\"lazy\" decoding=\"async\" class=\"alignnone size-full wp-image-17616\" src=\"https:\/\/www.prieure-ronsard.fr\/wp-content\/uploads\/2021\/09\/Prieure_saint_Cosme_La_Riche_Credit_ADT_Touraine_JC_Coutand_2028-20.jpg\" alt=\"\" width=\"1281\" height=\"1920\" srcset=\"https:\/\/www.prieure-ronsard.fr\/wp-content\/uploads\/2021\/09\/Prieure_saint_Cosme_La_Riche_Credit_ADT_Touraine_JC_Coutand_2028-20.jpg 1281w, https:\/\/www.prieure-ronsard.fr\/wp-content\/uploads\/2021\/09\/Prieure_saint_Cosme_La_Riche_Credit_ADT_Touraine_JC_Coutand_2028-20-200x300.jpg 200w, https:\/\/www.prieure-ronsard.fr\/wp-content\/uploads\/2021\/09\/Prieure_saint_Cosme_La_Riche_Credit_ADT_Touraine_JC_Coutand_2028-20-683x1024.jpg 683w, https:\/\/www.prieure-ronsard.fr\/wp-content\/uploads\/2021\/09\/Prieure_saint_Cosme_La_Riche_Credit_ADT_Touraine_JC_Coutand_2028-20-1025x1536.jpg 1025w\" sizes=\"auto, (max-width: 1281px) 100vw, 1281px\" \/><\/p>\n<\/div>\n<\/div><\/div><\/div><\/div><\/div><div id=\"pg-19049-2\"  class=\"panel-grid panel-has-style\" ><div class=\"image_droite siteorigin-panels-stretch panel-row-style panel-row-style-for-19049-2\" data-stretch-type=\"full\" ><div id=\"pgc-19049-2-0\"  class=\"panel-grid-cell\" ><div id=\"panel-19049-2-0-0\" class=\"so-panel widget widget_sow-editor panel-first-child panel-last-child\" data-index=\"4\" ><div class=\"tarif panel-widget-style panel-widget-style-for-19049-2-0-0\" ><div\n\t\t\t\n\t\t\tclass=\"so-widget-sow-editor so-widget-sow-editor-base\"\n\t\t\t\n\t\t>\n<div class=\"siteorigin-widget-tinymce textwidget\">\n\t<p>&nbsp;<\/p>\n<h2>Visit your way<\/h2>\n<p>Scan the QR codes in every section of the garden to find out more about the plants during your visit.<\/p>\n<p>&nbsp;<\/p>\n<p><em>The entire garden is <strong>disabled-friendly<\/strong> and has several paths in keeping with the monastery buildings' footprint and bygone routes.<\/em><\/p>\n<\/div>\n<\/div><\/div><\/div><\/div><div id=\"pgc-19049-2-1\"  class=\"panel-grid-cell\" ><div id=\"panel-19049-2-1-0\" class=\"so-panel widget widget_sow-editor panel-first-child panel-last-child\" data-index=\"5\" ><div class=\"panel-widget-style panel-widget-style-for-19049-2-1-0\" ><div\n\t\t\t\n\t\t\tclass=\"so-widget-sow-editor so-widget-sow-editor-base\"\n\t\t\t\n\t\t>\n<div class=\"siteorigin-widget-tinymce textwidget\">\n\t<p><img loading=\"lazy\" decoding=\"async\" class=\"alignnone wp-image-18196 size-large\" src=\"https:\/\/www.prieure-ronsard.fr\/wp-content\/uploads\/2021\/10\/Prieure_St_Cosme_stevens_Fre\u0301mont_BD-31-683x1024.jpg\" alt=\"\" width=\"683\" height=\"1024\" srcset=\"https:\/\/www.prieure-ronsard.fr\/wp-content\/uploads\/2021\/10\/Prieure_St_Cosme_stevens_Fre\u0301mont_BD-31-683x1024.jpg 683w, https:\/\/www.prieure-ronsard.fr\/wp-content\/uploads\/2021\/10\/Prieure_St_Cosme_stevens_Fre\u0301mont_BD-31-200x300.jpg 200w, https:\/\/www.prieure-ronsard.fr\/wp-content\/uploads\/2021\/10\/Prieure_St_Cosme_stevens_Fre\u0301mont_BD-31-1024x1536.jpg 1024w, https:\/\/www.prieure-ronsard.fr\/wp-content\/uploads\/2021\/10\/Prieure_St_Cosme_stevens_Fre\u0301mont_BD-31-1365x2048.jpg 1365w, https:\/\/www.prieure-ronsard.fr\/wp-content\/uploads\/2021\/10\/Prieure_St_Cosme_stevens_Fre\u0301mont_BD-31-1320x1980.jpg 1320w, https:\/\/www.prieure-ronsard.fr\/wp-content\/uploads\/2021\/10\/Prieure_St_Cosme_stevens_Fre\u0301mont_BD-31-scaled.jpg 1706w\" sizes=\"auto, (max-width: 683px) 100vw, 683px\" \/><\/p>\n<\/div>\n<\/div><\/div><\/div><\/div><\/div><\/div><\/div>","protected":false},"excerpt":{"rendered":"<p>&nbsp; The gardens The gardens from 2015 showcase the priory&#8217;s architectural layout and how it fits into its natural setting. The idea is to give a contemporary insight into [&hellip;]<\/p>\n","protected":false},"author":10,"featured_media":0,"parent":19050,"menu_order":36,"comment_status":"closed","ping_status":"closed","template":"","meta":{"inline_featured_image":false,"footnotes":"","beyondwords_generate_audio":"0","beyondwords_project_id":"","beyondwords_content_id":"","beyondwords_preview_token":"","beyondwords_player_style":"","beyondwords_language_id":"","beyondwords_title_voice_id":"","beyondwords_body_voice_id":"","beyondwords_summary_voice_id":"","beyondwords_error_message":"","beyondwords_disabled":"","beyondwords_delete_content":"","beyondwords_podcast_id":"","beyondwords_hash":"","publish_post_to_speechkit":"0","speechkit_hash":"","speechkit_generate_audio":"0","speechkit_project_id":"","speechkit_podcast_id":"","speechkit_error_message":"","speechkit_disabled":"","speechkit_access_key":"","speechkit_error":"","speechkit_info":"","speechkit_response":"","speechkit_retries":"","speechkit_status":"","speechkit_updated_at":"","_speechkit_link":"","_speechkit_text":"79a24b8bea70dbe0c0ec32ee6341f619"},"class_list":["post-19049","page","type-page","status-publish","hentry"],"yoast_head":"<!-- This site is optimized with the Yoast SEO plugin v27.3 - https:\/\/yoast.com\/product\/yoast-seo-wordpress\/ -->\n<title>The gardens - Priory Saint Cosme, Ronsard&#039;s house<\/title>\n<meta name=\"robots\" content=\"index, follow, max-snippet:-1, max-image-preview:large, max-video-preview:-1\" \/>\n<link rel=\"canonical\" href=\"https:\/\/www.prieure-ronsard.fr\/en\/visiting\/visitor-aera\/grounds\/\" \/>\n<meta name=\"twitter:label1\" content=\"Est. reading time\" \/>\n\t<meta name=\"twitter:data1\" content=\"3 minutes\" \/>\n<script type=\"application\/ld+json\" class=\"yoast-schema-graph\">{\"@context\":\"https:\\\/\\\/schema.org\",\"@graph\":[{\"@type\":\"WebPage\",\"@id\":\"https:\\\/\\\/www.prieure-ronsard.fr\\\/en\\\/visiting\\\/visitor-aera\\\/grounds\\\/\",\"url\":\"https:\\\/\\\/www.prieure-ronsard.fr\\\/en\\\/visiting\\\/visitor-aera\\\/grounds\\\/\",\"name\":\"The gardens - Priory Saint Cosme, Ronsard's house\",\"isPartOf\":{\"@id\":\"https:\\\/\\\/www.prieure-ronsard.fr\\\/#website\"},\"primaryImageOfPage\":{\"@id\":\"https:\\\/\\\/www.prieure-ronsard.fr\\\/en\\\/visiting\\\/visitor-aera\\\/grounds\\\/#primaryimage\"},\"image\":{\"@id\":\"https:\\\/\\\/www.prieure-ronsard.fr\\\/en\\\/visiting\\\/visitor-aera\\\/grounds\\\/#primaryimage\"},\"thumbnailUrl\":\"https:\\\/\\\/www.prieure-ronsard.fr\\\/wp-content\\\/uploads\\\/2021\\\/09\\\/Prieure_Saint_Cosme_credit_Leonard_de_Serres-10-scaled.jpg\",\"datePublished\":\"2021-09-30T11:35:45+00:00\",\"dateModified\":\"2023-07-25T13:32:27+00:00\",\"breadcrumb\":{\"@id\":\"https:\\\/\\\/www.prieure-ronsard.fr\\\/en\\\/visiting\\\/visitor-aera\\\/grounds\\\/#breadcrumb\"},\"inLanguage\":\"en-US\",\"potentialAction\":[{\"@type\":\"ReadAction\",\"target\":[\"https:\\\/\\\/www.prieure-ronsard.fr\\\/en\\\/visiting\\\/visitor-aera\\\/grounds\\\/\"]}]},{\"@type\":\"ImageObject\",\"inLanguage\":\"en-US\",\"@id\":\"https:\\\/\\\/www.prieure-ronsard.fr\\\/en\\\/visiting\\\/visitor-aera\\\/grounds\\\/#primaryimage\",\"url\":\"https:\\\/\\\/www.prieure-ronsard.fr\\\/wp-content\\\/uploads\\\/2021\\\/09\\\/Prieure_Saint_Cosme_credit_Leonard_de_Serres-10-scaled.jpg\",\"contentUrl\":\"https:\\\/\\\/www.prieure-ronsard.fr\\\/wp-content\\\/uploads\\\/2021\\\/09\\\/Prieure_Saint_Cosme_credit_Leonard_de_Serres-10-scaled.jpg\"},{\"@type\":\"BreadcrumbList\",\"@id\":\"https:\\\/\\\/www.prieure-ronsard.fr\\\/en\\\/visiting\\\/visitor-aera\\\/grounds\\\/#breadcrumb\",\"itemListElement\":[{\"@type\":\"ListItem\",\"position\":1,\"name\":\"Accueil\",\"item\":\"https:\\\/\\\/www.prieure-ronsard.fr\\\/en\\\/\"},{\"@type\":\"ListItem\",\"position\":2,\"name\":\"Visiting the priory\",\"item\":\"https:\\\/\\\/www.prieure-ronsard.fr\\\/en\\\/visiting\\\/\"},{\"@type\":\"ListItem\",\"position\":3,\"name\":\"Visitor area\",\"item\":\"https:\\\/\\\/www.prieure-ronsard.fr\\\/en\\\/visiting\\\/visitor-aera\\\/\"},{\"@type\":\"ListItem\",\"position\":4,\"name\":\"The gardens\"}]},{\"@type\":\"WebSite\",\"@id\":\"https:\\\/\\\/www.prieure-ronsard.fr\\\/#website\",\"url\":\"https:\\\/\\\/www.prieure-ronsard.fr\\\/\",\"name\":\"Prieur\u00e9 saint Cosme - Demeure de Ronsard\",\"description\":\"La po\u00e9sie, un art \u00e0 vivre\",\"potentialAction\":[{\"@type\":\"SearchAction\",\"target\":{\"@type\":\"EntryPoint\",\"urlTemplate\":\"https:\\\/\\\/www.prieure-ronsard.fr\\\/?s={search_term_string}\"},\"query-input\":{\"@type\":\"PropertyValueSpecification\",\"valueRequired\":true,\"valueName\":\"search_term_string\"}}],\"inLanguage\":\"en-US\"}]}<\/script>\n<!-- \/ Yoast SEO plugin. -->","yoast_head_json":{"title":"The gardens - Priory Saint Cosme, Ronsard's house","robots":{"index":"index","follow":"follow","max-snippet":"max-snippet:-1","max-image-preview":"max-image-preview:large","max-video-preview":"max-video-preview:-1"},"canonical":"https:\/\/www.prieure-ronsard.fr\/en\/visiting\/visitor-aera\/grounds\/","twitter_misc":{"Est. reading time":"3 minutes"},"schema":{"@context":"https:\/\/schema.org","@graph":[{"@type":"WebPage","@id":"https:\/\/www.prieure-ronsard.fr\/en\/visiting\/visitor-aera\/grounds\/","url":"https:\/\/www.prieure-ronsard.fr\/en\/visiting\/visitor-aera\/grounds\/","name":"The gardens - Priory Saint Cosme, Ronsard's house","isPartOf":{"@id":"https:\/\/www.prieure-ronsard.fr\/#website"},"primaryImageOfPage":{"@id":"https:\/\/www.prieure-ronsard.fr\/en\/visiting\/visitor-aera\/grounds\/#primaryimage"},"image":{"@id":"https:\/\/www.prieure-ronsard.fr\/en\/visiting\/visitor-aera\/grounds\/#primaryimage"},"thumbnailUrl":"https:\/\/www.prieure-ronsard.fr\/wp-content\/uploads\/2021\/09\/Prieure_Saint_Cosme_credit_Leonard_de_Serres-10-scaled.jpg","datePublished":"2021-09-30T11:35:45+00:00","dateModified":"2023-07-25T13:32:27+00:00","breadcrumb":{"@id":"https:\/\/www.prieure-ronsard.fr\/en\/visiting\/visitor-aera\/grounds\/#breadcrumb"},"inLanguage":"en-US","potentialAction":[{"@type":"ReadAction","target":["https:\/\/www.prieure-ronsard.fr\/en\/visiting\/visitor-aera\/grounds\/"]}]},{"@type":"ImageObject","inLanguage":"en-US","@id":"https:\/\/www.prieure-ronsard.fr\/en\/visiting\/visitor-aera\/grounds\/#primaryimage","url":"https:\/\/www.prieure-ronsard.fr\/wp-content\/uploads\/2021\/09\/Prieure_Saint_Cosme_credit_Leonard_de_Serres-10-scaled.jpg","contentUrl":"https:\/\/www.prieure-ronsard.fr\/wp-content\/uploads\/2021\/09\/Prieure_Saint_Cosme_credit_Leonard_de_Serres-10-scaled.jpg"},{"@type":"BreadcrumbList","@id":"https:\/\/www.prieure-ronsard.fr\/en\/visiting\/visitor-aera\/grounds\/#breadcrumb","itemListElement":[{"@type":"ListItem","position":1,"name":"Accueil","item":"https:\/\/www.prieure-ronsard.fr\/en\/"},{"@type":"ListItem","position":2,"name":"Visiting the priory","item":"https:\/\/www.prieure-ronsard.fr\/en\/visiting\/"},{"@type":"ListItem","position":3,"name":"Visitor area","item":"https:\/\/www.prieure-ronsard.fr\/en\/visiting\/visitor-aera\/"},{"@type":"ListItem","position":4,"name":"The gardens"}]},{"@type":"WebSite","@id":"https:\/\/www.prieure-ronsard.fr\/#website","url":"https:\/\/www.prieure-ronsard.fr\/","name":"Prieur\u00e9 saint Cosme - Demeure de Ronsard","description":"La po\u00e9sie, un art \u00e0 vivre","potentialAction":[{"@type":"SearchAction","target":{"@type":"EntryPoint","urlTemplate":"https:\/\/www.prieure-ronsard.fr\/?s={search_term_string}"},"query-input":{"@type":"PropertyValueSpecification","valueRequired":true,"valueName":"search_term_string"}}],"inLanguage":"en-US"}]}},"_links":{"self":[{"href":"https:\/\/www.prieure-ronsard.fr\/en\/wp-json\/wp\/v2\/pages\/19049","targetHints":{"allow":["GET"]}}],"collection":[{"href":"https:\/\/www.prieure-ronsard.fr\/en\/wp-json\/wp\/v2\/pages"}],"about":[{"href":"https:\/\/www.prieure-ronsard.fr\/en\/wp-json\/wp\/v2\/types\/page"}],"author":[{"embeddable":true,"href":"https:\/\/www.prieure-ronsard.fr\/en\/wp-json\/wp\/v2\/users\/10"}],"replies":[{"embeddable":true,"href":"https:\/\/www.prieure-ronsard.fr\/en\/wp-json\/wp\/v2\/comments?post=19049"}],"version-history":[{"count":5,"href":"https:\/\/www.prieure-ronsard.fr\/en\/wp-json\/wp\/v2\/pages\/19049\/revisions"}],"predecessor-version":[{"id":20656,"href":"https:\/\/www.prieure-ronsard.fr\/en\/wp-json\/wp\/v2\/pages\/19049\/revisions\/20656"}],"up":[{"embeddable":true,"href":"https:\/\/www.prieure-ronsard.fr\/en\/wp-json\/wp\/v2\/pages\/19050"}],"wp:attachment":[{"href":"https:\/\/www.prieure-ronsard.fr\/en\/wp-json\/wp\/v2\/media?parent=19049"}],"curies":[{"name":"wp","href":"https:\/\/api.w.org\/{rel}","templated":true}]}}