{"id":19055,"date":"2021-07-20T11:30:55","date_gmt":"2021-07-20T10:30:55","guid":{"rendered":"https:\/\/www.prieure-ronsard.fr\/visite\/"},"modified":"2021-12-22T12:12:07","modified_gmt":"2021-12-22T11:12:07","slug":"visiting","status":"publish","type":"page","link":"https:\/\/www.prieure-ronsard.fr\/en\/visiting\/","title":{"rendered":"Visiting the priory"},"content":{"rendered":"<div id=\"pl-19055\"  class=\"panel-layout\" ><div id=\"pg-19055-0\"  class=\"panel-grid panel-has-style\" ><div class=\"panel-row-style panel-row-style-for-19055-0\" ><div id=\"pgc-19055-0-0\"  class=\"panel-grid-cell\" ><div id=\"panel-19055-0-0-0\" class=\"so-panel widget widget_sow-editor panel-first-child panel-last-child\" data-index=\"0\" ><div\n\t\t\t\n\t\t\tclass=\"so-widget-sow-editor so-widget-sow-editor-base\"\n\t\t\t\n\t\t>\n<div class=\"siteorigin-widget-tinymce textwidget\">\n\t<\/div>\n<\/div><\/div><\/div><\/div><\/div><div id=\"pg-19055-1\"  class=\"panel-grid panel-no-style\" ><div id=\"pgc-19055-1-0\"  class=\"panel-grid-cell\" ><div id=\"panel-19055-1-0-0\" class=\"so-panel widget widget_encart-text-img-link panel-first-child panel-last-child\" data-index=\"1\" ><div class=\"animation_gauche_droite panel-widget-style panel-widget-style-for-19055-1-0-0\" ><div\n\t\t\t\n\t\t\tclass=\"so-widget-encart-text-img-link so-widget-encart-text-img-link-base\"\n\t\t\t\n\t\t><div class=\"etil-block-container\">\n    <a href=\"https:\/\/www.prieure-ronsard.fr\/visite\/informations-pratiques\/\" class=\"etil-block-link\" title=\"\">\t<img decoding=\"async\" class=\"etil-img\" src=\"https:\/\/www.prieure-ronsard.fr\/wp-content\/uploads\/2021\/10\/Prieure_St_Cosme_stevens_Fre\u0301mont_BD-21_horaires.jpg-carre\u0301.jpg\" alt=\"\" \/>\n        <div class=\"etil-block-text\">\n            <p>Useful informations<\/p>\n        <\/div>\n    <\/a>        \n<\/div>\n<\/div><\/div><\/div><\/div><div id=\"pgc-19055-1-1\"  class=\"panel-grid-cell\" ><div id=\"panel-19055-1-1-0\" class=\"so-panel widget widget_encart-text-img-link panel-first-child panel-last-child\" data-index=\"2\" ><div\n\t\t\t\n\t\t\tclass=\"so-widget-encart-text-img-link so-widget-encart-text-img-link-base\"\n\t\t\t\n\t\t><div class=\"etil-block-container\">\n    <a href=\"https:\/\/www.prieure-ronsard.fr\/visite\/offres-de-visite\/\" class=\"etil-block-link\" title=\"\">\t<img decoding=\"async\" class=\"etil-img\" src=\"https:\/\/www.prieure-ronsard.fr\/wp-content\/uploads\/2021\/09\/Groupe-de-masques-28.jpg\" alt=\"\" \/>\n        <div class=\"etil-block-text\">\n            <p>Visit's offers<\/p>\n        <\/div>\n    <\/a>        \n<\/div>\n<\/div><\/div><\/div><div id=\"pgc-19055-1-2\"  class=\"panel-grid-cell\" ><div id=\"panel-19055-1-2-0\" class=\"so-panel widget widget_encart-text-img-link panel-first-child panel-last-child\" data-index=\"3\" ><div class=\"animation_droite_gauche panel-widget-style panel-widget-style-for-19055-1-2-0\" ><div\n\t\t\t\n\t\t\tclass=\"so-widget-encart-text-img-link so-widget-encart-text-img-link-base\"\n\t\t\t\n\t\t><div class=\"etil-block-container\">\n    <a href=\"https:\/\/www.prieure-ronsard.fr\/visite\/espaces-visiter\/\" class=\"etil-block-link\" title=\"\">\t<img decoding=\"async\" class=\"etil-img\" src=\"https:\/\/www.prieure-ronsard.fr\/wp-content\/uploads\/2021\/10\/facade-demeure-ronsard.jpg\" alt=\"\" \/>\n        <div class=\"etil-block-text\">\n            <p>VISITOR AREA<\/p>\n        <\/div>\n    <\/a>        \n<\/div>\n<\/div><\/div><\/div><\/div><\/div><\/div>","protected":false},"excerpt":{"rendered":"<p>Useful informations Visit&#8217;s offers VISITOR AREA<\/p>\n","protected":false},"author":10,"featured_media":0,"parent":0,"menu_order":70,"comment_status":"closed","ping_status":"closed","template":"","meta":{"inline_featured_image":false,"footnotes":"","beyondwords_generate_audio":"","beyondwords_project_id":"","beyondwords_content_id":"","beyondwords_preview_token":"","beyondwords_player_style":"","beyondwords_language_id":"","beyondwords_title_voice_id":"","beyondwords_body_voice_id":"","beyondwords_summary_voice_id":"","beyondwords_error_message":"","beyondwords_disabled":"","beyondwords_delete_content":"","beyondwords_podcast_id":"","beyondwords_hash":"","publish_post_to_speechkit":"0","speechkit_hash":"","speechkit_generate_audio":"0","speechkit_project_id":"","speechkit_podcast_id":"","speechkit_error_message":"","speechkit_disabled":"","speechkit_access_key":"","speechkit_error":"","speechkit_info":"","speechkit_response":"","speechkit_retries":"","speechkit_status":"","speechkit_updated_at":"","_speechkit_link":"","_speechkit_text":"e89bd44f4ad275bd0553c6fa59732da0"},"class_list":["post-19055","page","type-page","status-publish","hentry"],"yoast_head":"<!-- This site is optimized with the Yoast SEO plugin v27.3 - https:\/\/yoast.com\/product\/yoast-seo-wordpress\/ -->\n<title>Visiting Priory Saint Cosme, Ronsard&#039;s House<\/title>\n<meta name=\"robots\" content=\"index, follow, max-snippet:-1, max-image-preview:large, max-video-preview:-1\" \/>\n<link rel=\"canonical\" href=\"https:\/\/www.prieure-ronsard.fr\/en\/visiting\/\" \/>\n<meta name=\"twitter:label1\" content=\"Est. reading time\" \/>\n\t<meta name=\"twitter:data1\" content=\"1 minute\" \/>\n<script type=\"application\/ld+json\" class=\"yoast-schema-graph\">{\"@context\":\"https:\\\/\\\/schema.org\",\"@graph\":[{\"@type\":\"WebPage\",\"@id\":\"https:\\\/\\\/www.prieure-ronsard.fr\\\/en\\\/visiting\\\/\",\"url\":\"https:\\\/\\\/www.prieure-ronsard.fr\\\/en\\\/visiting\\\/\",\"name\":\"Visiting Priory Saint Cosme, Ronsard's House\",\"isPartOf\":{\"@id\":\"https:\\\/\\\/www.prieure-ronsard.fr\\\/#website\"},\"datePublished\":\"2021-07-20T10:30:55+00:00\",\"dateModified\":\"2021-12-22T11:12:07+00:00\",\"breadcrumb\":{\"@id\":\"https:\\\/\\\/www.prieure-ronsard.fr\\\/en\\\/visiting\\\/#breadcrumb\"},\"inLanguage\":\"en-US\",\"potentialAction\":[{\"@type\":\"ReadAction\",\"target\":[\"https:\\\/\\\/www.prieure-ronsard.fr\\\/en\\\/visiting\\\/\"]}]},{\"@type\":\"BreadcrumbList\",\"@id\":\"https:\\\/\\\/www.prieure-ronsard.fr\\\/en\\\/visiting\\\/#breadcrumb\",\"itemListElement\":[{\"@type\":\"ListItem\",\"position\":1,\"name\":\"Accueil\",\"item\":\"https:\\\/\\\/www.prieure-ronsard.fr\\\/en\\\/\"},{\"@type\":\"ListItem\",\"position\":2,\"name\":\"Visiting the priory\"}]},{\"@type\":\"WebSite\",\"@id\":\"https:\\\/\\\/www.prieure-ronsard.fr\\\/#website\",\"url\":\"https:\\\/\\\/www.prieure-ronsard.fr\\\/\",\"name\":\"Prieur\u00e9 saint Cosme - Demeure de Ronsard\",\"description\":\"La po\u00e9sie, un art \u00e0 vivre\",\"potentialAction\":[{\"@type\":\"SearchAction\",\"target\":{\"@type\":\"EntryPoint\",\"urlTemplate\":\"https:\\\/\\\/www.prieure-ronsard.fr\\\/?s={search_term_string}\"},\"query-input\":{\"@type\":\"PropertyValueSpecification\",\"valueRequired\":true,\"valueName\":\"search_term_string\"}}],\"inLanguage\":\"en-US\"}]}<\/script>\n<!-- \/ Yoast SEO plugin. -->","yoast_head_json":{"title":"Visiting Priory Saint Cosme, Ronsard's House","robots":{"index":"index","follow":"follow","max-snippet":"max-snippet:-1","max-image-preview":"max-image-preview:large","max-video-preview":"max-video-preview:-1"},"canonical":"https:\/\/www.prieure-ronsard.fr\/en\/visiting\/","twitter_misc":{"Est. reading time":"1 minute"},"schema":{"@context":"https:\/\/schema.org","@graph":[{"@type":"WebPage","@id":"https:\/\/www.prieure-ronsard.fr\/en\/visiting\/","url":"https:\/\/www.prieure-ronsard.fr\/en\/visiting\/","name":"Visiting Priory Saint Cosme, Ronsard's House","isPartOf":{"@id":"https:\/\/www.prieure-ronsard.fr\/#website"},"datePublished":"2021-07-20T10:30:55+00:00","dateModified":"2021-12-22T11:12:07+00:00","breadcrumb":{"@id":"https:\/\/www.prieure-ronsard.fr\/en\/visiting\/#breadcrumb"},"inLanguage":"en-US","potentialAction":[{"@type":"ReadAction","target":["https:\/\/www.prieure-ronsard.fr\/en\/visiting\/"]}]},{"@type":"BreadcrumbList","@id":"https:\/\/www.prieure-ronsard.fr\/en\/visiting\/#breadcrumb","itemListElement":[{"@type":"ListItem","position":1,"name":"Accueil","item":"https:\/\/www.prieure-ronsard.fr\/en\/"},{"@type":"ListItem","position":2,"name":"Visiting the priory"}]},{"@type":"WebSite","@id":"https:\/\/www.prieure-ronsard.fr\/#website","url":"https:\/\/www.prieure-ronsard.fr\/","name":"Prieur\u00e9 saint Cosme - Demeure de Ronsard","description":"La po\u00e9sie, un art \u00e0 vivre","potentialAction":[{"@type":"SearchAction","target":{"@type":"EntryPoint","urlTemplate":"https:\/\/www.prieure-ronsard.fr\/?s={search_term_string}"},"query-input":{"@type":"PropertyValueSpecification","valueRequired":true,"valueName":"search_term_string"}}],"inLanguage":"en-US"}]}},"_links":{"self":[{"href":"https:\/\/www.prieure-ronsard.fr\/en\/wp-json\/wp\/v2\/pages\/19055","targetHints":{"allow":["GET"]}}],"collection":[{"href":"https:\/\/www.prieure-ronsard.fr\/en\/wp-json\/wp\/v2\/pages"}],"about":[{"href":"https:\/\/www.prieure-ronsard.fr\/en\/wp-json\/wp\/v2\/types\/page"}],"author":[{"embeddable":true,"href":"https:\/\/www.prieure-ronsard.fr\/en\/wp-json\/wp\/v2\/users\/10"}],"replies":[{"embeddable":true,"href":"https:\/\/www.prieure-ronsard.fr\/en\/wp-json\/wp\/v2\/comments?post=19055"}],"version-history":[{"count":4,"href":"https:\/\/www.prieure-ronsard.fr\/en\/wp-json\/wp\/v2\/pages\/19055\/revisions"}],"predecessor-version":[{"id":19091,"href":"https:\/\/www.prieure-ronsard.fr\/en\/wp-json\/wp\/v2\/pages\/19055\/revisions\/19091"}],"wp:attachment":[{"href":"https:\/\/www.prieure-ronsard.fr\/en\/wp-json\/wp\/v2\/media?parent=19055"}],"curies":[{"name":"wp","href":"https:\/\/api.w.org\/{rel}","templated":true}]}}