{"id":19057,"date":"2021-07-20T11:30:00","date_gmt":"2021-07-20T10:30:00","guid":{"rendered":"https:\/\/www.prieure-ronsard.fr\/explorer\/"},"modified":"2022-01-03T15:04:45","modified_gmt":"2022-01-03T14:04:45","slug":"explore","status":"publish","type":"page","link":"https:\/\/www.prieure-ronsard.fr\/en\/explore\/","title":{"rendered":"Explore our heritage"},"content":{"rendered":"<div id=\"pl-19057\"  class=\"panel-layout\" ><div id=\"pg-19057-0\"  class=\"panel-grid panel-no-style\" ><div id=\"pgc-19057-0-0\"  class=\"panel-grid-cell\" ><div id=\"panel-19057-0-0-0\" class=\"so-panel widget widget_encart-text-img-link panel-first-child panel-last-child\" data-index=\"0\" ><div class=\"animation_gauche_droite panel-widget-style panel-widget-style-for-19057-0-0-0\" ><div\n\t\t\t\n\t\t\tclass=\"so-widget-encart-text-img-link so-widget-encart-text-img-link-base\"\n\t\t\t\n\t\t><div class=\"etil-block-container\">\n    <a href=\"https:\/\/www.prieure-ronsard.fr\/explorer\/lhistoire-du-prieure\/\" class=\"etil-block-link\" title=\"\">\t<img decoding=\"async\" class=\"etil-img\" src=\"https:\/\/www.prieure-ronsard.fr\/wp-content\/uploads\/2021\/10\/historique_XI-carre\u0301-1.jpg\" alt=\"\" \/>\n        <div class=\"etil-block-text\">\n            <p>THE HISTORY OF THE PRIORY<\/p>\n        <\/div>\n    <\/a>        \n<\/div>\n<\/div><\/div><\/div><\/div><div id=\"pgc-19057-0-1\"  class=\"panel-grid-cell\" ><div id=\"panel-19057-0-1-0\" class=\"so-panel widget widget_encart-text-img-link panel-first-child panel-last-child\" data-index=\"1\" ><div\n\t\t\t\n\t\t\tclass=\"so-widget-encart-text-img-link so-widget-encart-text-img-link-base\"\n\t\t\t\n\t\t><div class=\"etil-block-container\">\n    <a href=\"https:\/\/www.prieure-ronsard.fr\/explorer\/ronsard-et-la-poesie\/\" class=\"etil-block-link\" title=\"\">\t<img decoding=\"async\" class=\"etil-img\" src=\"https:\/\/www.prieure-ronsard.fr\/wp-content\/uploads\/2021\/09\/Groupe-de-masques-30.png\" alt=\"\" \/>\n        <div class=\"etil-block-text\">\n            <p>\u00a0<\/p>\n<p>PIERRE DE RONSARD<\/p>\n        <\/div>\n    <\/a>        \n<\/div>\n<\/div><\/div><\/div><div id=\"pgc-19057-0-2\"  class=\"panel-grid-cell\" ><div id=\"panel-19057-0-2-0\" class=\"so-panel widget widget_encart-text-img-link panel-first-child panel-last-child\" data-index=\"2\" ><div class=\"animation_droite_gauche panel-widget-style panel-widget-style-for-19057-0-2-0\" ><div\n\t\t\t\n\t\t\tclass=\"so-widget-encart-text-img-link so-widget-encart-text-img-link-base\"\n\t\t\t\n\t\t><div class=\"etil-block-container\">\n    <a href=\"https:\/\/www.prieure-ronsard.fr\/explorer\/les-collections\/\" class=\"etil-block-link\" title=\"\">\t<img decoding=\"async\" class=\"etil-img\" src=\"https:\/\/www.prieure-ronsard.fr\/wp-content\/uploads\/2021\/10\/Franciade2-carre\u0301-1.jpg\" alt=\"\" \/>\n        <div class=\"etil-block-text\">\n            <p>COLLECTIONS<\/p>\n        <\/div>\n    <\/a>        \n<\/div>\n<\/div><\/div><\/div><\/div><\/div><div id=\"pg-19057-1\"  class=\"panel-grid panel-no-style\" ><div id=\"pgc-19057-1-0\"  class=\"panel-grid-cell panel-grid-cell-empty\" ><\/div><div id=\"pgc-19057-1-1\"  class=\"panel-grid-cell panel-grid-cell-mobile-last\" ><div id=\"panel-19057-1-1-0\" class=\"so-panel widget widget_encart-text-img-link panel-first-child panel-last-child\" data-index=\"3\" ><div\n\t\t\t\n\t\t\tclass=\"so-widget-encart-text-img-link so-widget-encart-text-img-link-base\"\n\t\t\t\n\t\t><div class=\"etil-block-container\">\n    <a href=\"https:\/\/www.prieure-ronsard.fr\/en\/explore\/contemporary-design\/\" class=\"etil-block-link\" title=\"\">\t<img decoding=\"async\" class=\"etil-img\" src=\"https:\/\/www.prieure-ronsard.fr\/wp-content\/uploads\/2021\/09\/Groupe-de-masques-70.jpg\" alt=\"\" \/>\n        <div class=\"etil-block-text\">\n            <p>CONTEMPORARY DESIGN<\/p>\n        <\/div>\n    <\/a>        \n<\/div>\n<\/div><\/div><\/div><div id=\"pgc-19057-1-2\"  class=\"panel-grid-cell panel-grid-cell-empty\" ><\/div><\/div><\/div>","protected":false},"excerpt":{"rendered":"<p>THE HISTORY OF THE PRIORY \u00a0 PIERRE DE RONSARD COLLECTIONS CONTEMPORARY DESIGN<\/p>\n","protected":false},"author":10,"featured_media":0,"parent":0,"menu_order":75,"comment_status":"closed","ping_status":"closed","template":"","meta":{"inline_featured_image":false,"footnotes":"","beyondwords_generate_audio":"","beyondwords_project_id":"","beyondwords_content_id":"","beyondwords_preview_token":"","beyondwords_player_style":"","beyondwords_language_id":"","beyondwords_title_voice_id":"","beyondwords_body_voice_id":"","beyondwords_summary_voice_id":"","beyondwords_error_message":"","beyondwords_disabled":"","beyondwords_delete_content":"","beyondwords_podcast_id":"","beyondwords_hash":"","publish_post_to_speechkit":"0","speechkit_hash":"","speechkit_generate_audio":"0","speechkit_project_id":"","speechkit_podcast_id":"","speechkit_error_message":"","speechkit_disabled":"","speechkit_access_key":"","speechkit_error":"","speechkit_info":"","speechkit_response":"","speechkit_retries":"","speechkit_status":"","speechkit_updated_at":"","_speechkit_link":"","_speechkit_text":"d6d473cc99814440bf81b3e3a0cf7835"},"class_list":["post-19057","page","type-page","status-publish","hentry"],"yoast_head":"<!-- This site is optimized with the Yoast SEO plugin v27.3 - https:\/\/yoast.com\/product\/yoast-seo-wordpress\/ -->\n<title>Explore our hertage - Priory Saint Cosme, Ronsard&#039;s house<\/title>\n<meta name=\"description\" content=\"D\u00e9couvrez le patrimoine du Prieur\u00e9 Saint Cosme, son histoire, son partimoine architectural, paysager, litt\u00e9raire et artistique\" \/>\n<meta name=\"robots\" content=\"index, follow, max-snippet:-1, max-image-preview:large, max-video-preview:-1\" \/>\n<link rel=\"canonical\" href=\"https:\/\/www.prieure-ronsard.fr\/en\/explore\/\" \/>\n<meta name=\"twitter:label1\" content=\"Est. reading time\" \/>\n\t<meta name=\"twitter:data1\" content=\"1 minute\" \/>\n<script type=\"application\/ld+json\" class=\"yoast-schema-graph\">{\"@context\":\"https:\\\/\\\/schema.org\",\"@graph\":[{\"@type\":\"WebPage\",\"@id\":\"https:\\\/\\\/www.prieure-ronsard.fr\\\/en\\\/explore\\\/\",\"url\":\"https:\\\/\\\/www.prieure-ronsard.fr\\\/en\\\/explore\\\/\",\"name\":\"Explore our hertage - Priory Saint Cosme, Ronsard's house\",\"isPartOf\":{\"@id\":\"https:\\\/\\\/www.prieure-ronsard.fr\\\/#website\"},\"datePublished\":\"2021-07-20T10:30:00+00:00\",\"dateModified\":\"2022-01-03T14:04:45+00:00\",\"description\":\"D\u00e9couvrez le patrimoine du Prieur\u00e9 Saint Cosme, son histoire, son partimoine architectural, paysager, litt\u00e9raire et artistique\",\"breadcrumb\":{\"@id\":\"https:\\\/\\\/www.prieure-ronsard.fr\\\/en\\\/explore\\\/#breadcrumb\"},\"inLanguage\":\"en-US\",\"potentialAction\":[{\"@type\":\"ReadAction\",\"target\":[\"https:\\\/\\\/www.prieure-ronsard.fr\\\/en\\\/explore\\\/\"]}]},{\"@type\":\"BreadcrumbList\",\"@id\":\"https:\\\/\\\/www.prieure-ronsard.fr\\\/en\\\/explore\\\/#breadcrumb\",\"itemListElement\":[{\"@type\":\"ListItem\",\"position\":1,\"name\":\"Accueil\",\"item\":\"https:\\\/\\\/www.prieure-ronsard.fr\\\/en\\\/\"},{\"@type\":\"ListItem\",\"position\":2,\"name\":\"Explore our heritage\"}]},{\"@type\":\"WebSite\",\"@id\":\"https:\\\/\\\/www.prieure-ronsard.fr\\\/#website\",\"url\":\"https:\\\/\\\/www.prieure-ronsard.fr\\\/\",\"name\":\"Prieur\u00e9 saint Cosme - Demeure de Ronsard\",\"description\":\"La po\u00e9sie, un art \u00e0 vivre\",\"potentialAction\":[{\"@type\":\"SearchAction\",\"target\":{\"@type\":\"EntryPoint\",\"urlTemplate\":\"https:\\\/\\\/www.prieure-ronsard.fr\\\/?s={search_term_string}\"},\"query-input\":{\"@type\":\"PropertyValueSpecification\",\"valueRequired\":true,\"valueName\":\"search_term_string\"}}],\"inLanguage\":\"en-US\"}]}<\/script>\n<!-- \/ Yoast SEO plugin. -->","yoast_head_json":{"title":"Explore our hertage - Priory Saint Cosme, Ronsard's house","description":"D\u00e9couvrez le patrimoine du Prieur\u00e9 Saint Cosme, son histoire, son partimoine architectural, paysager, litt\u00e9raire et artistique","robots":{"index":"index","follow":"follow","max-snippet":"max-snippet:-1","max-image-preview":"max-image-preview:large","max-video-preview":"max-video-preview:-1"},"canonical":"https:\/\/www.prieure-ronsard.fr\/en\/explore\/","twitter_misc":{"Est. reading time":"1 minute"},"schema":{"@context":"https:\/\/schema.org","@graph":[{"@type":"WebPage","@id":"https:\/\/www.prieure-ronsard.fr\/en\/explore\/","url":"https:\/\/www.prieure-ronsard.fr\/en\/explore\/","name":"Explore our hertage - Priory Saint Cosme, Ronsard's house","isPartOf":{"@id":"https:\/\/www.prieure-ronsard.fr\/#website"},"datePublished":"2021-07-20T10:30:00+00:00","dateModified":"2022-01-03T14:04:45+00:00","description":"D\u00e9couvrez le patrimoine du Prieur\u00e9 Saint Cosme, son histoire, son partimoine architectural, paysager, litt\u00e9raire et artistique","breadcrumb":{"@id":"https:\/\/www.prieure-ronsard.fr\/en\/explore\/#breadcrumb"},"inLanguage":"en-US","potentialAction":[{"@type":"ReadAction","target":["https:\/\/www.prieure-ronsard.fr\/en\/explore\/"]}]},{"@type":"BreadcrumbList","@id":"https:\/\/www.prieure-ronsard.fr\/en\/explore\/#breadcrumb","itemListElement":[{"@type":"ListItem","position":1,"name":"Accueil","item":"https:\/\/www.prieure-ronsard.fr\/en\/"},{"@type":"ListItem","position":2,"name":"Explore our heritage"}]},{"@type":"WebSite","@id":"https:\/\/www.prieure-ronsard.fr\/#website","url":"https:\/\/www.prieure-ronsard.fr\/","name":"Prieur\u00e9 saint Cosme - Demeure de Ronsard","description":"La po\u00e9sie, un art \u00e0 vivre","potentialAction":[{"@type":"SearchAction","target":{"@type":"EntryPoint","urlTemplate":"https:\/\/www.prieure-ronsard.fr\/?s={search_term_string}"},"query-input":{"@type":"PropertyValueSpecification","valueRequired":true,"valueName":"search_term_string"}}],"inLanguage":"en-US"}]}},"_links":{"self":[{"href":"https:\/\/www.prieure-ronsard.fr\/en\/wp-json\/wp\/v2\/pages\/19057","targetHints":{"allow":["GET"]}}],"collection":[{"href":"https:\/\/www.prieure-ronsard.fr\/en\/wp-json\/wp\/v2\/pages"}],"about":[{"href":"https:\/\/www.prieure-ronsard.fr\/en\/wp-json\/wp\/v2\/types\/page"}],"author":[{"embeddable":true,"href":"https:\/\/www.prieure-ronsard.fr\/en\/wp-json\/wp\/v2\/users\/10"}],"replies":[{"embeddable":true,"href":"https:\/\/www.prieure-ronsard.fr\/en\/wp-json\/wp\/v2\/comments?post=19057"}],"version-history":[{"count":5,"href":"https:\/\/www.prieure-ronsard.fr\/en\/wp-json\/wp\/v2\/pages\/19057\/revisions"}],"predecessor-version":[{"id":19317,"href":"https:\/\/www.prieure-ronsard.fr\/en\/wp-json\/wp\/v2\/pages\/19057\/revisions\/19317"}],"wp:attachment":[{"href":"https:\/\/www.prieure-ronsard.fr\/en\/wp-json\/wp\/v2\/media?parent=19057"}],"curies":[{"name":"wp","href":"https:\/\/api.w.org\/{rel}","templated":true}]}}