{"id":19059,"date":"2018-10-25T17:45:10","date_gmt":"2018-10-25T15:45:10","guid":{"rendered":"https:\/\/www.prieure-ronsard.fr\/mentions-legales\/"},"modified":"2022-03-02T11:42:27","modified_gmt":"2022-03-02T10:42:27","slug":"mentions-legales","status":"publish","type":"page","link":"https:\/\/www.prieure-ronsard.fr\/en\/mentions-legales\/","title":{"rendered":"Mentions l\u00e9gales"},"content":{"rendered":"<div id=\"pl-13649\" class=\"panel-layout\">\n<div id=\"pg-13649-0\" class=\"panel-grid panel-no-style\" data-style=\"{&quot;background_image_attachment&quot;:false,&quot;background_display&quot;:&quot;tile&quot;,&quot;cell_alignment&quot;:&quot;flex-start&quot;}\" data-ratio=\"1\" data-ratio-direction=\"right\">\n<div id=\"pgc-13649-0-0\" class=\"panel-grid-cell\" data-weight=\"1\">\n<div id=\"panel-13649-0-0-0\" class=\"so-panel widget widget_sow-editor panel-first-child panel-last-child\" data-index=\"0\" data-style=\"{&quot;background_image_attachment&quot;:false,&quot;background_display&quot;:&quot;tile&quot;}\">\n<div class=\"so-widget-sow-editor so-widget-sow-editor-base\">\n<div class=\"siteorigin-widget-tinymce textwidget\">\n<h2>Recommended settings<\/h2>\n<ul>\n<li><strong>Browsers<\/strong><\/li>\n<\/ul>\n<p>We recommend you use the following for the best browsing experience:<\/p>\n<p><a href=\"http:\/\/www.mozilla-europe.org\/fr\/\">Mozilla Firefox (PC &amp; Mac)<\/a>\u00a0or\u00a0<a href=\"http:\/\/www.microsoft.com\/france\/windows\/ie\/default.mspx\">Internet Explorer 8 minimum (PC)<\/a>\u00a0or\u00a0<a href=\"http:\/\/support.apple.com\/kb\/DL1531?viewlocale=fr_FR\">Safari (Mac)<\/a>\u00a0or\u00a0<a href=\"https:\/\/www.google.com\/intl\/fr\/chrome\/browser\/index.html\">Chrome<\/a><\/p>\n<ul>\n<li><strong>Screen settings<\/strong><\/li>\n<\/ul>\n<p>A screen\u00a0with a <strong>chromatic display<\/strong> and minimum resolution of\u00a0<strong>1024\u00d7768 pixels<\/strong> is ideal.<\/p>\n<h2>Legal Information<\/h2>\n<ul>\n<li><strong>Credits<\/strong><\/li>\n<\/ul>\n<p>INDRE-LOIRE COUNCIL\u00a0<br \/>H\u00f4tel du D\u00e9partement<br \/>37927 TOURS cedex 9<\/p>\n<p>Tel: <a href=\"tel:+332%2047%2031%2047%2031\">+33 (0)2 47 31 47 31<\/a><\/p>\n<p>&nbsp;<\/p>\n<p>PRIEUR\u00c9 ST-COSME DEMEURE DE RONSARD<br \/>Rue Ronsard<br \/>37520 LA RICHE<\/p>\n<p>Tel : +33 (0)<a role=\"link\" href=\"tel: 02 47 37 32 70\" data-wahfont=\"15\">2 47 37 32 70<\/a><\/p>\n<ul>\n<li>Publication director: Jean G\u00e9rard PAUMIER \u2013 President of Indre-et-Loire Council<\/li>\n<\/ul>\n<ul>\n<li><a href=\"https:\/\/www.winleads.fr\">Website design<\/a>:\u00a0<strong>Winleads Digital &#8211; INWIN network<\/strong><\/li>\n<li><a href=\"https:\/\/www.winleads.fr\">Website development<\/a>:\u00a0<strong>Winleads Digital &#8211; INWIN network<\/strong><\/li>\n<li><a href=\"https:\/\/www.winleads.fr\">Website hosting<\/a>:\u00a0<strong>Winleads Digital &#8211; INWIN network<\/strong><\/li>\n<\/ul>\n<p>Should you encounter any issues, please contact: <a href=\"mailto:demeureronsard@departement-touraine.fr\">demeureronsard@departement-touraine.fr<\/a><\/p>\n<p>&nbsp;<\/p>\n<ul>\n<li><strong>Right to access<\/strong><\/li>\n<\/ul>\n<p>As per article 34 of the French Data Protection Act, you reserve the right to access, modification rectification and erasure of any personal data. To exercise your right of access, please contact <a href=\"mailto:demeureronsard@departement-touraine.fr\">demeureronsard@departement-touraine.fr<\/a><\/p>\n<p>&nbsp;<\/p>\n<ul>\n<li><strong>Personal data protection<\/strong><\/li>\n<\/ul>\n<p>Website users may need to provide some personal information when completing the forms provided. This information is required for the Priory Saint Cosme &#8211; Ronsard&#8217;s house to process the website user&#8217;s request.<\/p>\n<p>The Priory Saint Cosme &#8211; Ronsard&#8217;s house agrees to respect the French Data Protection Act&#8217;s regulations and take every necessary measure to protect the personal data provided. No personal data is sent to third parties without the website user&#8217;s prior knowledge and consent.<\/p>\n<p>&nbsp;<\/p>\n<ul>\n<li><strong>\u00a0<\/strong><a href=\"http:\/\/www.google.com\/analytics\/fr-FR\/\"><strong>Google Analytics<\/strong><\/a><\/li>\n<\/ul>\n<p>This website uses <a href=\"http:\/\/www.google.com\/analytics\/fr-FR\/\">Google Analytics<\/a> by Google Inc. (&#8220;Google&#8221;). Google Analytics uses cookies or text files which are saved on your computer to help the website analyse how you use the website during your visit. The data collected from the cookies about your website use (including your IP address) is sent to a Google server in the US and saved on-site. Google uses this information to analyse how you use the website, compile reports about visitor activity for its publisher and provide data to other services about website and internet use.<\/p>\n<p>Google may send this data to third parties if legally required or to any third parties processing data on Google&#8217;s behalf, including the website&#8217;s publisher.\u00a0Google shall not connect your IP address to other Google data.\u00a0You can block cookies by setting your browser appropriately. However, this may stop you being able to use some of the website&#8217;s functions. By using the website, you acknowledge and agree to Google processing your personal data under the aforementioned terms and for the purposes detailed above.<\/p>\n<\/div>\n<\/div>\n<\/div>\n<\/div>\n<\/div>\n<\/div>\n","protected":false},"excerpt":{"rendered":"<p>Recommended settings Browsers We recommend you use the following for the best browsing experience: Mozilla Firefox (PC &amp; Mac)\u00a0or\u00a0Internet Explorer 8 minimum (PC)\u00a0or\u00a0Safari (Mac)\u00a0or\u00a0Chrome Screen settings A screen\u00a0with a [&hellip;]<\/p>\n","protected":false},"author":4,"featured_media":0,"parent":0,"menu_order":83,"comment_status":"closed","ping_status":"closed","template":"","meta":{"inline_featured_image":false,"footnotes":"","beyondwords_generate_audio":"","beyondwords_project_id":"","beyondwords_content_id":"","beyondwords_preview_token":"","beyondwords_player_style":"","beyondwords_language_id":"","beyondwords_title_voice_id":"","beyondwords_body_voice_id":"","beyondwords_summary_voice_id":"","beyondwords_error_message":"","beyondwords_disabled":"","beyondwords_delete_content":"","beyondwords_podcast_id":"","beyondwords_hash":"","publish_post_to_speechkit":"0","speechkit_hash":"","speechkit_generate_audio":"0","speechkit_project_id":"","speechkit_podcast_id":"","speechkit_error_message":"","speechkit_disabled":"","speechkit_access_key":"","speechkit_error":"","speechkit_info":"","speechkit_response":"","speechkit_retries":"","speechkit_status":"","speechkit_updated_at":"","_speechkit_link":"","_speechkit_text":"de6d04023c871ba999094ce1e8a9efc6"},"class_list":["post-19059","page","type-page","status-publish","hentry"],"yoast_head":"<!-- This site is optimized with the Yoast SEO plugin v27.3 - https:\/\/yoast.com\/product\/yoast-seo-wordpress\/ -->\n<title>Toutes nos mentions l\u00e9gales<\/title>\n<meta name=\"description\" content=\"Retrouvez l&#039;ensemble de mentions l\u00e9gales de Gallery Tendances, directement sur notre site internet.\" \/>\n<meta name=\"robots\" content=\"index, follow, max-snippet:-1, max-image-preview:large, max-video-preview:-1\" \/>\n<link rel=\"canonical\" href=\"https:\/\/www.prieure-ronsard.fr\/en\/mentions-legales\/\" \/>\n<meta name=\"twitter:label1\" content=\"Est. reading time\" \/>\n\t<meta name=\"twitter:data1\" content=\"3 minutes\" \/>\n<script type=\"application\/ld+json\" class=\"yoast-schema-graph\">{\"@context\":\"https:\\\/\\\/schema.org\",\"@graph\":[{\"@type\":\"WebPage\",\"@id\":\"https:\\\/\\\/www.prieure-ronsard.fr\\\/en\\\/mentions-legales\\\/\",\"url\":\"https:\\\/\\\/www.prieure-ronsard.fr\\\/en\\\/mentions-legales\\\/\",\"name\":\"Toutes nos mentions l\u00e9gales\",\"isPartOf\":{\"@id\":\"https:\\\/\\\/www.prieure-ronsard.fr\\\/#website\"},\"datePublished\":\"2018-10-25T15:45:10+00:00\",\"dateModified\":\"2022-03-02T10:42:27+00:00\",\"description\":\"Retrouvez l'ensemble de mentions l\u00e9gales de Gallery Tendances, directement sur notre site internet.\",\"breadcrumb\":{\"@id\":\"https:\\\/\\\/www.prieure-ronsard.fr\\\/en\\\/mentions-legales\\\/#breadcrumb\"},\"inLanguage\":\"en-US\",\"potentialAction\":[{\"@type\":\"ReadAction\",\"target\":[\"https:\\\/\\\/www.prieure-ronsard.fr\\\/en\\\/mentions-legales\\\/\"]}]},{\"@type\":\"BreadcrumbList\",\"@id\":\"https:\\\/\\\/www.prieure-ronsard.fr\\\/en\\\/mentions-legales\\\/#breadcrumb\",\"itemListElement\":[{\"@type\":\"ListItem\",\"position\":1,\"name\":\"Accueil\",\"item\":\"https:\\\/\\\/www.prieure-ronsard.fr\\\/en\\\/\"},{\"@type\":\"ListItem\",\"position\":2,\"name\":\"Mentions l\u00e9gales\"}]},{\"@type\":\"WebSite\",\"@id\":\"https:\\\/\\\/www.prieure-ronsard.fr\\\/#website\",\"url\":\"https:\\\/\\\/www.prieure-ronsard.fr\\\/\",\"name\":\"Prieur\u00e9 saint Cosme - Demeure de Ronsard\",\"description\":\"La po\u00e9sie, un art \u00e0 vivre\",\"potentialAction\":[{\"@type\":\"SearchAction\",\"target\":{\"@type\":\"EntryPoint\",\"urlTemplate\":\"https:\\\/\\\/www.prieure-ronsard.fr\\\/?s={search_term_string}\"},\"query-input\":{\"@type\":\"PropertyValueSpecification\",\"valueRequired\":true,\"valueName\":\"search_term_string\"}}],\"inLanguage\":\"en-US\"}]}<\/script>\n<!-- \/ Yoast SEO plugin. -->","yoast_head_json":{"title":"Toutes nos mentions l\u00e9gales","description":"Retrouvez l'ensemble de mentions l\u00e9gales de Gallery Tendances, directement sur notre site internet.","robots":{"index":"index","follow":"follow","max-snippet":"max-snippet:-1","max-image-preview":"max-image-preview:large","max-video-preview":"max-video-preview:-1"},"canonical":"https:\/\/www.prieure-ronsard.fr\/en\/mentions-legales\/","twitter_misc":{"Est. reading time":"3 minutes"},"schema":{"@context":"https:\/\/schema.org","@graph":[{"@type":"WebPage","@id":"https:\/\/www.prieure-ronsard.fr\/en\/mentions-legales\/","url":"https:\/\/www.prieure-ronsard.fr\/en\/mentions-legales\/","name":"Toutes nos mentions l\u00e9gales","isPartOf":{"@id":"https:\/\/www.prieure-ronsard.fr\/#website"},"datePublished":"2018-10-25T15:45:10+00:00","dateModified":"2022-03-02T10:42:27+00:00","description":"Retrouvez l'ensemble de mentions l\u00e9gales de Gallery Tendances, directement sur notre site internet.","breadcrumb":{"@id":"https:\/\/www.prieure-ronsard.fr\/en\/mentions-legales\/#breadcrumb"},"inLanguage":"en-US","potentialAction":[{"@type":"ReadAction","target":["https:\/\/www.prieure-ronsard.fr\/en\/mentions-legales\/"]}]},{"@type":"BreadcrumbList","@id":"https:\/\/www.prieure-ronsard.fr\/en\/mentions-legales\/#breadcrumb","itemListElement":[{"@type":"ListItem","position":1,"name":"Accueil","item":"https:\/\/www.prieure-ronsard.fr\/en\/"},{"@type":"ListItem","position":2,"name":"Mentions l\u00e9gales"}]},{"@type":"WebSite","@id":"https:\/\/www.prieure-ronsard.fr\/#website","url":"https:\/\/www.prieure-ronsard.fr\/","name":"Prieur\u00e9 saint Cosme - Demeure de Ronsard","description":"La po\u00e9sie, un art \u00e0 vivre","potentialAction":[{"@type":"SearchAction","target":{"@type":"EntryPoint","urlTemplate":"https:\/\/www.prieure-ronsard.fr\/?s={search_term_string}"},"query-input":{"@type":"PropertyValueSpecification","valueRequired":true,"valueName":"search_term_string"}}],"inLanguage":"en-US"}]}},"_links":{"self":[{"href":"https:\/\/www.prieure-ronsard.fr\/en\/wp-json\/wp\/v2\/pages\/19059","targetHints":{"allow":["GET"]}}],"collection":[{"href":"https:\/\/www.prieure-ronsard.fr\/en\/wp-json\/wp\/v2\/pages"}],"about":[{"href":"https:\/\/www.prieure-ronsard.fr\/en\/wp-json\/wp\/v2\/types\/page"}],"author":[{"embeddable":true,"href":"https:\/\/www.prieure-ronsard.fr\/en\/wp-json\/wp\/v2\/users\/4"}],"replies":[{"embeddable":true,"href":"https:\/\/www.prieure-ronsard.fr\/en\/wp-json\/wp\/v2\/comments?post=19059"}],"version-history":[{"count":3,"href":"https:\/\/www.prieure-ronsard.fr\/en\/wp-json\/wp\/v2\/pages\/19059\/revisions"}],"predecessor-version":[{"id":19590,"href":"https:\/\/www.prieure-ronsard.fr\/en\/wp-json\/wp\/v2\/pages\/19059\/revisions\/19590"}],"wp:attachment":[{"href":"https:\/\/www.prieure-ronsard.fr\/en\/wp-json\/wp\/v2\/media?parent=19059"}],"curies":[{"name":"wp","href":"https:\/\/api.w.org\/{rel}","templated":true}]}}