{"id":19061,"date":"2016-03-08T15:30:28","date_gmt":"2016-03-08T14:30:28","guid":{"rendered":"https:\/\/www.prieure-ronsard.fr\/plan-du-site\/"},"modified":"2022-01-03T15:17:13","modified_gmt":"2022-01-03T14:17:13","slug":"plan-du-site","status":"publish","type":"page","link":"https:\/\/www.prieure-ronsard.fr\/en\/plan-du-site\/","title":{"rendered":"Sitemap"},"content":{"rendered":"<div id=\"pl-19061\"  class=\"panel-layout\" ><div id=\"pg-19061-0\"  class=\"panel-grid panel-no-style\" ><div id=\"pgc-19061-0-0\"  class=\"panel-grid-cell\" ><div id=\"panel-19061-0-0-0\" class=\"so-panel widget widget_sow-editor panel-first-child panel-last-child\" data-index=\"0\" ><div\n\t\t\t\n\t\t\tclass=\"so-widget-sow-editor so-widget-sow-editor-base\"\n\t\t\t\n\t\t>\n<div class=\"siteorigin-widget-tinymce textwidget\">\n\t<div class=\"wsp-container\"><h2 class=\"wsp-pages-title\">Pages<\/h2>\n<ul class=\"wsp-pages-list\">\n<li class=\"page_item page-item-19027 page_item_has_children\"><a href=\"https:\/\/www.prieure-ronsard.fr\/en\/contact\/\">Contact us<\/a>\n<ul class='children'>\n\t<li class=\"page_item page-item-19025\"><a href=\"https:\/\/www.prieure-ronsard.fr\/en\/contact\/validation-contact\/\">Contact validation<\/a><\/li>\n<\/ul>\n<\/li>\n<li class=\"page_item page-item-19028\"><a href=\"https:\/\/www.prieure-ronsard.fr\/en\/newsletter\/\">Newsletter<\/a><\/li>\n<li class=\"page_item page-item-19052\"><a href=\"https:\/\/www.prieure-ronsard.fr\/en\/schedule\/\">Schedule<\/a><\/li>\n<li class=\"page_item page-item-19055 page_item_has_children\"><a href=\"https:\/\/www.prieure-ronsard.fr\/en\/visiting\/\">Visiting the priory<\/a>\n<ul class='children'>\n\t<li class=\"page_item page-item-19050 page_item_has_children\"><a href=\"https:\/\/www.prieure-ronsard.fr\/en\/visiting\/visitor-aera\/\">Visitor area<\/a>\n\t<ul class='children'>\n\t\t<li class=\"page_item page-item-19046\"><a href=\"https:\/\/www.prieure-ronsard.fr\/en\/visiting\/visitor-aera\/galleries\/\">Galleries<\/a><\/li>\n\t\t<li class=\"page_item page-item-19047\"><a href=\"https:\/\/www.prieure-ronsard.fr\/en\/visiting\/visitor-aera\/the-canon-refectory\/\">The canon&#8217;s refectory<\/a><\/li>\n\t\t<li class=\"page_item page-item-19048\"><a href=\"https:\/\/www.prieure-ronsard.fr\/en\/visiting\/visitor-aera\/ronsard-house\/\">Ronsard&#8217;s house<\/a><\/li>\n\t\t<li class=\"page_item page-item-19049\"><a href=\"https:\/\/www.prieure-ronsard.fr\/en\/visiting\/visitor-aera\/grounds\/\">The gardens<\/a><\/li>\n\t<\/ul>\n<\/li>\n\t<li class=\"page_item page-item-19054 page_item_has_children\"><a href=\"https:\/\/www.prieure-ronsard.fr\/en\/visiting\/visit-offer\/\">Visit&#8217;s offer<\/a>\n\t<ul class='children'>\n\t\t<li class=\"page_item page-item-19045\"><a href=\"https:\/\/www.prieure-ronsard.fr\/en\/visiting\/visit-offer\/guided-or-unaccompanied-tour\/\">Guided ou unaccompanied tour<\/a><\/li>\n\t\t<li class=\"page_item page-item-19044\"><a href=\"https:\/\/www.prieure-ronsard.fr\/en\/visiting\/visit-offer\/family-friendly\/\">Family friendly<\/a><\/li>\n\t\t<li class=\"page_item page-item-19031\"><a href=\"https:\/\/www.prieure-ronsard.fr\/en\/visiting\/visit-offer\/groups-and-professionals\/\">Groups and professionals<\/a><\/li>\n\t\t<li class=\"page_item page-item-19032\"><a href=\"https:\/\/www.prieure-ronsard.fr\/en\/visiting\/visit-offer\/disabled-visitors\/\">Disabled visitors<\/a><\/li>\n\t\t<li class=\"page_item page-item-19035\"><a href=\"https:\/\/www.prieure-ronsard.fr\/en\/visiting\/visit-offer\/linger-a-little-longer\/\">Linger a little longer<\/a><\/li>\n\t<\/ul>\n<\/li>\n\t<li class=\"page_item page-item-19051 page_item_has_children\"><a href=\"https:\/\/www.prieure-ronsard.fr\/en\/visiting\/useful-information\/\">Useful Information<\/a>\n\t<ul class='children'>\n\t\t<li class=\"page_item page-item-19037\"><a href=\"https:\/\/www.prieure-ronsard.fr\/en\/visiting\/useful-information\/prices\/\">Prices<\/a><\/li>\n\t\t<li class=\"page_item page-item-19038\"><a href=\"https:\/\/www.prieure-ronsard.fr\/en\/visiting\/useful-information\/opening-times\/\">Opening times<\/a><\/li>\n\t\t<li class=\"page_item page-item-19036\"><a href=\"https:\/\/www.prieure-ronsard.fr\/en\/visiting\/useful-information\/how-to-get-there\/\">How to get there<\/a><\/li>\n\t\t<li class=\"page_item page-item-19033\"><a href=\"https:\/\/www.prieure-ronsard.fr\/en\/visiting\/useful-information\/facilities-and-accessibility\/\">Facilities and accessibility<\/a><\/li>\n\t\t<li class=\"page_item page-item-19029 page_item_has_children\"><a href=\"https:\/\/www.prieure-ronsard.fr\/en\/visiting\/useful-information\/venue-hire\/\">Venue hire<\/a>\n\t\t<ul class='children'>\n\t\t\t<li class=\"page_item page-item-19024\"><a href=\"https:\/\/www.prieure-ronsard.fr\/en\/visiting\/useful-information\/venue-hire\/validation-reservation-locations\/\">Validation r\u00e9servation locations<\/a><\/li>\n\t\t<\/ul>\n<\/li>\n\t\t<li class=\"page_item page-item-19034\"><a href=\"https:\/\/www.prieure-ronsard.fr\/en\/visiting\/useful-information\/covid-visiting-conditions\/\">New visiting conditions<\/a><\/li>\n\t<\/ul>\n<\/li>\n<\/ul>\n<\/li>\n<li class=\"page_item page-item-19057 page_item_has_children\"><a href=\"https:\/\/www.prieure-ronsard.fr\/en\/explore\/\">Explore our heritage<\/a>\n<ul class='children'>\n\t<li class=\"page_item page-item-19053\"><a href=\"https:\/\/www.prieure-ronsard.fr\/en\/explore\/pierre-de-ronsard\/\">Pierre de Ronsard<\/a><\/li>\n\t<li class=\"page_item page-item-19043\"><a href=\"https:\/\/www.prieure-ronsard.fr\/en\/explore\/collections\/\">Collections<\/a><\/li>\n\t<li class=\"page_item page-item-19023 page_item_has_children\"><a href=\"https:\/\/www.prieure-ronsard.fr\/en\/explore\/contemporary-design\/\">Contemporary design<\/a>\n\t<ul class='children'>\n\t\t<li class=\"page_item page-item-19040\"><a href=\"https:\/\/www.prieure-ronsard.fr\/en\/explore\/contemporary-design\/zao-wou-ki-stained-glass-windows\/\">Zao Wou KI stained glass windows<\/a><\/li>\n\t\t<li class=\"page_item page-item-19042\"><a href=\"https:\/\/www.prieure-ronsard.fr\/en\/explore\/contemporary-design\/artist-residences\/\">Artist residences<\/a><\/li>\n\t<\/ul>\n<\/li>\n\t<li class=\"page_item page-item-19056\"><a href=\"https:\/\/www.prieure-ronsard.fr\/en\/explore\/history-of-the-priory\/\">History of the priory<\/a><\/li>\n<\/ul>\n<\/li>\n<li class=\"page_item page-item-19030\"><a href=\"https:\/\/www.prieure-ronsard.fr\/en\/discover\/\">Discover<\/a><\/li>\n<li class=\"page_item page-item-19062\"><a href=\"https:\/\/www.prieure-ronsard.fr\/en\/\">Home<\/a><\/li>\n<li class=\"page_item page-item-19059\"><a href=\"https:\/\/www.prieure-ronsard.fr\/en\/mentions-legales\/\">Mentions l\u00e9gales<\/a><\/li>\n<li class=\"page_item page-item-19060\"><a href=\"https:\/\/www.prieure-ronsard.fr\/en\/validation-newsletter\/\">Validation inscription<\/a><\/li>\n<li class=\"page_item page-item-19061\"><a href=\"https:\/\/www.prieure-ronsard.fr\/en\/plan-du-site\/\">Sitemap<\/a><\/li>\n<li class=\"page_item page-item-19058\"><a href=\"https:\/\/www.prieure-ronsard.fr\/en\/politique-de-confidentialite\/\">Politique de confidentialit\u00e9<\/a><\/li>\n<\/ul>\n<\/div>\n<\/div>\n<\/div><\/div><\/div><\/div><\/div>","protected":false},"excerpt":{"rendered":"<p>Pages Contact us Contact validation Newsletter Schedule Visiting the priory Visitor area Galleries The canon&#8217;s refectory Ronsard&#8217;s house The gardens Visit&#8217;s offer Guided ou unaccompanied tour Family friendly Groups [&hellip;]<\/p>\n","protected":false},"author":4,"featured_media":0,"parent":0,"menu_order":92,"comment_status":"closed","ping_status":"closed","template":"","meta":{"inline_featured_image":false,"footnotes":"","beyondwords_generate_audio":"","beyondwords_project_id":"","beyondwords_content_id":"","beyondwords_preview_token":"","beyondwords_player_style":"","beyondwords_language_id":"","beyondwords_title_voice_id":"","beyondwords_body_voice_id":"","beyondwords_summary_voice_id":"","beyondwords_error_message":"","beyondwords_disabled":"","beyondwords_delete_content":"","beyondwords_podcast_id":"","beyondwords_hash":"","publish_post_to_speechkit":"0","speechkit_hash":"","speechkit_generate_audio":"0","speechkit_project_id":"","speechkit_podcast_id":"","speechkit_error_message":"","speechkit_disabled":"","speechkit_access_key":"","speechkit_error":"","speechkit_info":"","speechkit_response":"","speechkit_retries":"","speechkit_status":"","speechkit_updated_at":"","_speechkit_link":"","_speechkit_text":""},"class_list":["post-19061","page","type-page","status-publish","hentry"],"yoast_head":"<!-- This site is optimized with the Yoast SEO plugin v27.5 - https:\/\/yoast.com\/product\/yoast-seo-wordpress\/ -->\n<title>Sitemap - Prieur\u00e9 saint Cosme - Demeure de Ronsard<\/title>\n<meta name=\"robots\" content=\"index, follow, max-snippet:-1, max-image-preview:large, max-video-preview:-1\" \/>\n<link rel=\"canonical\" href=\"https:\/\/www.prieure-ronsard.fr\/en\/plan-du-site\/\" \/>\n<script type=\"application\/ld+json\" class=\"yoast-schema-graph\">{\"@context\":\"https:\\\/\\\/schema.org\",\"@graph\":[{\"@type\":\"WebPage\",\"@id\":\"https:\\\/\\\/www.prieure-ronsard.fr\\\/en\\\/plan-du-site\\\/\",\"url\":\"https:\\\/\\\/www.prieure-ronsard.fr\\\/en\\\/plan-du-site\\\/\",\"name\":\"Sitemap - Prieur\u00e9 saint Cosme - Demeure de Ronsard\",\"isPartOf\":{\"@id\":\"https:\\\/\\\/www.prieure-ronsard.fr\\\/#website\"},\"datePublished\":\"2016-03-08T14:30:28+00:00\",\"dateModified\":\"2022-01-03T14:17:13+00:00\",\"breadcrumb\":{\"@id\":\"https:\\\/\\\/www.prieure-ronsard.fr\\\/en\\\/plan-du-site\\\/#breadcrumb\"},\"inLanguage\":\"en-US\",\"potentialAction\":[{\"@type\":\"ReadAction\",\"target\":[\"https:\\\/\\\/www.prieure-ronsard.fr\\\/en\\\/plan-du-site\\\/\"]}]},{\"@type\":\"BreadcrumbList\",\"@id\":\"https:\\\/\\\/www.prieure-ronsard.fr\\\/en\\\/plan-du-site\\\/#breadcrumb\",\"itemListElement\":[{\"@type\":\"ListItem\",\"position\":1,\"name\":\"Accueil\",\"item\":\"https:\\\/\\\/www.prieure-ronsard.fr\\\/en\\\/\"},{\"@type\":\"ListItem\",\"position\":2,\"name\":\"Sitemap\"}]},{\"@type\":\"WebSite\",\"@id\":\"https:\\\/\\\/www.prieure-ronsard.fr\\\/#website\",\"url\":\"https:\\\/\\\/www.prieure-ronsard.fr\\\/\",\"name\":\"Prieur\u00e9 saint Cosme - Demeure de Ronsard\",\"description\":\"La po\u00e9sie, un art \u00e0 vivre\",\"potentialAction\":[{\"@type\":\"SearchAction\",\"target\":{\"@type\":\"EntryPoint\",\"urlTemplate\":\"https:\\\/\\\/www.prieure-ronsard.fr\\\/?s={search_term_string}\"},\"query-input\":{\"@type\":\"PropertyValueSpecification\",\"valueRequired\":true,\"valueName\":\"search_term_string\"}}],\"inLanguage\":\"en-US\"}]}<\/script>\n<!-- \/ Yoast SEO plugin. -->","yoast_head_json":{"title":"Sitemap - Prieur\u00e9 saint Cosme - Demeure de Ronsard","robots":{"index":"index","follow":"follow","max-snippet":"max-snippet:-1","max-image-preview":"max-image-preview:large","max-video-preview":"max-video-preview:-1"},"canonical":"https:\/\/www.prieure-ronsard.fr\/en\/plan-du-site\/","schema":{"@context":"https:\/\/schema.org","@graph":[{"@type":"WebPage","@id":"https:\/\/www.prieure-ronsard.fr\/en\/plan-du-site\/","url":"https:\/\/www.prieure-ronsard.fr\/en\/plan-du-site\/","name":"Sitemap - Prieur\u00e9 saint Cosme - Demeure de Ronsard","isPartOf":{"@id":"https:\/\/www.prieure-ronsard.fr\/#website"},"datePublished":"2016-03-08T14:30:28+00:00","dateModified":"2022-01-03T14:17:13+00:00","breadcrumb":{"@id":"https:\/\/www.prieure-ronsard.fr\/en\/plan-du-site\/#breadcrumb"},"inLanguage":"en-US","potentialAction":[{"@type":"ReadAction","target":["https:\/\/www.prieure-ronsard.fr\/en\/plan-du-site\/"]}]},{"@type":"BreadcrumbList","@id":"https:\/\/www.prieure-ronsard.fr\/en\/plan-du-site\/#breadcrumb","itemListElement":[{"@type":"ListItem","position":1,"name":"Accueil","item":"https:\/\/www.prieure-ronsard.fr\/en\/"},{"@type":"ListItem","position":2,"name":"Sitemap"}]},{"@type":"WebSite","@id":"https:\/\/www.prieure-ronsard.fr\/#website","url":"https:\/\/www.prieure-ronsard.fr\/","name":"Prieur\u00e9 saint Cosme - Demeure de Ronsard","description":"La po\u00e9sie, un art \u00e0 vivre","potentialAction":[{"@type":"SearchAction","target":{"@type":"EntryPoint","urlTemplate":"https:\/\/www.prieure-ronsard.fr\/?s={search_term_string}"},"query-input":{"@type":"PropertyValueSpecification","valueRequired":true,"valueName":"search_term_string"}}],"inLanguage":"en-US"}]}},"_links":{"self":[{"href":"https:\/\/www.prieure-ronsard.fr\/en\/wp-json\/wp\/v2\/pages\/19061","targetHints":{"allow":["GET"]}}],"collection":[{"href":"https:\/\/www.prieure-ronsard.fr\/en\/wp-json\/wp\/v2\/pages"}],"about":[{"href":"https:\/\/www.prieure-ronsard.fr\/en\/wp-json\/wp\/v2\/types\/page"}],"author":[{"embeddable":true,"href":"https:\/\/www.prieure-ronsard.fr\/en\/wp-json\/wp\/v2\/users\/4"}],"replies":[{"embeddable":true,"href":"https:\/\/www.prieure-ronsard.fr\/en\/wp-json\/wp\/v2\/comments?post=19061"}],"version-history":[{"count":2,"href":"https:\/\/www.prieure-ronsard.fr\/en\/wp-json\/wp\/v2\/pages\/19061\/revisions"}],"predecessor-version":[{"id":19325,"href":"https:\/\/www.prieure-ronsard.fr\/en\/wp-json\/wp\/v2\/pages\/19061\/revisions\/19325"}],"wp:attachment":[{"href":"https:\/\/www.prieure-ronsard.fr\/en\/wp-json\/wp\/v2\/media?parent=19061"}],"curies":[{"name":"wp","href":"https:\/\/api.w.org\/{rel}","templated":true}]}}