{"id":19062,"date":"2016-03-07T16:52:36","date_gmt":"2016-03-07T15:52:36","guid":{"rendered":"https:\/\/www.prieure-ronsard.fr\/accueil\/"},"modified":"2022-01-20T18:03:28","modified_gmt":"2022-01-20T17:03:28","slug":"home","status":"publish","type":"page","link":"https:\/\/www.prieure-ronsard.fr\/en\/","title":{"rendered":"Home"},"content":{"rendered":"<div id=\"pl-19062\"  class=\"panel-layout\" ><div id=\"pg-19062-0\"  class=\"panel-grid panel-has-style\" ><div class=\"panel-row-style panel-row-style-for-19062-0\" ><div id=\"pgc-19062-0-0\"  class=\"panel-grid-cell\" ><div id=\"panel-19062-0-0-0\" class=\"so-panel widget widget_sow-editor panel-first-child panel-last-child\" data-index=\"0\" ><div\n\t\t\t\n\t\t\tclass=\"so-widget-sow-editor so-widget-sow-editor-base\"\n\t\t\t\n\t\t>\n<div class=\"siteorigin-widget-tinymce textwidget\">\n\t<h1 style=\"text-align: center;\">Welcome to Priory Saint Cosme - Ronsard's house<\/h1>\n<\/div>\n<\/div><\/div><\/div><\/div><\/div><div id=\"pg-19062-1\"  class=\"panel-grid panel-has-style\" ><div class=\"image_droite siteorigin-panels-stretch panel-row-style panel-row-style-for-19062-1\" data-stretch-type=\"full\" ><div id=\"pgc-19062-1-0\"  class=\"panel-grid-cell\" ><div id=\"panel-19062-1-0-0\" class=\"so-panel widget widget_sow-editor panel-first-child panel-last-child\" data-index=\"1\" ><div class=\"panel-widget-style panel-widget-style-for-19062-1-0-0\" ><div\n\t\t\t\n\t\t\tclass=\"so-widget-sow-editor so-widget-sow-editor-base\"\n\t\t\t\n\t\t>\n<div class=\"siteorigin-widget-tinymce textwidget\">\n\t<div><img loading=\"lazy\" decoding=\"async\" class=\"alignnone size-full wp-image-17393\" src=\"https:\/\/www.prieure-ronsard.fr\/wp-content\/uploads\/2021\/09\/Trace-6257.jpg\" alt=\"\" width=\"18\" height=\"58\" \/><\/div>\n<div class=\"sous_titre_orange sous_titre_rouge\">THE PRIORY, A MONUMENT LIKE NO OTHER<\/div>\n<h2 style=\"text-align: center;\">\"Heaven on earth\" open all year outside Tours<\/h2>\n<p>Prieur\u00e9 Saint-Cosme always strikes a chord! The 12th century canons called it a \"heaven on earth\u00a0that prepared the way to true paradise\". The priory's calling may have changed but it hasn't lost any of its blissful character: it's still an unspoilt haven of peace that's now devoted to culture, leisure and experience.<\/p>\n<p>&nbsp;<\/p>\n<div class=\"btn_noir\"><a href=\"https:\/\/www.prieure-ronsard.fr\/decouvrir\/\">DiscoveR<\/a><\/div>\n<div><\/div>\n<\/div>\n<\/div><\/div><\/div><\/div><div id=\"pgc-19062-1-1\"  class=\"panel-grid-cell\" ><div id=\"panel-19062-1-1-0\" class=\"so-panel widget widget_sow-editor panel-first-child panel-last-child\" data-index=\"2\" ><div class=\"panel-widget-style panel-widget-style-for-19062-1-1-0\" ><div\n\t\t\t\n\t\t\tclass=\"so-widget-sow-editor so-widget-sow-editor-base\"\n\t\t\t\n\t\t>\n<div class=\"siteorigin-widget-tinymce textwidget\">\n\t<p><img loading=\"lazy\" decoding=\"async\" class=\"size-full wp-image-17395 alignright\" src=\"https:\/\/www.prieure-ronsard.fr\/wp-content\/uploads\/2021\/09\/Groupe-de-masques-88.jpg\" alt=\"\" width=\"510\" height=\"524\" srcset=\"https:\/\/www.prieure-ronsard.fr\/wp-content\/uploads\/2021\/09\/Groupe-de-masques-88.jpg 510w, https:\/\/www.prieure-ronsard.fr\/wp-content\/uploads\/2021\/09\/Groupe-de-masques-88-292x300.jpg 292w\" sizes=\"auto, (max-width: 510px) 100vw, 510px\" \/><\/p>\n<\/div>\n<\/div><\/div><\/div><\/div><\/div><\/div><div id=\"pg-19062-2\"  class=\"panel-grid panel-no-style\" ><div id=\"pgc-19062-2-0\"  class=\"panel-grid-cell\" ><div id=\"panel-19062-2-0-0\" class=\"so-panel widget widget_sow-editor panel-first-child panel-last-child\" data-index=\"3\" ><div\n\t\t\t\n\t\t\tclass=\"so-widget-sow-editor so-widget-sow-editor-base\"\n\t\t\t\n\t\t>\n<div class=\"siteorigin-widget-tinymce textwidget\">\n\t<div class=\"h1-like\" style=\"text-align: center;\">Organize your visit<\/div>\n<\/div>\n<\/div><\/div><\/div><\/div><div id=\"pg-19062-3\"  class=\"panel-grid panel-has-style\" ><div class=\"bloc_quatre_image panel-row-style panel-row-style-for-19062-3\" ><div id=\"pgc-19062-3-0\"  class=\"panel-grid-cell\" ><div id=\"panel-19062-3-0-0\" class=\"so-panel widget widget_siteorigin-panels-builder panel-first-child panel-last-child\" data-index=\"4\" ><div id=\"pl-w61d57843ba2aa\"  class=\"panel-layout\" ><div id=\"pg-w61d57843ba2aa-0\"  class=\"panel-grid panel-has-style\" ><div class=\"ligne_horaire_tarif panel-row-style panel-row-style-for-w61d57843ba2aa-0\" ><div id=\"pgc-w61d57843ba2aa-0-0\"  class=\"panel-grid-cell\" ><div id=\"panel-w61d57843ba2aa-0-0-0\" class=\"so-panel widget widget_encart-text-img-link panel-first-child panel-last-child\" data-index=\"0\" ><div class=\"texte  panel-widget-style panel-widget-style-for-w61d57843ba2aa-0-0-0\" ><div\n\t\t\t\n\t\t\tclass=\"so-widget-encart-text-img-link so-widget-encart-text-img-link-base\"\n\t\t\t\n\t\t><div class=\"etil-block-container\">\n    <a href=\"https:\/\/www.prieure-ronsard.fr\/en\/visiting\/useful-information\/opening-times\/\" class=\"etil-block-link\" title=\"\">\t<img decoding=\"async\" class=\"etil-img\" src=\"https:\/\/www.prieure-ronsard.fr\/wp-content\/uploads\/2021\/09\/Groupe-de-masques-32.jpg\" alt=\"\" \/>\n        <div class=\"etil-block-text\">\n            <p><img loading=\"lazy\" decoding=\"async\" class=\"size-full wp-image-17411 aligncenter\" src=\"https:\/\/www.prieure-ronsard.fr\/wp-content\/uploads\/2021\/09\/clock.png\" alt=\"\" width=\"69\" height=\"69\" \/><\/p>\n<p style=\"text-align: center\">Opening times<\/p>\n        <\/div>\n    <\/a>        \n<\/div>\n<\/div><\/div><\/div><\/div><\/div><\/div><div id=\"pg-w61d57843ba2aa-1\"  class=\"panel-grid panel-has-style\" ><div class=\"bloc_trois_image panel-row-style panel-row-style-for-w61d57843ba2aa-1\" ><div id=\"pgc-w61d57843ba2aa-1-0\"  class=\"panel-grid-cell\" ><div id=\"panel-w61d57843ba2aa-1-0-0\" class=\"so-panel widget widget_encart-text-img-link panel-first-child panel-last-child\" data-index=\"1\" ><div\n\t\t\t\n\t\t\tclass=\"so-widget-encart-text-img-link so-widget-encart-text-img-link-base\"\n\t\t\t\n\t\t><div class=\"etil-block-container\">\n    <a href=\"https:\/\/www.prieure-ronsard.fr\/en\/visiting\/useful-information\/prices\/\" class=\"etil-block-link\" title=\"\">\t<img decoding=\"async\" class=\"etil-img\" src=\"https:\/\/www.prieure-ronsard.fr\/wp-content\/uploads\/2021\/10\/Prieure_St_Cosme_stevens_Fre\u0301mont_BD-21_horaires.jpg-carre\u0301.jpg\" alt=\"\" \/>\n        <div class=\"etil-block-text\">\n            <p style=\"text-align: center\"><img loading=\"lazy\" decoding=\"async\" class=\"alignnone size-full wp-image-17018\" src=\"https:\/\/www.prieure-ronsard.fr\/wp-content\/uploads\/2021\/07\/tickets.png\" alt=\"\" width=\"73\" height=\"64\" \/><\/p>\n<p style=\"text-align: center\">Prices<\/p>\n        <\/div>\n    <\/a>        \n<\/div>\n<\/div><\/div><\/div><div id=\"pgc-w61d57843ba2aa-1-1\"  class=\"panel-grid-cell\" ><div id=\"panel-w61d57843ba2aa-1-1-0\" class=\"so-panel widget widget_encart-text-img-link panel-first-child panel-last-child\" data-index=\"2\" ><div\n\t\t\t\n\t\t\tclass=\"so-widget-encart-text-img-link so-widget-encart-text-img-link-base\"\n\t\t\t\n\t\t><div class=\"etil-block-container\">\n    <a href=\"https:\/\/www.prieure-ronsard.fr\/en\/visiting\/visit-offer\/\" class=\"etil-block-link\" title=\"\">\t<img decoding=\"async\" class=\"etil-img\" src=\"https:\/\/www.prieure-ronsard.fr\/wp-content\/uploads\/2021\/09\/Groupe-de-masques-28.jpg\" alt=\"\" \/>\n        <div class=\"etil-block-text\">\n            <p style=\"text-align: center\"><img loading=\"lazy\" decoding=\"async\" class=\"alignnone size-full wp-image-17014\" src=\"https:\/\/www.prieure-ronsard.fr\/wp-content\/uploads\/2021\/07\/Groupe-7292.png\" alt=\"\" width=\"70\" height=\"78\" \/><\/p>\n<p style=\"text-align: center\">Visits<\/p>\n        <\/div>\n    <\/a>        \n<\/div>\n<\/div><\/div><\/div><div id=\"pgc-w61d57843ba2aa-1-2\"  class=\"panel-grid-cell\" ><div id=\"panel-w61d57843ba2aa-1-2-0\" class=\"so-panel widget widget_encart-text-img-link panel-first-child panel-last-child\" data-index=\"3\" ><div\n\t\t\t\n\t\t\tclass=\"so-widget-encart-text-img-link so-widget-encart-text-img-link-base\"\n\t\t\t\n\t\t><div class=\"etil-block-container\">\n    <a href=\"https:\/\/www.prieure-ronsard.fr\/en\/visiting\/visitor-aera\/\" class=\"etil-block-link\" title=\"\">\t<img decoding=\"async\" class=\"etil-img\" src=\"https:\/\/www.prieure-ronsard.fr\/wp-content\/uploads\/2021\/09\/Groupe-de-masques-30.jpg\" alt=\"\" \/>\n        <div class=\"etil-block-text\">\n            <p style=\"text-align: center\"><img loading=\"lazy\" decoding=\"async\" class=\"alignnone size-full wp-image-17016\" src=\"https:\/\/www.prieure-ronsard.fr\/wp-content\/uploads\/2021\/07\/location.png\" alt=\"\" width=\"78\" height=\"78\" \/><\/p>\n<p style=\"text-align: center\">Visitor area<\/p>\n        <\/div>\n    <\/a>        \n<\/div>\n<\/div><\/div><\/div><\/div><\/div><\/div><\/div><\/div><\/div><\/div><div id=\"pg-19062-4\"  class=\"panel-grid panel-has-style\" ><div class=\"image_gauche siteorigin-panels-stretch panel-row-style panel-row-style-for-19062-4\" data-stretch-type=\"full\" ><div id=\"pgc-19062-4-0\"  class=\"panel-grid-cell\" ><div id=\"panel-19062-4-0-0\" class=\"so-panel widget widget_sow-editor panel-first-child panel-last-child\" data-index=\"5\" ><div\n\t\t\t\n\t\t\tclass=\"so-widget-sow-editor so-widget-sow-editor-base\"\n\t\t\t\n\t\t>\n<div class=\"siteorigin-widget-tinymce textwidget\">\n\t<p><img loading=\"lazy\" decoding=\"async\" class=\"alignnone size-full wp-image-17419\" src=\"https:\/\/www.prieure-ronsard.fr\/wp-content\/uploads\/2021\/09\/Groupe-de-masques-37.jpg\" alt=\"\" width=\"480\" height=\"616\" srcset=\"https:\/\/www.prieure-ronsard.fr\/wp-content\/uploads\/2021\/09\/Groupe-de-masques-37.jpg 480w, https:\/\/www.prieure-ronsard.fr\/wp-content\/uploads\/2021\/09\/Groupe-de-masques-37-234x300.jpg 234w\" sizes=\"auto, (max-width: 480px) 100vw, 480px\" \/><\/p>\n<\/div>\n<\/div><\/div><\/div><div id=\"pgc-19062-4-1\"  class=\"panel-grid-cell\" ><div id=\"panel-19062-4-1-0\" class=\"so-panel widget widget_sow-editor panel-first-child panel-last-child\" data-index=\"6\" ><div class=\"panel-widget-style panel-widget-style-for-19062-4-1-0\" ><div\n\t\t\t\n\t\t\tclass=\"so-widget-sow-editor so-widget-sow-editor-base\"\n\t\t\t\n\t\t>\n<div class=\"siteorigin-widget-tinymce textwidget\">\n\t<div class=\"sous_titre_rouge\">THE PRIORY, RONSARD'S HOUSE<\/div>\n<p>&nbsp;<\/p>\n<h2>Pierre de Ronsard, poet of Princes et <span style=\"color: #ec5c4e;\">prince of Poets<\/span><\/h2>\n<p>Prieur\u00e9 Saint Cosme is also known as Ronsard's house as he was the resident prior here from 1565 to 1585. The poet passed away here and is buried in the old church. New grounds and an interactive exploratory trail showcase the historical, spiritual and poetic aspects of his life.<\/p>\n<div><\/div>\n<div><\/div>\n<div class=\"btn_noir\"><a href=\"https:\/\/www.prieure-ronsard.fr\/explorer\/ronsard-et-la-poesie\/\">DISCOVEr<\/a><\/div>\n<div><\/div>\n<div><\/div>\n<\/div>\n<\/div><\/div><\/div><\/div><\/div><\/div><div id=\"pg-19062-5\"  class=\"panel-grid panel-has-style\" ><div class=\"texte_blanc siteorigin-panels-stretch panel-row-style panel-row-style-for-19062-5\" data-stretch-type=\"full-stretched\" ><div id=\"pgc-19062-5-0\"  class=\"panel-grid-cell\" ><div id=\"panel-19062-5-0-0\" class=\"so-panel widget widget_encart-text-img-link panel-first-child panel-last-child\" data-index=\"7\" ><div class=\"bloc_collection_lys animation_gauche_droite panel-widget-style panel-widget-style-for-19062-5-0-0\" ><div\n\t\t\t\n\t\t\tclass=\"so-widget-encart-text-img-link so-widget-encart-text-img-link-base\"\n\t\t\t\n\t\t><div class=\"etil-block-container\">\n    <a href=\"https:\/\/www.prieure-ronsard.fr\/visite\/espaces-visiter\/jardins\/\" class=\"etil-block-link\" title=\"\">\t<img decoding=\"async\" class=\"etil-img\" src=\"https:\/\/www.prieure-ronsard.fr\/wp-content\/uploads\/2021\/09\/Groupe-de-masques-26222.jpg\" alt=\"\" \/>\n        <div class=\"etil-block-text\">\n            <h3 style=\"text-align: center\">Gardens<\/h3>\n<p style=\"text-align: center\">12 gardens to discover the priory in it's originel environnemental context<\/p>\n&nbsp;\n<div class=\"btn_bordure_grise\" style=\"text-align: center\">More informations<\/div>        <\/div>\n    <\/a>        \n<\/div>\n<\/div><\/div><\/div><\/div><div id=\"pgc-19062-5-1\"  class=\"panel-grid-cell\" ><div id=\"panel-19062-5-1-0\" class=\"so-panel widget widget_encart-text-img-link panel-first-child panel-last-child\" data-index=\"8\" ><div class=\"bloc_collection_lys animation_droite_gauche panel-widget-style panel-widget-style-for-19062-5-1-0\" ><div\n\t\t\t\n\t\t\tclass=\"so-widget-encart-text-img-link so-widget-encart-text-img-link-base\"\n\t\t\t\n\t\t><div class=\"etil-block-container\">\n    <a href=\"https:\/\/www.prieure-ronsard.fr\/explorer\/les-collections\/\" class=\"etil-block-link\" title=\"\">\t<img decoding=\"async\" class=\"etil-img\" src=\"https:\/\/www.prieure-ronsard.fr\/wp-content\/uploads\/2021\/09\/Groupe-de-masques-38.jpg\" alt=\"\" \/>\n        <div class=\"etil-block-text\">\n            <h3 style=\"text-align: center\">Poetry<\/h3>\n<p style=\"text-align: center\">Little artist books handwritten by a poet to mirror the work of an artistic friend<\/p>\n<p>&nbsp;<\/p>\n<div class=\"btn_bordure_grise\" style=\"text-align: center\">More informations<\/div>\n        <\/div>\n    <\/a>        \n<\/div>\n<\/div><\/div><\/div><\/div><div id=\"pgc-19062-5-2\"  class=\"panel-grid-cell\" ><div id=\"panel-19062-5-2-0\" class=\"so-panel widget widget_encart-text-img-link panel-first-child panel-last-child\" data-index=\"9\" ><div class=\"bloc_collection_lys animation_droite_gauche panel-widget-style panel-widget-style-for-19062-5-2-0\" ><div\n\t\t\t\n\t\t\tclass=\"so-widget-encart-text-img-link so-widget-encart-text-img-link-base\"\n\t\t\t\n\t\t><div class=\"etil-block-container\">\n    <a href=\"https:\/\/www.prieure-ronsard.fr\/explorer\/creation-contemporaine\/vitraux-zao-wou-ki\/\" class=\"etil-block-link\" title=\"\">\t<img decoding=\"async\" class=\"etil-img\" src=\"https:\/\/www.prieure-ronsard.fr\/wp-content\/uploads\/2021\/09\/Groupe-de-masques-26.jpg\" alt=\"\" \/>\n        <div class=\"etil-block-text\">\n            <h3 style=\"text-align: center\">Stained glass windows<\/h3>\n<p style=\"text-align: center\">Discover Fourteen original \"stained glass windows\" by the great Zao Wou-Ki in the priory's refectory windows<\/p>\n&nbsp;\n<div class=\"btn_bordure_grise\" style=\"text-align: center\">More informations<\/div>        <\/div>\n    <\/a>        \n<\/div>\n<\/div><\/div><\/div><\/div><\/div><\/div><div id=\"pg-19062-6\"  class=\"panel-grid panel-has-style\" ><div class=\"bloc_evenement_animation panel-row-style panel-row-style-for-19062-6\" ><div id=\"pgc-19062-6-0\"  class=\"panel-grid-cell\" ><div id=\"panel-19062-6-0-0\" class=\"so-panel widget widget_sow-editor panel-first-child panel-last-child\" data-index=\"10\" ><div\n\t\t\t\n\t\t\tclass=\"so-widget-sow-editor so-widget-sow-editor-base\"\n\t\t\t\n\t\t>\n<div class=\"siteorigin-widget-tinymce textwidget\">\n\t<div class=\"h2_puce\" style=\"text-align: left;\"><img loading=\"lazy\" decoding=\"async\" class=\"size-full wp-image-17393 alignleft\" src=\"https:\/\/www.prieure-ronsard.fr\/wp-content\/uploads\/2021\/09\/Trace-6257.jpg\" alt=\"\" width=\"18\" height=\"58\" \/>The Priory Saint Cosme's blog<\/div>\n<\/div>\n<\/div><\/div><\/div><div id=\"pgc-19062-6-1\"  class=\"panel-grid-cell\" ><div id=\"panel-19062-6-1-0\" class=\"so-panel widget widget_sow-editor panel-first-child panel-last-child\" data-index=\"11\" ><div\n\t\t\t\n\t\t\tclass=\"so-widget-sow-editor so-widget-sow-editor-base\"\n\t\t\t\n\t\t>\n<div class=\"siteorigin-widget-tinymce textwidget\">\n\t<div class=\"fleche_devant\"><a href=\"https:\/\/www.prieure-ronsard.fr\/en\/tous\/\">All articles<\/a><\/div>\n<\/div>\n<\/div><\/div><\/div><\/div><\/div><div id=\"pg-19062-7\"  class=\"panel-grid panel-no-style\" ><div id=\"pgc-19062-7-0\"  class=\"panel-grid-cell\" ><!-- not cached-nc_news-widget --><div id=\"panel-19062-7-0-0\" class=\"so-panel widget widget_netconcept_news net-concept-news panel-first-child panel-last-child bloc-diaporama_solution\" data-index=\"12\" ><div class=\"widget-title\">all<\/div><\/div><!-- \/not cached-nc_news-widget --><\/div><\/div><\/div>","protected":false},"excerpt":{"rendered":"<p>Welcome to Priory Saint Cosme &#8211; Ronsard&#8217;s house THE PRIORY, A MONUMENT LIKE NO OTHER &#8220;Heaven on earth&#8221; open all year outside Tours Prieur\u00e9 Saint-Cosme always strikes a chord! [&hellip;]<\/p>\n","protected":false},"author":10,"featured_media":0,"parent":0,"menu_order":81,"comment_status":"closed","ping_status":"closed","template":"front-page.php","meta":{"inline_featured_image":false,"footnotes":"","beyondwords_generate_audio":"0","beyondwords_project_id":"","beyondwords_content_id":"","beyondwords_preview_token":"","beyondwords_player_style":"","beyondwords_language_id":"","beyondwords_title_voice_id":"","beyondwords_body_voice_id":"","beyondwords_summary_voice_id":"","beyondwords_error_message":"","beyondwords_disabled":"","beyondwords_delete_content":"","beyondwords_podcast_id":"","beyondwords_hash":"","publish_post_to_speechkit":"0","speechkit_hash":"","speechkit_generate_audio":"0","speechkit_project_id":"","speechkit_podcast_id":"","speechkit_error_message":"","speechkit_disabled":"","speechkit_access_key":"","speechkit_error":"","speechkit_info":"","speechkit_response":"","speechkit_retries":"","speechkit_status":"","speechkit_updated_at":"","_speechkit_link":"","_speechkit_text":"fe0a03cf4b39b0306d02d969fa0bddee"},"class_list":["post-19062","page","type-page","status-publish","hentry"],"yoast_head":"<!-- This site is optimized with the Yoast SEO plugin v27.5 - https:\/\/yoast.com\/product\/yoast-seo-wordpress\/ -->\n<title>Welcome to Prieur\u00e9 Saint Cosme - Demeure de Ronsard<\/title>\n<meta name=\"description\" content=\"Poetry and lifestyle in a peaceful and unspoilt setting\" \/>\n<meta name=\"robots\" content=\"index, follow, max-snippet:-1, max-image-preview:large, max-video-preview:-1\" \/>\n<link rel=\"canonical\" href=\"https:\/\/www.prieure-ronsard.fr\/en\/\" \/>\n<meta name=\"twitter:label1\" content=\"Est. reading time\" \/>\n\t<meta name=\"twitter:data1\" content=\"2 minutes\" \/>\n<script type=\"application\/ld+json\" class=\"yoast-schema-graph\">{\"@context\":\"https:\\\/\\\/schema.org\",\"@graph\":[{\"@type\":\"WebPage\",\"@id\":\"https:\\\/\\\/www.prieure-ronsard.fr\\\/en\\\/\",\"url\":\"https:\\\/\\\/www.prieure-ronsard.fr\\\/en\\\/\",\"name\":\"Welcome to Prieur\u00e9 Saint Cosme - Demeure de Ronsard\",\"isPartOf\":{\"@id\":\"https:\\\/\\\/www.prieure-ronsard.fr\\\/#website\"},\"primaryImageOfPage\":{\"@id\":\"https:\\\/\\\/www.prieure-ronsard.fr\\\/en\\\/#primaryimage\"},\"image\":{\"@id\":\"https:\\\/\\\/www.prieure-ronsard.fr\\\/en\\\/#primaryimage\"},\"thumbnailUrl\":\"https:\\\/\\\/www.prieure-ronsard.fr\\\/wp-content\\\/uploads\\\/2021\\\/09\\\/Trace-6257.jpg\",\"datePublished\":\"2016-03-07T15:52:36+00:00\",\"dateModified\":\"2022-01-20T17:03:28+00:00\",\"description\":\"Poetry and lifestyle in a peaceful and unspoilt setting\",\"breadcrumb\":{\"@id\":\"https:\\\/\\\/www.prieure-ronsard.fr\\\/en\\\/#breadcrumb\"},\"inLanguage\":\"en-US\",\"potentialAction\":[{\"@type\":\"ReadAction\",\"target\":[\"https:\\\/\\\/www.prieure-ronsard.fr\\\/en\\\/\"]}]},{\"@type\":\"ImageObject\",\"inLanguage\":\"en-US\",\"@id\":\"https:\\\/\\\/www.prieure-ronsard.fr\\\/en\\\/#primaryimage\",\"url\":\"https:\\\/\\\/www.prieure-ronsard.fr\\\/wp-content\\\/uploads\\\/2021\\\/09\\\/Trace-6257.jpg\",\"contentUrl\":\"https:\\\/\\\/www.prieure-ronsard.fr\\\/wp-content\\\/uploads\\\/2021\\\/09\\\/Trace-6257.jpg\"},{\"@type\":\"BreadcrumbList\",\"@id\":\"https:\\\/\\\/www.prieure-ronsard.fr\\\/en\\\/#breadcrumb\",\"itemListElement\":[{\"@type\":\"ListItem\",\"position\":1,\"name\":\"Accueil\",\"item\":\"https:\\\/\\\/www.prieure-ronsard.fr\\\/en\\\/\"},{\"@type\":\"ListItem\",\"position\":2,\"name\":\"Home\"}]},{\"@type\":\"WebSite\",\"@id\":\"https:\\\/\\\/www.prieure-ronsard.fr\\\/#website\",\"url\":\"https:\\\/\\\/www.prieure-ronsard.fr\\\/\",\"name\":\"Prieur\u00e9 saint Cosme - Demeure de Ronsard\",\"description\":\"La po\u00e9sie, un art \u00e0 vivre\",\"potentialAction\":[{\"@type\":\"SearchAction\",\"target\":{\"@type\":\"EntryPoint\",\"urlTemplate\":\"https:\\\/\\\/www.prieure-ronsard.fr\\\/?s={search_term_string}\"},\"query-input\":{\"@type\":\"PropertyValueSpecification\",\"valueRequired\":true,\"valueName\":\"search_term_string\"}}],\"inLanguage\":\"en-US\"}]}<\/script>\n<!-- \/ Yoast SEO plugin. -->","yoast_head_json":{"title":"Welcome to Prieur\u00e9 Saint Cosme - Demeure de Ronsard","description":"Poetry and lifestyle in a peaceful and unspoilt setting","robots":{"index":"index","follow":"follow","max-snippet":"max-snippet:-1","max-image-preview":"max-image-preview:large","max-video-preview":"max-video-preview:-1"},"canonical":"https:\/\/www.prieure-ronsard.fr\/en\/","twitter_misc":{"Est. reading time":"2 minutes"},"schema":{"@context":"https:\/\/schema.org","@graph":[{"@type":"WebPage","@id":"https:\/\/www.prieure-ronsard.fr\/en\/","url":"https:\/\/www.prieure-ronsard.fr\/en\/","name":"Welcome to Prieur\u00e9 Saint Cosme - Demeure de Ronsard","isPartOf":{"@id":"https:\/\/www.prieure-ronsard.fr\/#website"},"primaryImageOfPage":{"@id":"https:\/\/www.prieure-ronsard.fr\/en\/#primaryimage"},"image":{"@id":"https:\/\/www.prieure-ronsard.fr\/en\/#primaryimage"},"thumbnailUrl":"https:\/\/www.prieure-ronsard.fr\/wp-content\/uploads\/2021\/09\/Trace-6257.jpg","datePublished":"2016-03-07T15:52:36+00:00","dateModified":"2022-01-20T17:03:28+00:00","description":"Poetry and lifestyle in a peaceful and unspoilt setting","breadcrumb":{"@id":"https:\/\/www.prieure-ronsard.fr\/en\/#breadcrumb"},"inLanguage":"en-US","potentialAction":[{"@type":"ReadAction","target":["https:\/\/www.prieure-ronsard.fr\/en\/"]}]},{"@type":"ImageObject","inLanguage":"en-US","@id":"https:\/\/www.prieure-ronsard.fr\/en\/#primaryimage","url":"https:\/\/www.prieure-ronsard.fr\/wp-content\/uploads\/2021\/09\/Trace-6257.jpg","contentUrl":"https:\/\/www.prieure-ronsard.fr\/wp-content\/uploads\/2021\/09\/Trace-6257.jpg"},{"@type":"BreadcrumbList","@id":"https:\/\/www.prieure-ronsard.fr\/en\/#breadcrumb","itemListElement":[{"@type":"ListItem","position":1,"name":"Accueil","item":"https:\/\/www.prieure-ronsard.fr\/en\/"},{"@type":"ListItem","position":2,"name":"Home"}]},{"@type":"WebSite","@id":"https:\/\/www.prieure-ronsard.fr\/#website","url":"https:\/\/www.prieure-ronsard.fr\/","name":"Prieur\u00e9 saint Cosme - Demeure de Ronsard","description":"La po\u00e9sie, un art \u00e0 vivre","potentialAction":[{"@type":"SearchAction","target":{"@type":"EntryPoint","urlTemplate":"https:\/\/www.prieure-ronsard.fr\/?s={search_term_string}"},"query-input":{"@type":"PropertyValueSpecification","valueRequired":true,"valueName":"search_term_string"}}],"inLanguage":"en-US"}]}},"_links":{"self":[{"href":"https:\/\/www.prieure-ronsard.fr\/en\/wp-json\/wp\/v2\/pages\/19062","targetHints":{"allow":["GET"]}}],"collection":[{"href":"https:\/\/www.prieure-ronsard.fr\/en\/wp-json\/wp\/v2\/pages"}],"about":[{"href":"https:\/\/www.prieure-ronsard.fr\/en\/wp-json\/wp\/v2\/types\/page"}],"author":[{"embeddable":true,"href":"https:\/\/www.prieure-ronsard.fr\/en\/wp-json\/wp\/v2\/users\/10"}],"replies":[{"embeddable":true,"href":"https:\/\/www.prieure-ronsard.fr\/en\/wp-json\/wp\/v2\/comments?post=19062"}],"version-history":[{"count":6,"href":"https:\/\/www.prieure-ronsard.fr\/en\/wp-json\/wp\/v2\/pages\/19062\/revisions"}],"predecessor-version":[{"id":19360,"href":"https:\/\/www.prieure-ronsard.fr\/en\/wp-json\/wp\/v2\/pages\/19062\/revisions\/19360"}],"wp:attachment":[{"href":"https:\/\/www.prieure-ronsard.fr\/en\/wp-json\/wp\/v2\/media?parent=19062"}],"curies":[{"name":"wp","href":"https:\/\/api.w.org\/{rel}","templated":true}]}}